{"id":109,"date":"2024-09-24T13:50:10","date_gmt":"2024-09-24T11:50:10","guid":{"rendered":"https:\/\/calsa.instawp.link\/?page_id=109"},"modified":"2024-09-25T15:10:22","modified_gmt":"2024-09-25T13:10:22","slug":"condiciones-de-venta","status":"publish","type":"page","link":"https:\/\/calsa.be\/es\/verkoopsvoorwaarden\/","title":{"rendered":"Condiciones de venta"},"content":{"rendered":"<div data-elementor-type=\"wp-page\" data-elementor-id=\"109\" class=\"elementor elementor-109\" data-elementor-post-type=\"page\">\n\t\t\t\t<div class=\"elementor-element elementor-element-e014158 e-flex e-con-boxed e-con e-parent\" data-id=\"e014158\" data-element_type=\"container\" data-e-type=\"container\" data-settings=\"{&quot;background_background&quot;:&quot;classic&quot;}\">\n\t\t\t\t\t<div class=\"e-con-inner\">\n\t\t\t\t<div class=\"elementor-element elementor-element-97ad3b6 elementor-widget elementor-widget-heading\" data-id=\"97ad3b6\" data-element_type=\"widget\" data-e-type=\"widget\" data-widget_type=\"heading.default\">\n\t\t\t\t<div class=\"elementor-widget-container\">\n\t\t\t\t\t<h1 class=\"elementor-heading-title elementor-size-default\">Condiciones de venta<\/h1>\t\t\t\t<\/div>\n\t\t\t\t<\/div>\n\t\t\t\t\t<\/div>\n\t\t\t\t<\/div>\n\t\t<div class=\"elementor-element elementor-element-ed16933 e-flex e-con-boxed e-con e-parent\" data-id=\"ed16933\" data-element_type=\"container\" data-e-type=\"container\">\n\t\t\t\t\t<div class=\"e-con-inner\">\n\t\t\t\t<div class=\"elementor-element elementor-element-7a8cb99 elementor-widget elementor-widget-text-editor\" data-id=\"7a8cb99\" data-element_type=\"widget\" data-e-type=\"widget\" data-widget_type=\"text-editor.default\">\n\t\t\t\t<div class=\"elementor-widget-container\">\n\t\t\t\t\t\t\t\t\t<p><strong>Condiciones generales de venta.<\/strong><\/p><ol><li>Para conectar nuestra empresa, cada pedido debe ser confirmado en nuestras oficinas.<\/li><li>Tomamos las medidas necesarias para cumplir los plazos de entrega y no aceptamos penalizaciones por retraso<\/li><li>El retraso en la entrega no podr\u00e1 dar lugar en ning\u00fan caso a la anulaci\u00f3n del pedido.<\/li><li>Las mercanc\u00edas viajan por cuenta y riesgo del destinatario.<\/li><li>Toda reclamaci\u00f3n, para ser v\u00e1lida, debe presentarse a nuestra empresa por escrito y a m\u00e1s tardar en los 5 d\u00edas siguientes a la recepci\u00f3n de la mercanc\u00eda.<\/li><li>Todas las facturas son pagaderas en BE 8850 - ARDOOIE<\/li><li>Salvo disposici\u00f3n en contrario, nuestros agentes o representantes no podr\u00e1n cobrar el importe de la factura.<\/li><li>El riesgo de tipo de cambio corre a cargo del comprador.<\/li><li>Salvo que se estipule lo contrario por escrito, nuestras facturas son pagaderas 30 d\u00edas despu\u00e9s de la fecha de facturaci\u00f3n.<\/li><li>Cualquier cantidad que permanezca impagada en su fecha de vencimiento devengar\u00e1 autom\u00e1ticamente y sin previo aviso intereses calculados sobre la base del tipo de inter\u00e9s legal belga m\u00e1s 2%, con un tipo de inter\u00e9s m\u00ednimo de 12%.<\/li><li>En caso de impago en la fecha de vencimiento, nos reservamos el derecho de aumentar el importe de la factura en 10%, con un m\u00ednimo de 50 euros en concepto de cl\u00e1usula penal global e irreducible.<\/li><li>El impago en la fecha de vencimiento de una sola factura hace inmediatamente exigible por ministerio de la ley el saldo vencido de todas las dem\u00e1s facturas, incluso de las no vencidas.<\/li><li>Si el comprador incumple sus obligaciones, la venta podr\u00e1 anularse ipso iure y sin preaviso, sin perjuicio de nuestros derechos a todos los da\u00f1os e intereses. La expresi\u00f3n de nuestra voluntad por carta certificada bastar\u00e1 a tal efecto.<\/li><li>Si nuestra confianza en la solvencia del comprador se ve mermada por actos de ejecuci\u00f3n judicial contra el comprador y\/u otros hechos demostrables, que pongan en tela de juicio y\/o hagan imposible nuestra confianza en la correcta ejecuci\u00f3n de los compromisos contra\u00eddos por el comprador, nos reservamos el derecho, incluso si la mercanc\u00eda ya ha sido enviada total o parcialmente, de suspender total o parcialmente el pedido y de exigir garant\u00edas adecuadas al comprador. Si el comprador se niega a cumplir, nos reservamos el derecho de anular total o parcialmente el pedido. Todo ello sin perjuicio de nuestros derechos a todos los da\u00f1os e intereses.<\/li><li><strong>PROPIEDAD - La mercanc\u00eda sigue siendo de nuestra propiedad hasta el pago \u00edntegro del precio. Todos los riesgos corren a cargo del comprador. Los anticipos pagados permanecen adquiridos por nosotros como compensaci\u00f3n por posibles p\u00e9rdidas en la reventa.<\/strong><\/li><li>En caso de que el comprador procese \u00e9l mismo la mercanc\u00eda que nos pertenece y la revenda, nos transferir\u00e1 en adelante mediante prenda todas las reclamaciones derivadas de esta reventa.<\/li><li>El libramiento y\/o aceptaci\u00f3n de letras de cambio u otros documentos negociables no constituye una desviaci\u00f3n de las condiciones de venta.<\/li><li>En caso de litigio, los tribunales de Brujas o los tribunales del domicilio del comprador, a nuestra elecci\u00f3n, ser\u00e1n los \u00fanicos competentes.<\/li><\/ol>\t\t\t\t\t\t\t\t<\/div>\n\t\t\t\t<\/div>\n\t\t\t\t\t<\/div>\n\t\t\t\t<\/div>\n\t\t\t\t<\/div>","protected":false},"excerpt":{"rendered":"<p>Verkoops-voorwaarden Algemene Verkoopsvoorwaarden. Om onze firma te verbinden, moet iedere bestelling in onze burelen bevestigd worden. Wij nemen de nodige maatregelen om de leveringstermijnen te eerbiedigen en nemen geen vertragingspenaliteiten aan De vertraging in de levering kan in geen geval aanleiding geven tot annulatie van de bestelling. De goederen reizen op gevaar en voor risico [&hellip;]<\/p>\n","protected":false},"author":4,"featured_media":0,"parent":0,"menu_order":0,"comment_status":"closed","ping_status":"closed","template":"","meta":{"_seopress_robots_primary_cat":"","_seopress_titles_title":"","_seopress_titles_desc":"","_seopress_robots_index":"","iawp_total_views":144,"footnotes":""},"class_list":["post-109","page","type-page","status-publish","hentry"],"_links":{"self":[{"href":"https:\/\/calsa.be\/es\/wp-json\/wp\/v2\/pages\/109","targetHints":{"allow":["GET"]}}],"collection":[{"href":"https:\/\/calsa.be\/es\/wp-json\/wp\/v2\/pages"}],"about":[{"href":"https:\/\/calsa.be\/es\/wp-json\/wp\/v2\/types\/page"}],"author":[{"embeddable":true,"href":"https:\/\/calsa.be\/es\/wp-json\/wp\/v2\/users\/4"}],"replies":[{"embeddable":true,"href":"https:\/\/calsa.be\/es\/wp-json\/wp\/v2\/comments?post=109"}],"version-history":[{"count":16,"href":"https:\/\/calsa.be\/es\/wp-json\/wp\/v2\/pages\/109\/revisions"}],"predecessor-version":[{"id":585,"href":"https:\/\/calsa.be\/es\/wp-json\/wp\/v2\/pages\/109\/revisions\/585"}],"wp:attachment":[{"href":"https:\/\/calsa.be\/es\/wp-json\/wp\/v2\/media?parent=109"}],"curies":[{"name":"wp","href":"https:\/\/api.w.org\/{rel}","templated":true}]}}