{"id":111,"date":"2024-09-24T13:50:26","date_gmt":"2024-09-24T11:50:26","guid":{"rendered":"https:\/\/calsa.instawp.link\/?page_id=111"},"modified":"2024-09-25T09:18:04","modified_gmt":"2024-09-25T07:18:04","slug":"politica-de-privacidad","status":"publish","type":"page","link":"https:\/\/calsa.be\/es\/privacybeleid\/","title":{"rendered":"Pol\u00edtica de privacidad"},"content":{"rendered":"<div data-elementor-type=\"wp-page\" data-elementor-id=\"111\" class=\"elementor elementor-111\" data-elementor-post-type=\"page\">\n\t\t\t\t<div class=\"elementor-element elementor-element-0a081f1 e-flex e-con-boxed e-con e-parent\" data-id=\"0a081f1\" data-element_type=\"container\" data-e-type=\"container\" data-settings=\"{&quot;background_background&quot;:&quot;classic&quot;}\">\n\t\t\t\t\t<div class=\"e-con-inner\">\n\t\t\t\t<div class=\"elementor-element elementor-element-c8b8fc5 elementor-widget elementor-widget-heading\" data-id=\"c8b8fc5\" data-element_type=\"widget\" data-e-type=\"widget\" data-widget_type=\"heading.default\">\n\t\t\t\t<div class=\"elementor-widget-container\">\n\t\t\t\t\t<h1 class=\"elementor-heading-title elementor-size-default\">Pol\u00edtica de privacidad<\/h1>\t\t\t\t<\/div>\n\t\t\t\t<\/div>\n\t\t\t\t\t<\/div>\n\t\t\t\t<\/div>\n\t\t<div class=\"elementor-element elementor-element-ef891be e-flex e-con-boxed e-con e-parent\" data-id=\"ef891be\" data-element_type=\"container\" data-e-type=\"container\">\n\t\t\t\t\t<div class=\"e-con-inner\">\n\t\t\t\t<div class=\"elementor-element elementor-element-6480eab elementor-widget elementor-widget-text-editor\" data-id=\"6480eab\" data-element_type=\"widget\" data-e-type=\"widget\" data-widget_type=\"text-editor.default\">\n\t\t\t\t<div class=\"elementor-widget-container\">\n\t\t\t\t\t\t\t\t\t<p><strong>Cookies<\/strong><br \/>Calsa utiliza cookies para mejorar la experiencia del cliente y hacer que este sitio sea m\u00e1s f\u00e1cil de usar. Al continuar navegando por el sitio de Calsa, acepta el uso de estas cookies.<\/p><p><strong>Declaraci\u00f3n de confidencialidad<\/strong><br \/>La presente declaraci\u00f3n de confidencialidad se aplica a la informaci\u00f3n, incluidos los datos personales (en lo sucesivo, \"Informaci\u00f3n\"), recopilada sobre usted por Calsa, con domicilio social en Roeselaarsestraat 9B - BE 8850 Ardooie. Calsa respeta el C\u00f3digo de Derecho Econ\u00f3mico y la Ley de Protecci\u00f3n de la Intimidad de 8 de diciembre de 1992, en su versi\u00f3n modificada.<br \/>Calsa puede recopilar Informaci\u00f3n sobre usted de varias formas, incluyendo a trav\u00e9s de datos obtenidos directamente de usted, datos almacenados cuando visita nuestro sitio web, cuando utiliza nuestros servicios, ve nuestros anuncios en l\u00ednea o datos que obtenemos sobre usted de otras fuentes, cuando lo permita la ley.<br \/>La informaci\u00f3n puede incluir, entre otras cosas: nombre, direcci\u00f3n de correo electr\u00f3nico, direcci\u00f3n postal, edad, preferencias de uso de productos y\/o comportamiento, datos demogr\u00e1ficos, ...<br \/>Si usted facilita a Calsa informaci\u00f3n de cualquier tipo, siempre autoriza expresamente a Calsa a utilizar dicha informaci\u00f3n con la finalidad de:<br \/>- responder a su consulta y\/o facilitarle la documentaci\u00f3n necesaria;<br \/>- inclusi\u00f3n y tratamiento de sus datos en nuestra base general de datos de clientes;<br \/>- procesar las transacciones que realice en nuestro sitio web y realizar estudios de mercado o encuestas de satisfacci\u00f3n del cliente;<br \/>- realizar actividades de promoci\u00f3n y prospecci\u00f3n mediante marketing directo por correo (electr\u00f3nico) (esto significa que Calsa est\u00e1 autorizada a facilitarle documentaci\u00f3n sobre nuevos productos, servicios y promociones de Calsa y sus clientes).<br \/>Calsa s\u00f3lo comparte esta informaci\u00f3n con sus proveedores directos e indirectos en la medida necesaria para cumplir con su pedido. De este modo, usted autoriza expresamente a Calsa a transmitir la informaci\u00f3n a sus vendedores o proveedores para los fines indicados anteriormente.<br \/>Usted tiene derecho a solicitar una copia de la informaci\u00f3n que Calsa posee sobre usted, as\u00ed como a rectificar, o hacer que se rectifique, cualquier error en la informaci\u00f3n o hacer que se suprima. El consentimiento de Calsa para el uso de la informaci\u00f3n con los fines especificados puede retirarse en cualquier momento. Adem\u00e1s, podr\u00e1 oponerse, previa solicitud y de forma gratuita, al tratamiento previsto de la informaci\u00f3n si dicho tratamiento se lleva a cabo con fines de venta directa.<br \/>Calsa se reserva el derecho de modificar unilateralmente su pol\u00edtica de privacidad en cualquier momento. Calsa no conservar\u00e1 sus datos personales durante m\u00e1s tiempo del necesario.<br \/>Este sitio web utiliza Google Analytics. Google Analytics es un servicio anal\u00edtico de web prestado por Google Inc (\"Google\"). Google utiliza cookies (v\u00e9ase m\u00e1s abajo). La informaci\u00f3n sobre su uso del sitio web, que puede generarse gracias a las cookies, es transferida y almacenada por Google en servidores de Estados Unidos. Google ha adoptado las medidas t\u00e9cnicas y organizativas necesarias para proteger adecuadamente sus datos personales. Por ello, Google ha obtenido el certificado Privacy Shield. El Escudo de Privacidad es el resultado de un tratado celebrado entre la Uni\u00f3n Europea y los Estados Unidos para garantizar que sus datos personales est\u00e1n adecuadamente protegidos conforme a lo dispuesto por la ley dentro de la Uni\u00f3n Europea. Google utiliza esta informaci\u00f3n para hacer un seguimiento de su uso del sitio web, recopilando informes de la actividad del sitio web para operadores de sitios web y prestando otros servicios relacionados con la actividad del sitio web y el uso de Internet.<br \/>Google podr\u00e1 transmitir dicha informaci\u00f3n a terceros cuando as\u00ed se lo requiera la legislaci\u00f3n, o cuando dichos terceros procesen la informaci\u00f3n por cuenta de Google. Google no combinar\u00e1 su direcci\u00f3n IP con otros datos que obren en su poder. Al utilizar este website Usted consiente el tratamiento de informaci\u00f3n acerca de Usted por Google en la forma y para los fines arriba indicados. info (at) calsa.be. Tambi\u00e9n puede utilizar esta direcci\u00f3n de correo electr\u00f3nico para ejercer sus derechos de acceso, rectificaci\u00f3n, supresi\u00f3n, restricci\u00f3n, oposici\u00f3n y portabilidad. Siempre tiene derecho a presentar una reclamaci\u00f3n ante la Comisi\u00f3n de Privacidad competente.<\/p><p><strong>Cookies<\/strong><br \/>Una cookie es un peque\u00f1o archivo que se coloca en su ordenador cuando visita un sitio web y que puede ser comprendido por el sitio web que la emite. Calsa utiliza cookies para observar c\u00f3mo se utiliza su sitio web y ofrecer a los visitantes que vuelven un acceso m\u00e1s personalizado, r\u00e1pido y eficaz.<br \/>Este sitio web tambi\u00e9n utiliza cookies que rastrean qu\u00e9 productos pueden interesarle en funci\u00f3n de las p\u00e1ginas que visita en este sitio web. Bas\u00e1ndonos en estas cookies y utilizando la red publicitaria de Google (Google AdWords, Google Analytics), podemos mostrarle anuncios en otros sitios web de productos y servicios en los que pueda estar interesado. Esta t\u00e9cnica se denomina \"remarketing\". Estas cookies no contienen datos personales. Si no desea recibir publicidad basada en su comportamiento de navegaci\u00f3n y cookies de remarketing, como estas de Google, puede cambiar la configuraci\u00f3n en el Administrador de preferencias de anuncios de Google. Google tambi\u00e9n recomienda instalar el complemento de inhabilitaci\u00f3n para navegadores de Google Analytics.<\/p><p><strong>Descargo de responsabilidad<\/strong><br \/>Aunque Calsa hace todo lo posible por garantizar la exhaustividad, correcci\u00f3n y fiabilidad de los contenidos de su sitio web, no pueden excluirse errores ocasionales y tipogr\u00e1ficos. En ning\u00fan caso Calsa ser\u00e1 responsable de los da\u00f1os o perjuicios, directos o indirectos, que pudieran derivarse del uso de la informaci\u00f3n contenida en su sitio web. De la informaci\u00f3n expuesta no se derivar\u00e1 ning\u00fan derecho, reclamaci\u00f3n, compromiso o garant\u00eda.<br \/>El nombre y logotipo de Calsa, as\u00ed como el resto de textos, fotograf\u00edas, logotipos, im\u00e1genes y marcas incluidos en este sitio web est\u00e1n sujetos a derechos de propiedad intelectual. Son propiedad exclusiva de Calsa y en ning\u00fan caso podr\u00e1n ser reproducidos total o parcialmente de manera alguna sin el consentimiento de Calsa.<\/p><p><strong>Enlaces<\/strong><br \/>Nuestro sitio web puede contener enlaces a otros sitios web. Calsa no es responsable del contenido de esos sitios web, ni de los avisos de privacidad de esas otras partes o sitios web.<\/p><p>E-<strong>correo electr\u00f3nico<\/strong><br \/>Para todas sus preguntas sobre nuestro sitio web, productos y servicios, p\u00f3ngase en contacto con nosotros en la siguiente direcci\u00f3n de correo electr\u00f3nico: info (at) calsa.be.<\/p>\t\t\t\t\t\t\t\t<\/div>\n\t\t\t\t<\/div>\n\t\t\t\t\t<\/div>\n\t\t\t\t<\/div>\n\t\t\t\t<\/div>","protected":false},"excerpt":{"rendered":"<p>Privacybeleid CookiesCalsa gebruikt cookies voor een betere klantenervaring en een gemakkelijker gebruik van deze site. Door verder te surfen op de Calsa site gaat u akkoord met het gebruik van deze cookies. PrivacyverklaringDeze privacyverklaring is van toepassing op informatie, waaronder persoonlijke gegevens (hierna verkort \u201cInformatie\u201d), verzameld over u door Calsa, met maatschappelijke zetel te Roeselaarsestraat [&hellip;]<\/p>\n","protected":false},"author":4,"featured_media":0,"parent":0,"menu_order":0,"comment_status":"closed","ping_status":"closed","template":"","meta":{"_seopress_robots_primary_cat":"","_seopress_titles_title":"","_seopress_titles_desc":"","_seopress_robots_index":"","iawp_total_views":82,"footnotes":""},"class_list":["post-111","page","type-page","status-publish","hentry"],"_links":{"self":[{"href":"https:\/\/calsa.be\/es\/wp-json\/wp\/v2\/pages\/111","targetHints":{"allow":["GET"]}}],"collection":[{"href":"https:\/\/calsa.be\/es\/wp-json\/wp\/v2\/pages"}],"about":[{"href":"https:\/\/calsa.be\/es\/wp-json\/wp\/v2\/types\/page"}],"author":[{"embeddable":true,"href":"https:\/\/calsa.be\/es\/wp-json\/wp\/v2\/users\/4"}],"replies":[{"embeddable":true,"href":"https:\/\/calsa.be\/es\/wp-json\/wp\/v2\/comments?post=111"}],"version-history":[{"count":4,"href":"https:\/\/calsa.be\/es\/wp-json\/wp\/v2\/pages\/111\/revisions"}],"predecessor-version":[{"id":388,"href":"https:\/\/calsa.be\/es\/wp-json\/wp\/v2\/pages\/111\/revisions\/388"}],"wp:attachment":[{"href":"https:\/\/calsa.be\/es\/wp-json\/wp\/v2\/media?parent=111"}],"curies":[{"name":"wp","href":"https:\/\/api.w.org\/{rel}","templated":true}]}}