{"id":15,"date":"2024-09-24T09:15:28","date_gmt":"2024-09-24T07:15:28","guid":{"rendered":"https:\/\/calsa.instawp.link\/?page_id=15"},"modified":"2024-09-25T14:38:47","modified_gmt":"2024-09-25T12:38:47","slug":"cultivadores","status":"publish","type":"page","link":"https:\/\/calsa.be\/es\/telers\/","title":{"rendered":"Productores"},"content":{"rendered":"<div data-elementor-type=\"wp-page\" data-elementor-id=\"15\" class=\"elementor elementor-15\" data-elementor-post-type=\"page\">\n\t\t\t\t<div class=\"elementor-element elementor-element-10e148e e-flex e-con-boxed e-con e-parent\" data-id=\"10e148e\" data-element_type=\"container\" data-e-type=\"container\" data-settings=\"{&quot;background_background&quot;:&quot;classic&quot;}\">\n\t\t\t\t\t<div class=\"e-con-inner\">\n\t\t\t\t<div class=\"elementor-element elementor-element-0d448f4 elementor-widget elementor-widget-heading\" data-id=\"0d448f4\" data-element_type=\"widget\" data-e-type=\"widget\" data-widget_type=\"heading.default\">\n\t\t\t\t<div class=\"elementor-widget-container\">\n\t\t\t\t\t<h1 class=\"elementor-heading-title elementor-size-default\">Centrarse en la sostenibilidad<\/h1>\t\t\t\t<\/div>\n\t\t\t\t<\/div>\n\t\t\t\t<div class=\"elementor-element elementor-element-953c0d1 elementor-widget elementor-widget-text-editor\" data-id=\"953c0d1\" data-element_type=\"widget\" data-e-type=\"widget\" data-widget_type=\"text-editor.default\">\n\t\t\t\t<div class=\"elementor-widget-container\">\n\t\t\t\t\t\t\t\t\t<p>Calsa mira hacia el futuro. Eso significa prestar atenci\u00f3n a la ecolog\u00eda y al anclaje local, pero tambi\u00e9n centrarse en asociaciones s\u00f3lidas. La mayor\u00eda de nuestros cultivadores son proveedores de toda la vida. Y nuestros clientes tambi\u00e9n son honorables.  La transparencia y la confianza son el hilo conductor de nuestra red, a todos los niveles y en todos los contactos.<\/p>\t\t\t\t\t\t\t\t<\/div>\n\t\t\t\t<\/div>\n\t\t\t\t\t<\/div>\n\t\t\t\t<\/div>\n\t\t<div class=\"elementor-element elementor-element-96725c9 e-flex e-con-boxed e-con e-parent\" data-id=\"96725c9\" data-element_type=\"container\" data-e-type=\"container\">\n\t\t\t\t\t<div class=\"e-con-inner\">\n\t\t<div class=\"elementor-element elementor-element-ea67d26 e-con-full e-flex e-con e-child\" data-id=\"ea67d26\" data-element_type=\"container\" data-e-type=\"container\" data-settings=\"{&quot;background_background&quot;:&quot;classic&quot;}\">\n\t\t\t\t<div class=\"elementor-element elementor-element-976ee7d elementor-widget elementor-widget-image\" data-id=\"976ee7d\" data-element_type=\"widget\" data-e-type=\"widget\" data-widget_type=\"image.default\">\n\t\t\t\t<div class=\"elementor-widget-container\">\n\t\t\t\t\t\t\t\t\t\t\t\t\t\t\t<img alt=\"\" fetchpriority=\"high\" decoding=\"async\" width=\"800\" height=\"534\" src=\"https:\/\/calsa.be\/wp-content\/uploads\/2024\/09\/www.footoo.be-8927_LR-1024x683.jpg\" class=\"attachment-large size-large wp-image-394\" srcset=\"https:\/\/calsa.be\/wp-content\/uploads\/2024\/09\/www.footoo.be-8927_LR-1024x683.jpg 1024w, https:\/\/calsa.be\/wp-content\/uploads\/2024\/09\/www.footoo.be-8927_LR-500x334.jpg 500w, https:\/\/calsa.be\/wp-content\/uploads\/2024\/09\/www.footoo.be-8927_LR-768x512.jpg 768w, https:\/\/calsa.be\/wp-content\/uploads\/2024\/09\/www.footoo.be-8927_LR-1536x1025.jpg 1536w, https:\/\/calsa.be\/wp-content\/uploads\/2024\/09\/www.footoo.be-8927_LR.jpg 1770w\" sizes=\"(max-width: 800px) 100vw, 800px\" \/>\t\t\t\t\t\t\t\t\t\t\t\t\t\t\t<\/div>\n\t\t\t\t<\/div>\n\t\t\t\t<\/div>\n\t\t<div class=\"elementor-element elementor-element-d2ad655 e-con-full e-flex e-con e-child\" data-id=\"d2ad655\" data-element_type=\"container\" data-e-type=\"container\">\n\t\t\t\t<div class=\"elementor-element elementor-element-0a01e29 elementor-widget elementor-widget-heading\" data-id=\"0a01e29\" data-element_type=\"widget\" data-e-type=\"widget\" data-widget_type=\"heading.default\">\n\t\t\t\t<div class=\"elementor-widget-container\">\n\t\t\t\t\t<h2 class=\"elementor-heading-title elementor-size-default\">Juntos por un gran producto\n<\/h2>\t\t\t\t<\/div>\n\t\t\t\t<\/div>\n\t\t\t\t<div class=\"elementor-element elementor-element-fd215e4 elementor-widget elementor-widget-text-editor\" data-id=\"fd215e4\" data-element_type=\"widget\" data-e-type=\"widget\" data-widget_type=\"text-editor.default\">\n\t\t\t\t<div class=\"elementor-widget-container\">\n\t\t\t\t\t\t\t\t\t<p>En Calsa, un agricultor es m\u00e1s que un simple proveedor. Es un verdadero socio y comparte la responsabilidad de la calidad del producto final. Para obtener asesoramiento o en caso de problemas, el cultivador puede recurrir a Calsa para que le ayude en el cultivo.<\/p><p>El equipo da consejos y busca activamente soluciones, como el suministro de agua en un periodo de sequ\u00eda. As\u00ed nos reforzamos mutuamente.<\/p>\t\t\t\t\t\t\t\t<\/div>\n\t\t\t\t<\/div>\n\t\t\t\t<\/div>\n\t\t\t\t\t<\/div>\n\t\t\t\t<\/div>\n\t\t<div class=\"elementor-element elementor-element-62dacd9 e-flex e-con-boxed e-con e-parent\" data-id=\"62dacd9\" data-element_type=\"container\" data-e-type=\"container\" data-settings=\"{&quot;background_background&quot;:&quot;classic&quot;}\">\n\t\t\t\t\t<div class=\"e-con-inner\">\n\t\t<div class=\"elementor-element elementor-element-05c53c6 e-con-full e-flex e-con e-child\" data-id=\"05c53c6\" data-element_type=\"container\" data-e-type=\"container\">\n\t\t\t\t<div class=\"elementor-element elementor-element-999117f elementor-widget elementor-widget-heading\" data-id=\"999117f\" data-element_type=\"widget\" data-e-type=\"widget\" data-widget_type=\"heading.default\">\n\t\t\t\t<div class=\"elementor-widget-container\">\n\t\t\t\t\t<h2 class=\"elementor-heading-title elementor-size-default\">Cara que suena en la subasta\n<\/h2>\t\t\t\t<\/div>\n\t\t\t\t<\/div>\n\t\t\t\t<div class=\"elementor-element elementor-element-e6a958f elementor-widget elementor-widget-text-editor\" data-id=\"e6a958f\" data-element_type=\"widget\" data-e-type=\"widget\" data-widget_type=\"text-editor.default\">\n\t\t\t\t<div class=\"elementor-widget-container\">\n\t\t\t\t\t\t\t\t\t<p>Tanto para el cultivo en invernadero como para las hortalizas de campo, Calsa est\u00e1 cerca de la fuente. El suministro de los cultivadores habituales se complementa diariamente con compras en las subastas belgas.<\/p><p>Los compa\u00f1eros tienen all\u00ed sus contactos habituales y son bienvenidos. De hecho, como pionera, Calsa ayuda a colocar los productos en el mercado de forma adecuada y ofrece a los cultivadores un buen futuro.<\/p>\t\t\t\t\t\t\t\t<\/div>\n\t\t\t\t<\/div>\n\t\t\t\t<\/div>\n\t\t<div class=\"elementor-element elementor-element-7af8d80 e-con-full e-flex e-con e-child\" data-id=\"7af8d80\" data-element_type=\"container\" data-e-type=\"container\" data-settings=\"{&quot;background_background&quot;:&quot;classic&quot;}\">\n\t\t\t\t<div class=\"elementor-element elementor-element-9c70b20 elementor-widget elementor-widget-image\" data-id=\"9c70b20\" data-element_type=\"widget\" data-e-type=\"widget\" data-widget_type=\"image.default\">\n\t\t\t\t<div class=\"elementor-widget-container\">\n\t\t\t\t\t\t\t\t\t\t\t\t\t\t\t<img alt=\"\" decoding=\"async\" width=\"800\" height=\"534\" src=\"https:\/\/calsa.be\/wp-content\/uploads\/2024\/09\/www.footoo.be-8277_LR-kopie-1024x683.jpg\" class=\"attachment-large size-large wp-image-395\" srcset=\"https:\/\/calsa.be\/wp-content\/uploads\/2024\/09\/www.footoo.be-8277_LR-kopie-1024x683.jpg 1024w, https:\/\/calsa.be\/wp-content\/uploads\/2024\/09\/www.footoo.be-8277_LR-kopie-500x334.jpg 500w, https:\/\/calsa.be\/wp-content\/uploads\/2024\/09\/www.footoo.be-8277_LR-kopie-768x513.jpg 768w, https:\/\/calsa.be\/wp-content\/uploads\/2024\/09\/www.footoo.be-8277_LR-kopie.jpg 1494w\" sizes=\"(max-width: 800px) 100vw, 800px\" \/>\t\t\t\t\t\t\t\t\t\t\t\t\t\t\t<\/div>\n\t\t\t\t<\/div>\n\t\t\t\t<\/div>\n\t\t\t\t\t<\/div>\n\t\t\t\t<\/div>\n\t\t\t\t<\/div>","protected":false},"excerpt":{"rendered":"<p>Focus op duurzaamheid Calsa kijkt vooruit. Dat betekent aandacht voor ecologie en lokale verankering, maar ook de focus op sterke samenwerkingen. Het merendeel van onze telers zijn sinds jaar en dag leverancier. En ook onze klanten zijn honkvast. Transparantie en vertrouwen lopen als rode draad door ons netwerk, op elk niveau en bij elk contact. [&hellip;]<\/p>\n","protected":false},"author":1,"featured_media":0,"parent":0,"menu_order":0,"comment_status":"closed","ping_status":"closed","template":"","meta":{"_seopress_robots_primary_cat":"","_seopress_titles_title":"","_seopress_titles_desc":"","_seopress_robots_index":"","iawp_total_views":1405,"footnotes":""},"class_list":["post-15","page","type-page","status-publish","hentry"],"_links":{"self":[{"href":"https:\/\/calsa.be\/es\/wp-json\/wp\/v2\/pages\/15","targetHints":{"allow":["GET"]}}],"collection":[{"href":"https:\/\/calsa.be\/es\/wp-json\/wp\/v2\/pages"}],"about":[{"href":"https:\/\/calsa.be\/es\/wp-json\/wp\/v2\/types\/page"}],"author":[{"embeddable":true,"href":"https:\/\/calsa.be\/es\/wp-json\/wp\/v2\/users\/1"}],"replies":[{"embeddable":true,"href":"https:\/\/calsa.be\/es\/wp-json\/wp\/v2\/comments?post=15"}],"version-history":[{"count":10,"href":"https:\/\/calsa.be\/es\/wp-json\/wp\/v2\/pages\/15\/revisions"}],"predecessor-version":[{"id":529,"href":"https:\/\/calsa.be\/es\/wp-json\/wp\/v2\/pages\/15\/revisions\/529"}],"wp:attachment":[{"href":"https:\/\/calsa.be\/es\/wp-json\/wp\/v2\/media?parent=15"}],"curies":[{"name":"wp","href":"https:\/\/api.w.org\/{rel}","templated":true}]}}