{"id":23,"date":"2024-09-24T09:16:12","date_gmt":"2024-09-24T07:16:12","guid":{"rendered":"https:\/\/calsa.instawp.link\/?page_id=23"},"modified":"2024-10-29T14:27:53","modified_gmt":"2024-10-29T13:27:53","slug":"nuestra-empresa","status":"publish","type":"page","link":"https:\/\/calsa.be\/es\/ons-bedrijf\/","title":{"rendered":"Nuestra empresa"},"content":{"rendered":"<div data-elementor-type=\"wp-page\" data-elementor-id=\"23\" class=\"elementor elementor-23\" data-elementor-post-type=\"page\">\n\t\t\t\t<div class=\"elementor-element elementor-element-9c8de56 e-flex e-con-boxed e-con e-parent\" data-id=\"9c8de56\" data-element_type=\"container\" data-e-type=\"container\" data-settings=\"{&quot;background_background&quot;:&quot;classic&quot;}\">\n\t\t\t\t\t<div class=\"e-con-inner\">\n\t\t\t\t<div class=\"elementor-element elementor-element-aad56c0 elementor-widget elementor-widget-heading\" data-id=\"aad56c0\" data-element_type=\"widget\" data-e-type=\"widget\" data-widget_type=\"heading.default\">\n\t\t\t\t<div class=\"elementor-widget-container\">\n\t\t\t\t\t<h1 class=\"elementor-heading-title elementor-size-default\">DEL CAMPO AL PLATO<\/h1>\t\t\t\t<\/div>\n\t\t\t\t<\/div>\n\t\t\t\t<div class=\"elementor-element elementor-element-47fc861 elementor-widget elementor-widget-text-editor\" data-id=\"47fc861\" data-element_type=\"widget\" data-e-type=\"widget\" data-widget_type=\"text-editor.default\">\n\t\t\t\t<div class=\"elementor-widget-container\">\n\t\t\t\t\t\t\t\t\t<p>Una empresa familiar de coraz\u00f3n que desahoga por completo a sus clientes. Eso es Calsa. Como renombrado exportador de frutas y hortalizas, el equipo lleva a diario productos frescos por Espa\u00f1a, Francia, el Reino Unido, Italia, Polonia... Incluida la gesti\u00f3n administrativa y el envasado a medida seg\u00fan el destino o la transformaci\u00f3n posterior.<\/p>\t\t\t\t\t\t\t\t<\/div>\n\t\t\t\t<\/div>\n\t\t\t\t\t<\/div>\n\t\t\t\t<\/div>\n\t\t<div class=\"elementor-element elementor-element-035c38a e-flex e-con-boxed e-con e-parent\" data-id=\"035c38a\" data-element_type=\"container\" data-e-type=\"container\">\n\t\t\t\t\t<div class=\"e-con-inner\">\n\t\t<div class=\"elementor-element elementor-element-9701cff e-con-full e-flex e-con e-child\" data-id=\"9701cff\" data-element_type=\"container\" data-e-type=\"container\">\n\t\t\t\t<div class=\"elementor-element elementor-element-6958bc1 elementor-widget elementor-widget-heading\" data-id=\"6958bc1\" data-element_type=\"widget\" data-e-type=\"widget\" data-widget_type=\"heading.default\">\n\t\t\t\t<div class=\"elementor-widget-container\">\n\t\t\t\t\t<h2 class=\"elementor-heading-title elementor-size-default\">Calsa en cifras<\/h2>\t\t\t\t<\/div>\n\t\t\t\t<\/div>\n\t\t\t\t<div class=\"elementor-element elementor-element-1dc915c elementor-widget elementor-widget-text-editor\" data-id=\"1dc915c\" data-element_type=\"widget\" data-e-type=\"widget\" data-widget_type=\"text-editor.default\">\n\t\t\t\t<div class=\"elementor-widget-container\">\n\t\t\t\t\t\t\t\t\t<p>Respaldamos nuestros productos 100%. Un n\u00famero que puede contar. Con programas a medida para nuestros clientes, les ofrecemos exactamente lo que quieren, cuando lo quieren y como lo quieren. Diariamente fresco y con alta calidad garantizada. Hora de las estad\u00edsticas.<\/p>\t\t\t\t\t\t\t\t<\/div>\n\t\t\t\t<\/div>\n\t\t\t\t<\/div>\n\t\t<div class=\"elementor-element elementor-element-9a2bc00 e-con-full e-grid e-con e-child\" data-id=\"9a2bc00\" data-element_type=\"container\" data-e-type=\"container\" data-settings=\"{&quot;background_background&quot;:&quot;classic&quot;}\">\n\t\t\t\t<div class=\"elementor-element elementor-element-b3658f2 elementor-widget__width-initial elementor-position-top elementor-widget elementor-widget-image-box\" data-id=\"b3658f2\" data-element_type=\"widget\" data-e-type=\"widget\" data-widget_type=\"image-box.default\">\n\t\t\t\t<div class=\"elementor-widget-container\">\n\t\t\t\t\t<div class=\"elementor-image-box-wrapper\"><figure class=\"elementor-image-box-img\"><img alt=\"\" decoding=\"async\" width=\"160\" height=\"160\" src=\"https:\/\/calsa.be\/wp-content\/uploads\/2024\/09\/Calsa-bedrijf3.png\" class=\"attachment-full size-full wp-image-173\" srcset=\"https:\/\/calsa.be\/wp-content\/uploads\/2024\/09\/Calsa-bedrijf3.png 160w, https:\/\/calsa.be\/wp-content\/uploads\/2024\/09\/Calsa-bedrijf3-150x150.png 150w\" sizes=\"(max-width: 160px) 100vw, 160px\" \/><\/figure><div class=\"elementor-image-box-content\"><h4 class=\"elementor-image-box-title\">Exportaci\u00f3n a m\u00e1s de 30 pa\u00edses<\/h4><\/div><\/div>\t\t\t\t<\/div>\n\t\t\t\t<\/div>\n\t\t\t\t<div class=\"elementor-element elementor-element-98258cc elementor-position-top elementor-widget elementor-widget-image-box\" data-id=\"98258cc\" data-element_type=\"widget\" data-e-type=\"widget\" data-widget_type=\"image-box.default\">\n\t\t\t\t<div class=\"elementor-widget-container\">\n\t\t\t\t\t<div class=\"elementor-image-box-wrapper\"><figure class=\"elementor-image-box-img\"><img alt=\"\" decoding=\"async\" width=\"160\" height=\"160\" src=\"https:\/\/calsa.be\/wp-content\/uploads\/2024\/09\/Calsa-bedrijf4.png\" class=\"attachment-full size-full wp-image-174\" srcset=\"https:\/\/calsa.be\/wp-content\/uploads\/2024\/09\/Calsa-bedrijf4.png 160w, https:\/\/calsa.be\/wp-content\/uploads\/2024\/09\/Calsa-bedrijf4-150x150.png 150w\" sizes=\"(max-width: 160px) 100vw, 160px\" \/><\/figure><div class=\"elementor-image-box-content\"><h4 class=\"elementor-image-box-title\">75% productos belgas<\/h4><\/div><\/div>\t\t\t\t<\/div>\n\t\t\t\t<\/div>\n\t\t\t\t<div class=\"elementor-element elementor-element-3d302f8 elementor-position-top elementor-widget elementor-widget-image-box\" data-id=\"3d302f8\" data-element_type=\"widget\" data-e-type=\"widget\" data-widget_type=\"image-box.default\">\n\t\t\t\t<div class=\"elementor-widget-container\">\n\t\t\t\t\t<div class=\"elementor-image-box-wrapper\"><figure class=\"elementor-image-box-img\"><img alt=\"\" decoding=\"async\" width=\"160\" height=\"160\" src=\"https:\/\/calsa.be\/wp-content\/uploads\/2024\/09\/Calsa-bedrijf5.png\" class=\"attachment-full size-full wp-image-175\" srcset=\"https:\/\/calsa.be\/wp-content\/uploads\/2024\/09\/Calsa-bedrijf5.png 160w, https:\/\/calsa.be\/wp-content\/uploads\/2024\/09\/Calsa-bedrijf5-150x150.png 150w\" sizes=\"(max-width: 160px) 100vw, 160px\" \/><\/figure><div class=\"elementor-image-box-content\"><h4 class=\"elementor-image-box-title\">48000 toneladas al a\u00f1o<\/h4><\/div><\/div>\t\t\t\t<\/div>\n\t\t\t\t<\/div>\n\t\t\t\t<div class=\"elementor-element elementor-element-36825b5 elementor-position-top elementor-widget elementor-widget-image-box\" data-id=\"36825b5\" data-element_type=\"widget\" data-e-type=\"widget\" data-widget_type=\"image-box.default\">\n\t\t\t\t<div class=\"elementor-widget-container\">\n\t\t\t\t\t<div class=\"elementor-image-box-wrapper\"><figure class=\"elementor-image-box-img\"><img alt=\"\" loading=\"lazy\" decoding=\"async\" width=\"160\" height=\"160\" src=\"https:\/\/calsa.be\/wp-content\/uploads\/2024\/09\/Calsa-bedrijf6.png\" class=\"attachment-full size-full wp-image-176\" srcset=\"https:\/\/calsa.be\/wp-content\/uploads\/2024\/09\/Calsa-bedrijf6.png 160w, https:\/\/calsa.be\/wp-content\/uploads\/2024\/09\/Calsa-bedrijf6-150x150.png 150w\" sizes=\"(max-width: 160px) 100vw, 160px\" \/><\/figure><div class=\"elementor-image-box-content\"><h4 class=\"elementor-image-box-title\">9% carga m\u00e1s eficaz<\/h4><\/div><\/div>\t\t\t\t<\/div>\n\t\t\t\t<\/div>\n\t\t\t\t<\/div>\n\t\t\t\t\t<\/div>\n\t\t\t\t<\/div>\n\t\t<div class=\"elementor-element elementor-element-f308f7b e-flex e-con-boxed e-con e-parent\" data-id=\"f308f7b\" data-element_type=\"container\" data-e-type=\"container\" data-settings=\"{&quot;background_background&quot;:&quot;classic&quot;}\">\n\t\t\t\t\t<div class=\"e-con-inner\">\n\t\t<div class=\"elementor-element elementor-element-8ba5000 e-con-full e-flex e-con e-child\" data-id=\"8ba5000\" data-element_type=\"container\" data-e-type=\"container\" data-settings=\"{&quot;background_background&quot;:&quot;classic&quot;}\">\n\t\t\t\t<div class=\"elementor-element elementor-element-7e879a0 elementor-widget__width-inherit elementor-widget elementor-widget-image\" data-id=\"7e879a0\" data-element_type=\"widget\" data-e-type=\"widget\" data-widget_type=\"image.default\">\n\t\t\t\t<div class=\"elementor-widget-container\">\n\t\t\t\t\t\t\t\t\t\t\t\t\t\t\t<img alt=\"\" loading=\"lazy\" decoding=\"async\" width=\"500\" height=\"700\" src=\"https:\/\/calsa.be\/wp-content\/uploads\/2024\/09\/Calsa-bedrijf1.jpg\" class=\"attachment-large size-large wp-image-171\" srcset=\"https:\/\/calsa.be\/wp-content\/uploads\/2024\/09\/Calsa-bedrijf1.jpg 500w, https:\/\/calsa.be\/wp-content\/uploads\/2024\/09\/Calsa-bedrijf1-357x500.jpg 357w\" sizes=\"(max-width: 500px) 100vw, 500px\" \/>\t\t\t\t\t\t\t\t\t\t\t\t\t\t\t<\/div>\n\t\t\t\t<\/div>\n\t\t\t\t<div class=\"elementor-element elementor-element-de1c045 elementor-widget__width-initial elementor-widget elementor-widget-heading\" data-id=\"de1c045\" data-element_type=\"widget\" data-e-type=\"widget\" data-widget_type=\"heading.default\">\n\t\t\t\t<div class=\"elementor-widget-container\">\n\t\t\t\t\t<h3 class=\"elementor-heading-title elementor-size-default\">21 empleados, 1 equipo<\/h3>\t\t\t\t<\/div>\n\t\t\t\t<\/div>\n\t\t\t\t<div class=\"elementor-element elementor-element-75d273a elementor-widget elementor-widget-text-editor\" data-id=\"75d273a\" data-element_type=\"widget\" data-e-type=\"widget\" data-widget_type=\"text-editor.default\">\n\t\t\t\t<div class=\"elementor-widget-container\">\n\t\t\t\t\t\t\t\t\t<p>No prevalece la cantidad, sino la calidad. Esto tambi\u00e9n se aplica al equipo que hay detr\u00e1s de Calsa. Nuestros 21 empleados son hombres y mujeres de todas las edades. \u00bfQu\u00e9 tienen en com\u00fan?<\/p><p>Son unos cracks en el trabajo. Desde gestores de calidad hasta empleado log\u00edstico poliglota. Hablamos el idioma de nuestros clientes, literal y figuradamente.<\/p>\t\t\t\t\t\t\t\t<\/div>\n\t\t\t\t<\/div>\n\t\t\t\t<\/div>\n\t\t<div class=\"elementor-element elementor-element-e925b48 e-con-full e-flex e-con e-child\" data-id=\"e925b48\" data-element_type=\"container\" data-e-type=\"container\" data-settings=\"{&quot;background_background&quot;:&quot;classic&quot;}\">\n\t\t\t\t<div class=\"elementor-element elementor-element-3e3c8f4 elementor-widget__width-inherit elementor-widget elementor-widget-image\" data-id=\"3e3c8f4\" data-element_type=\"widget\" data-e-type=\"widget\" data-widget_type=\"image.default\">\n\t\t\t\t<div class=\"elementor-widget-container\">\n\t\t\t\t\t\t\t\t\t\t\t\t\t\t\t<img alt=\"\" loading=\"lazy\" decoding=\"async\" width=\"500\" height=\"700\" src=\"https:\/\/calsa.be\/wp-content\/uploads\/2024\/09\/Calsa-bedrijf2.jpg\" class=\"attachment-large size-large wp-image-172\" srcset=\"https:\/\/calsa.be\/wp-content\/uploads\/2024\/09\/Calsa-bedrijf2.jpg 500w, https:\/\/calsa.be\/wp-content\/uploads\/2024\/09\/Calsa-bedrijf2-357x500.jpg 357w\" sizes=\"(max-width: 500px) 100vw, 500px\" \/>\t\t\t\t\t\t\t\t\t\t\t\t\t\t\t<\/div>\n\t\t\t\t<\/div>\n\t\t\t\t<div class=\"elementor-element elementor-element-3a3681d elementor-widget__width-initial elementor-widget elementor-widget-heading\" data-id=\"3a3681d\" data-element_type=\"widget\" data-e-type=\"widget\" data-widget_type=\"heading.default\">\n\t\t\t\t<div class=\"elementor-widget-container\">\n\t\t\t\t\t<h3 class=\"elementor-heading-title elementor-size-default\">3 generaciones con visi\u00f3n<\/h3>\t\t\t\t<\/div>\n\t\t\t\t<\/div>\n\t\t\t\t<div class=\"elementor-element elementor-element-02f56e0 elementor-widget elementor-widget-text-editor\" data-id=\"02f56e0\" data-element_type=\"widget\" data-e-type=\"widget\" data-widget_type=\"text-editor.default\">\n\t\t\t\t<div class=\"elementor-widget-container\">\n\t\t\t\t\t\t\t\t\t<p>Calsa es una empresa familiar de coraz\u00f3n. Hoy en d\u00eda Pol, Jeroen y Charlotte son ya la tercera generaci\u00f3n al tim\u00f3n. El car\u00e1cter familiar y su enfoque personal caracterizan el ambiente entre los empleados y el trato de nuestros clientes.<\/p><p>El car\u00e1cter familiar y su enfoque personal caracterizan el ambiente entre los empleados y en el trato con nuestros clientes.<\/p>\t\t\t\t\t\t\t\t<\/div>\n\t\t\t\t<\/div>\n\t\t\t\t<div class=\"elementor-element elementor-element-7a7cf0b elementor-align-right elementor-widget elementor-widget-button\" data-id=\"7a7cf0b\" data-element_type=\"widget\" data-e-type=\"widget\" data-widget_type=\"button.default\">\n\t\t\t\t<div class=\"elementor-widget-container\">\n\t\t\t\t\t\t\t\t\t<div class=\"elementor-button-wrapper\">\n\t\t\t\t\t<a class=\"elementor-button elementor-button-link elementor-size-sm elementor-animation-grow\" href=\"\/es\/sostenibilidad\/\">\n\t\t\t\t\t\t<span class=\"elementor-button-content-wrapper\">\n\t\t\t\t\t\t<span class=\"elementor-button-icon\">\n\t\t\t\t<svg aria-hidden=\"true\" class=\"e-font-icon-svg e-fas-long-arrow-alt-right\" viewbox=\"0 0 448 512\" xmlns=\"http:\/\/www.w3.org\/2000\/svg\"><path d=\"M313.941 216H12c-6.627 0-12 5.373-12 12v56c0 6.627 5.373 12 12 12h301.941v46.059c0 21.382 25.851 32.09 40.971 16.971l86.059-86.059c9.373-9.373 9.373-24.569 0-33.941l-86.059-86.059c-15.119-15.119-40.971-4.411-40.971 16.971V216z\"><\/path><\/svg>\t\t\t<\/span>\n\t\t\t\t\t\t\t\t\t<span class=\"elementor-button-text\">M\u00e1s informaci\u00f3n sobre nuestro enfoque sostenible <\/span>\n\t\t\t\t\t<\/span>\n\t\t\t\t\t<\/a>\n\t\t\t\t<\/div>\n\t\t\t\t\t\t\t\t<\/div>\n\t\t\t\t<\/div>\n\t\t\t\t<\/div>\n\t\t\t\t\t<\/div>\n\t\t\t\t<\/div>\n\t\t<div class=\"elementor-element elementor-element-1bb02c9 e-flex e-con-boxed e-con e-parent\" data-id=\"1bb02c9\" data-element_type=\"container\" data-e-type=\"container\" data-settings=\"{&quot;background_background&quot;:&quot;classic&quot;}\">\n\t\t\t\t\t<div class=\"e-con-inner\">\n\t\t<div class=\"elementor-element elementor-element-a20abc8 e-con-full e-flex e-con e-child\" data-id=\"a20abc8\" data-element_type=\"container\" data-e-type=\"container\" data-settings=\"{&quot;background_background&quot;:&quot;classic&quot;}\">\n\t\t\t\t<div class=\"elementor-element elementor-element-f83f168 elementor-widget elementor-widget-image\" data-id=\"f83f168\" data-element_type=\"widget\" data-e-type=\"widget\" data-widget_type=\"image.default\">\n\t\t\t\t<div class=\"elementor-widget-container\">\n\t\t\t\t\t\t\t\t\t\t\t\t\t\t\t<img alt=\"\" loading=\"lazy\" decoding=\"async\" width=\"800\" height=\"534\" src=\"https:\/\/calsa.be\/wp-content\/uploads\/2024\/09\/Calsa-bedrijf7-1024x683.jpg\" class=\"attachment-large size-large wp-image-177\" srcset=\"https:\/\/calsa.be\/wp-content\/uploads\/2024\/09\/Calsa-bedrijf7-1024x683.jpg 1024w, https:\/\/calsa.be\/wp-content\/uploads\/2024\/09\/Calsa-bedrijf7-500x334.jpg 500w, https:\/\/calsa.be\/wp-content\/uploads\/2024\/09\/Calsa-bedrijf7-768x512.jpg 768w, https:\/\/calsa.be\/wp-content\/uploads\/2024\/09\/Calsa-bedrijf7-1536x1025.jpg 1536w, https:\/\/calsa.be\/wp-content\/uploads\/2024\/09\/Calsa-bedrijf7.jpg 1770w\" sizes=\"(max-width: 800px) 100vw, 800px\" \/>\t\t\t\t\t\t\t\t\t\t\t\t\t\t\t<\/div>\n\t\t\t\t<\/div>\n\t\t\t\t<\/div>\n\t\t<div class=\"elementor-element elementor-element-6483cc7 e-con-full e-flex e-con e-child\" data-id=\"6483cc7\" data-element_type=\"container\" data-e-type=\"container\">\n\t\t\t\t<div class=\"elementor-element elementor-element-bb2d124 elementor-widget elementor-widget-heading\" data-id=\"bb2d124\" data-element_type=\"widget\" data-e-type=\"widget\" data-widget_type=\"heading.default\">\n\t\t\t\t<div class=\"elementor-widget-container\">\n\t\t\t\t\t<h2 class=\"elementor-heading-title elementor-size-default\">Centrarse en la sostenibilidad<\/h2>\t\t\t\t<\/div>\n\t\t\t\t<\/div>\n\t\t\t\t<div class=\"elementor-element elementor-element-b603acd elementor-widget elementor-widget-text-editor\" data-id=\"b603acd\" data-element_type=\"widget\" data-e-type=\"widget\" data-widget_type=\"text-editor.default\">\n\t\t\t\t<div class=\"elementor-widget-container\">\n\t\t\t\t\t\t\t\t\t<p>Calsa mira hacia el futuro. Eso significa prestar atenci\u00f3n a la ecolog\u00eda. Por lo tanto tenemos dos colmenas que ayudan a la supervivencia de la poblaci\u00f3n de abejas en nuestra regi\u00f3n. Prestamos mucha atenci\u00f3n al anclaje local, y nos centramos en relaciones a larga plazo.\n\nLa mayor\u00eda de nuestros cultivadores son proveedores de toda la vida. Y nuestros clientes tambi\u00e9n son honorables.  La transparencia y la confianza son el hilo conductor de nuestra red, a todos los niveles y en todos los contactos.<\/p><p>La mayor\u00eda de nuestros cultivadores son proveedores veteranos. Y nuestros clientes tambi\u00e9n son fieles. La transparencia y la confianza son el hilo conductor de nuestra red, a todos los niveles y en todos los contactos.<\/p>\t\t\t\t\t\t\t\t<\/div>\n\t\t\t\t<\/div>\n\t\t\t\t<\/div>\n\t\t\t\t\t<\/div>\n\t\t\t\t<\/div>\n\t\t\t\t<\/div>","protected":false},"excerpt":{"rendered":"<p>Van het veld op je bord Een familiebedrijf in hart en nieren dat zijn klanten volledig ontzorgt. Dat is Calsa. Als gerenommeerd exporteur van groenten en fruit brengt het team dagelijks verse producten de wereld rond. Inclusief afhandeling van de administratie en verpakking op maat van de bestemming of verdere verwerking. Calsa in cijfers We [&hellip;]<\/p>\n","protected":false},"author":1,"featured_media":0,"parent":0,"menu_order":0,"comment_status":"closed","ping_status":"closed","template":"","meta":{"_seopress_robots_primary_cat":"","_seopress_titles_title":"","_seopress_titles_desc":"","_seopress_robots_index":"","iawp_total_views":2874,"footnotes":""},"class_list":["post-23","page","type-page","status-publish","hentry"],"_links":{"self":[{"href":"https:\/\/calsa.be\/es\/wp-json\/wp\/v2\/pages\/23","targetHints":{"allow":["GET"]}}],"collection":[{"href":"https:\/\/calsa.be\/es\/wp-json\/wp\/v2\/pages"}],"about":[{"href":"https:\/\/calsa.be\/es\/wp-json\/wp\/v2\/types\/page"}],"author":[{"embeddable":true,"href":"https:\/\/calsa.be\/es\/wp-json\/wp\/v2\/users\/1"}],"replies":[{"embeddable":true,"href":"https:\/\/calsa.be\/es\/wp-json\/wp\/v2\/comments?post=23"}],"version-history":[{"count":103,"href":"https:\/\/calsa.be\/es\/wp-json\/wp\/v2\/pages\/23\/revisions"}],"predecessor-version":[{"id":640,"href":"https:\/\/calsa.be\/es\/wp-json\/wp\/v2\/pages\/23\/revisions\/640"}],"wp:attachment":[{"href":"https:\/\/calsa.be\/es\/wp-json\/wp\/v2\/media?parent=23"}],"curies":[{"name":"wp","href":"https:\/\/api.w.org\/{rel}","templated":true}]}}