{"id":27,"date":"2024-09-24T09:16:40","date_gmt":"2024-09-24T07:16:40","guid":{"rendered":"https:\/\/calsa.instawp.link\/?page_id=27"},"modified":"2024-09-25T14:59:09","modified_gmt":"2024-09-25T12:59:09","slug":"sostenibilidad","status":"publish","type":"page","link":"https:\/\/calsa.be\/es\/duurzaamheid\/","title":{"rendered":"Sostenibilidad"},"content":{"rendered":"<div data-elementor-type=\"wp-page\" data-elementor-id=\"27\" class=\"elementor elementor-27\" data-elementor-post-type=\"page\">\n\t\t\t\t<div class=\"elementor-element elementor-element-bbda7cf e-flex e-con-boxed e-con e-parent\" data-id=\"bbda7cf\" data-element_type=\"container\" data-e-type=\"container\" data-settings=\"{&quot;background_background&quot;:&quot;classic&quot;}\">\n\t\t\t\t\t<div class=\"e-con-inner\">\n\t\t\t\t<div class=\"elementor-element elementor-element-6d62896 elementor-widget elementor-widget-heading\" data-id=\"6d62896\" data-element_type=\"widget\" data-e-type=\"widget\" data-widget_type=\"heading.default\">\n\t\t\t\t<div class=\"elementor-widget-container\">\n\t\t\t\t\t<h1 class=\"elementor-heading-title elementor-size-default\">Experto en exportaciones sostenibles<\/h1>\t\t\t\t<\/div>\n\t\t\t\t<\/div>\n\t\t\t\t<div class=\"elementor-element elementor-element-ee00147 elementor-widget elementor-widget-text-editor\" data-id=\"ee00147\" data-element_type=\"widget\" data-e-type=\"widget\" data-widget_type=\"text-editor.default\">\n\t\t\t\t<div class=\"elementor-widget-container\">\n\t\t\t\t\t\t\t\t\t<p>En Calsa, la sostenibilidad es m\u00e1s que una palabra de moda. Es una visi\u00f3n profundamente arraigada. Desde que se fund\u00f3 Calsa, en 1939, la sostenibilidad ha sido una parte inherente de la filosof\u00eda de la empresa. En el campo, en el taller y en la carretera.<\/p>\t\t\t\t\t\t\t\t<\/div>\n\t\t\t\t<\/div>\n\t\t\t\t\t<\/div>\n\t\t\t\t<\/div>\n\t\t<div class=\"elementor-element elementor-element-b06f638 e-flex e-con-boxed e-con e-parent\" data-id=\"b06f638\" data-element_type=\"container\" data-e-type=\"container\">\n\t\t\t\t\t<div class=\"e-con-inner\">\n\t\t<div class=\"elementor-element elementor-element-8b5f014 e-con-full e-flex e-con e-child\" data-id=\"8b5f014\" data-element_type=\"container\" data-e-type=\"container\" data-settings=\"{&quot;background_background&quot;:&quot;classic&quot;}\">\n\t\t\t\t<div class=\"elementor-element elementor-element-9f6a794 elementor-widget elementor-widget-image\" data-id=\"9f6a794\" data-element_type=\"widget\" data-e-type=\"widget\" data-widget_type=\"image.default\">\n\t\t\t\t<div class=\"elementor-widget-container\">\n\t\t\t\t\t\t\t\t\t\t\t\t\t\t\t<img alt=\"\" fetchpriority=\"high\" decoding=\"async\" width=\"800\" height=\"534\" src=\"https:\/\/calsa.be\/wp-content\/uploads\/2024\/09\/www.footoo.be-8859_LR-1024x683.jpg\" class=\"attachment-large size-large wp-image-363\" srcset=\"https:\/\/calsa.be\/wp-content\/uploads\/2024\/09\/www.footoo.be-8859_LR-1024x683.jpg 1024w, https:\/\/calsa.be\/wp-content\/uploads\/2024\/09\/www.footoo.be-8859_LR-500x334.jpg 500w, https:\/\/calsa.be\/wp-content\/uploads\/2024\/09\/www.footoo.be-8859_LR-768x512.jpg 768w, https:\/\/calsa.be\/wp-content\/uploads\/2024\/09\/www.footoo.be-8859_LR-1536x1025.jpg 1536w, https:\/\/calsa.be\/wp-content\/uploads\/2024\/09\/www.footoo.be-8859_LR.jpg 1770w\" sizes=\"(max-width: 800px) 100vw, 800px\" \/>\t\t\t\t\t\t\t\t\t\t\t\t\t\t\t<\/div>\n\t\t\t\t<\/div>\n\t\t\t\t<\/div>\n\t\t<div class=\"elementor-element elementor-element-8015532 e-con-full e-flex e-con e-child\" data-id=\"8015532\" data-element_type=\"container\" data-e-type=\"container\">\n\t\t\t\t<div class=\"elementor-element elementor-element-a839576 elementor-widget elementor-widget-heading\" data-id=\"a839576\" data-element_type=\"widget\" data-e-type=\"widget\" data-widget_type=\"heading.default\">\n\t\t\t\t<div class=\"elementor-widget-container\">\n\t\t\t\t\t<h2 class=\"elementor-heading-title elementor-size-default\">Red local\n<\/h2>\t\t\t\t<\/div>\n\t\t\t\t<\/div>\n\t\t\t\t<div class=\"elementor-element elementor-element-f871f7a elementor-widget elementor-widget-text-editor\" data-id=\"f871f7a\" data-element_type=\"widget\" data-e-type=\"widget\" data-widget_type=\"text-editor.default\">\n\t\t\t\t<div class=\"elementor-widget-container\">\n\t\t\t\t\t\t\t\t\t<p>Tanto para las hortalizas de campo como para el cultivo en invernadero, Calsa est\u00e1 estrat\u00e9gicamente situada. El m\u00e1ximo abastecimiento procede de productores locales. Esto supone un transporte limitado y una huella ecol\u00f3gica reducida dentro de este primer eslab\u00f3n de la ruta.<\/p><p>Esto se aplica igualmente a las compras en las subastas belgas. Como \u00faltimo elemento de este anclaje local, Calsa tambi\u00e9n apoya a asociaciones y organizaciones ben\u00e9ficas locales.<\/p>\t\t\t\t\t\t\t\t<\/div>\n\t\t\t\t<\/div>\n\t\t\t\t<\/div>\n\t\t\t\t\t<\/div>\n\t\t\t\t<\/div>\n\t\t<div class=\"elementor-element elementor-element-2c3f257 e-flex e-con-boxed e-con e-parent\" data-id=\"2c3f257\" data-element_type=\"container\" data-e-type=\"container\" data-settings=\"{&quot;background_background&quot;:&quot;classic&quot;}\">\n\t\t\t\t\t<div class=\"e-con-inner\">\n\t\t<div class=\"elementor-element elementor-element-dbd36b3 e-con-full e-flex e-con e-child\" data-id=\"dbd36b3\" data-element_type=\"container\" data-e-type=\"container\">\n\t\t\t\t<div class=\"elementor-element elementor-element-267e8fa elementor-widget elementor-widget-heading\" data-id=\"267e8fa\" data-element_type=\"widget\" data-e-type=\"widget\" data-widget_type=\"heading.default\">\n\t\t\t\t<div class=\"elementor-widget-container\">\n\t\t\t\t\t<h2 class=\"elementor-heading-title elementor-size-default\">Hacia una cadena alimentaria circular\n<\/h2>\t\t\t\t<\/div>\n\t\t\t\t<\/div>\n\t\t\t\t<div class=\"elementor-element elementor-element-50469b5 elementor-widget elementor-widget-text-editor\" data-id=\"50469b5\" data-element_type=\"widget\" data-e-type=\"widget\" data-widget_type=\"text-editor.default\">\n\t\t\t\t<div class=\"elementor-widget-container\">\n\t\t\t\t\t\t\t\t\t<p>Un negocio sostenible requiere compromiso y visi\u00f3n de futuro. Por eso, a finales de 2017, Calsa se uni\u00f3 como una de las empresas piloto a un proyecto de aprendizaje y mejora de FVPHouse, la organizaci\u00f3n paraguas de la industria mayorista y transformadora belga de patatas, frutas y verduras.<\/p><p><strong>Dentro de la trayectoria, se ensayar\u00e1n acciones concretas en torno a<\/strong><\/p><ul><li>prevenci\u00f3n del desperdicio y la p\u00e9rdida de alimentos mediante una buena adecuaci\u00f3n entre el producto y el comprador<\/li><li>trabajar con menos desigualdad social, incluso m\u00e1s all\u00e1 de las empresas y las fronteras nacionales<\/li><li>Modelos de producci\u00f3n y consumo m\u00e1s sostenibles.<\/li><\/ul>\t\t\t\t\t\t\t\t<\/div>\n\t\t\t\t<\/div>\n\t\t\t\t<\/div>\n\t\t<div class=\"elementor-element elementor-element-bb7d3b9 e-con-full e-flex e-con e-child\" data-id=\"bb7d3b9\" data-element_type=\"container\" data-e-type=\"container\" data-settings=\"{&quot;background_background&quot;:&quot;classic&quot;}\">\n\t\t\t\t<div class=\"elementor-element elementor-element-1fc33be elementor-widget elementor-widget-image\" data-id=\"1fc33be\" data-element_type=\"widget\" data-e-type=\"widget\" data-widget_type=\"image.default\">\n\t\t\t\t<div class=\"elementor-widget-container\">\n\t\t\t\t\t\t\t\t\t\t\t\t\t\t\t<img alt=\"\" decoding=\"async\" width=\"800\" height=\"534\" src=\"https:\/\/calsa.be\/wp-content\/uploads\/2024\/09\/www.footoo.be-8796_LR-1024x683.jpg\" class=\"attachment-large size-large wp-image-362\" srcset=\"https:\/\/calsa.be\/wp-content\/uploads\/2024\/09\/www.footoo.be-8796_LR-1024x683.jpg 1024w, https:\/\/calsa.be\/wp-content\/uploads\/2024\/09\/www.footoo.be-8796_LR-500x334.jpg 500w, https:\/\/calsa.be\/wp-content\/uploads\/2024\/09\/www.footoo.be-8796_LR-768x512.jpg 768w, https:\/\/calsa.be\/wp-content\/uploads\/2024\/09\/www.footoo.be-8796_LR-1536x1025.jpg 1536w, https:\/\/calsa.be\/wp-content\/uploads\/2024\/09\/www.footoo.be-8796_LR.jpg 1770w\" sizes=\"(max-width: 800px) 100vw, 800px\" \/>\t\t\t\t\t\t\t\t\t\t\t\t\t\t\t<\/div>\n\t\t\t\t<\/div>\n\t\t\t\t<\/div>\n\t\t\t\t\t<\/div>\n\t\t\t\t<\/div>\n\t\t<div class=\"elementor-element elementor-element-4cab30a e-flex e-con-boxed e-con e-parent\" data-id=\"4cab30a\" data-element_type=\"container\" data-e-type=\"container\">\n\t\t\t\t\t<div class=\"e-con-inner\">\n\t\t<div class=\"elementor-element elementor-element-9120a1b e-con-full e-flex e-con e-child\" data-id=\"9120a1b\" data-element_type=\"container\" data-e-type=\"container\" data-settings=\"{&quot;background_background&quot;:&quot;classic&quot;}\">\n\t\t\t\t<div class=\"elementor-element elementor-element-4fbc672 elementor-widget elementor-widget-image\" data-id=\"4fbc672\" data-element_type=\"widget\" data-e-type=\"widget\" data-widget_type=\"image.default\">\n\t\t\t\t<div class=\"elementor-widget-container\">\n\t\t\t\t\t\t\t\t\t\t\t\t\t\t\t<img alt=\"\" decoding=\"async\" width=\"800\" height=\"534\" src=\"https:\/\/calsa.be\/wp-content\/uploads\/2024\/09\/www.footoo.be-0035_LR-1024x683.jpg\" class=\"attachment-large size-large wp-image-358\" srcset=\"https:\/\/calsa.be\/wp-content\/uploads\/2024\/09\/www.footoo.be-0035_LR-1024x683.jpg 1024w, https:\/\/calsa.be\/wp-content\/uploads\/2024\/09\/www.footoo.be-0035_LR-500x334.jpg 500w, https:\/\/calsa.be\/wp-content\/uploads\/2024\/09\/www.footoo.be-0035_LR-768x512.jpg 768w, https:\/\/calsa.be\/wp-content\/uploads\/2024\/09\/www.footoo.be-0035_LR-1536x1025.jpg 1536w, https:\/\/calsa.be\/wp-content\/uploads\/2024\/09\/www.footoo.be-0035_LR.jpg 1770w\" sizes=\"(max-width: 800px) 100vw, 800px\" \/>\t\t\t\t\t\t\t\t\t\t\t\t\t\t\t<\/div>\n\t\t\t\t<\/div>\n\t\t\t\t<\/div>\n\t\t<div class=\"elementor-element elementor-element-70cdff5 e-con-full e-flex e-con e-child\" data-id=\"70cdff5\" data-element_type=\"container\" data-e-type=\"container\">\n\t\t\t\t<div class=\"elementor-element elementor-element-837dc17 elementor-widget elementor-widget-heading\" data-id=\"837dc17\" data-element_type=\"widget\" data-e-type=\"widget\" data-widget_type=\"heading.default\">\n\t\t\t\t<div class=\"elementor-widget-container\">\n\t\t\t\t\t<h2 class=\"elementor-heading-title elementor-size-default\">Casi 600 paneles solares\n<\/h2>\t\t\t\t<\/div>\n\t\t\t\t<\/div>\n\t\t\t\t<div class=\"elementor-element elementor-element-9ca118d elementor-widget elementor-widget-text-editor\" data-id=\"9ca118d\" data-element_type=\"widget\" data-e-type=\"widget\" data-widget_type=\"text-editor.default\">\n\t\t\t\t<div class=\"elementor-widget-container\">\n\t\t\t\t\t\t\t\t\t<p>No hace falta decir que las instalaciones de Calsa son lo m\u00e1s eficientes posible desde el punto de vista energ\u00e9tico. Por ejemplo, el calor residual de los frigor\u00edficos se utiliza para calentar partes de la empresa.<\/p><p>Pero el exportador va un gran paso m\u00e1s all\u00e1. En el tejado de sus instalaciones hay nada menos que 576 paneles solares. Lo que equivale a una producci\u00f3n propia de energ\u00eda de 100.000 kWh al a\u00f1o. Es decir, m\u00e1s de una cuarta parte de su propio consumo.<\/p>\t\t\t\t\t\t\t\t<\/div>\n\t\t\t\t<\/div>\n\t\t\t\t<\/div>\n\t\t\t\t\t<\/div>\n\t\t\t\t<\/div>\n\t\t<div class=\"elementor-element elementor-element-d6ead5a e-flex e-con-boxed e-con e-parent\" data-id=\"d6ead5a\" data-element_type=\"container\" data-e-type=\"container\" data-settings=\"{&quot;background_background&quot;:&quot;classic&quot;}\">\n\t\t\t\t\t<div class=\"e-con-inner\">\n\t\t<div class=\"elementor-element elementor-element-8237cd9 e-con-full e-flex e-con e-child\" data-id=\"8237cd9\" data-element_type=\"container\" data-e-type=\"container\">\n\t\t\t\t<div class=\"elementor-element elementor-element-ea9ea77 elementor-widget elementor-widget-heading\" data-id=\"ea9ea77\" data-element_type=\"widget\" data-e-type=\"widget\" data-widget_type=\"heading.default\">\n\t\t\t\t<div class=\"elementor-widget-container\">\n\t\t\t\t\t<h2 class=\"elementor-heading-title elementor-size-default\">Materiales reciclables y renovables\n<\/h2>\t\t\t\t<\/div>\n\t\t\t\t<\/div>\n\t\t\t\t<div class=\"elementor-element elementor-element-82b835d elementor-widget elementor-widget-text-editor\" data-id=\"82b835d\" data-element_type=\"widget\" data-e-type=\"widget\" data-widget_type=\"text-editor.default\">\n\t\t\t\t<div class=\"elementor-widget-container\">\n\t\t\t\t\t\t\t\t\t<p>Los materiales de embalaje son una necesidad a la hora de exportar frutas y hortalizas. Afortunadamente, esto no significa autom\u00e1ticamente monta\u00f1as de residuos. Al contrario. Calsa minimiza los residuos y opta por procesadores especializados. En lugar de pl\u00e1stico normal, la empresa opta por envases reutilizables, como IFCO o EPS.<\/p><p>Para las cajas de madera se utiliza \u00e1lamo, una especie de madera que crece r\u00e1pidamente y convierte una buena cantidad de CO2 en ox\u00edgeno.<\/p>\t\t\t\t\t\t\t\t<\/div>\n\t\t\t\t<\/div>\n\t\t\t\t<\/div>\n\t\t<div class=\"elementor-element elementor-element-3a0138a e-con-full e-flex e-con e-child\" data-id=\"3a0138a\" data-element_type=\"container\" data-e-type=\"container\" data-settings=\"{&quot;background_background&quot;:&quot;classic&quot;}\">\n\t\t\t\t<div class=\"elementor-element elementor-element-5af30bc elementor-widget elementor-widget-image\" data-id=\"5af30bc\" data-element_type=\"widget\" data-e-type=\"widget\" data-widget_type=\"image.default\">\n\t\t\t\t<div class=\"elementor-widget-container\">\n\t\t\t\t\t\t\t\t\t\t\t\t\t\t\t<img alt=\"\" loading=\"lazy\" decoding=\"async\" width=\"800\" height=\"534\" src=\"https:\/\/calsa.be\/wp-content\/uploads\/2024\/09\/www.footoo.be-8426_LR-1024x683.jpg\" class=\"attachment-large size-large wp-image-357\" srcset=\"https:\/\/calsa.be\/wp-content\/uploads\/2024\/09\/www.footoo.be-8426_LR-1024x683.jpg 1024w, https:\/\/calsa.be\/wp-content\/uploads\/2024\/09\/www.footoo.be-8426_LR-500x334.jpg 500w, https:\/\/calsa.be\/wp-content\/uploads\/2024\/09\/www.footoo.be-8426_LR-768x512.jpg 768w, https:\/\/calsa.be\/wp-content\/uploads\/2024\/09\/www.footoo.be-8426_LR-1536x1025.jpg 1536w, https:\/\/calsa.be\/wp-content\/uploads\/2024\/09\/www.footoo.be-8426_LR.jpg 1770w\" sizes=\"(max-width: 800px) 100vw, 800px\" \/>\t\t\t\t\t\t\t\t\t\t\t\t\t\t\t<\/div>\n\t\t\t\t<\/div>\n\t\t\t\t<\/div>\n\t\t\t\t\t<\/div>\n\t\t\t\t<\/div>\n\t\t<div class=\"elementor-element elementor-element-0ef99f1 e-flex e-con-boxed e-con e-parent\" data-id=\"0ef99f1\" data-element_type=\"container\" data-e-type=\"container\">\n\t\t\t\t\t<div class=\"e-con-inner\">\n\t\t<div class=\"elementor-element elementor-element-576f6c4 e-con-full e-flex e-con e-child\" data-id=\"576f6c4\" data-element_type=\"container\" data-e-type=\"container\" data-settings=\"{&quot;background_background&quot;:&quot;classic&quot;}\">\n\t\t\t\t<div class=\"elementor-element elementor-element-ec34190 elementor-widget elementor-widget-image\" data-id=\"ec34190\" data-element_type=\"widget\" data-e-type=\"widget\" data-widget_type=\"image.default\">\n\t\t\t\t<div class=\"elementor-widget-container\">\n\t\t\t\t\t\t\t\t\t\t\t\t\t\t\t<img alt=\"\" loading=\"lazy\" decoding=\"async\" width=\"800\" height=\"534\" src=\"https:\/\/calsa.be\/wp-content\/uploads\/2024\/09\/www.footoo.be-8591_LR-Copy-1024x683.jpg\" class=\"attachment-large size-large wp-image-356\" srcset=\"https:\/\/calsa.be\/wp-content\/uploads\/2024\/09\/www.footoo.be-8591_LR-Copy-1024x683.jpg 1024w, https:\/\/calsa.be\/wp-content\/uploads\/2024\/09\/www.footoo.be-8591_LR-Copy-500x333.jpg 500w, https:\/\/calsa.be\/wp-content\/uploads\/2024\/09\/www.footoo.be-8591_LR-Copy-768x512.jpg 768w, https:\/\/calsa.be\/wp-content\/uploads\/2024\/09\/www.footoo.be-8591_LR-Copy-1536x1024.jpg 1536w, https:\/\/calsa.be\/wp-content\/uploads\/2024\/09\/www.footoo.be-8591_LR-Copy.jpg 1657w\" sizes=\"(max-width: 800px) 100vw, 800px\" \/>\t\t\t\t\t\t\t\t\t\t\t\t\t\t\t<\/div>\n\t\t\t\t<\/div>\n\t\t\t\t<\/div>\n\t\t<div class=\"elementor-element elementor-element-156a8f5 e-con-full e-flex e-con e-child\" data-id=\"156a8f5\" data-element_type=\"container\" data-e-type=\"container\">\n\t\t\t\t<div class=\"elementor-element elementor-element-089a27e elementor-widget elementor-widget-heading\" data-id=\"089a27e\" data-element_type=\"widget\" data-e-type=\"widget\" data-widget_type=\"heading.default\">\n\t\t\t\t<div class=\"elementor-widget-container\">\n\t\t\t\t\t<h2 class=\"elementor-heading-title elementor-size-default\">9% carga m\u00e1s eficaz\n<\/h2>\t\t\t\t<\/div>\n\t\t\t\t<\/div>\n\t\t\t\t<div class=\"elementor-element elementor-element-b93c994 elementor-widget elementor-widget-text-editor\" data-id=\"b93c994\" data-element_type=\"widget\" data-e-type=\"widget\" data-widget_type=\"text-editor.default\">\n\t\t\t\t<div class=\"elementor-widget-container\">\n\t\t\t\t\t\t\t\t\t<p>Una carga \u00f3ptima y una planificaci\u00f3n eficiente de las rutas son la base de nuestro transporte sostenible. Nuestros 14 camiones propios -como m\u00ednimo Euro V- no transportan aire. En consulta con nuestros clientes, cargamos un m\u00e1ximo de pal\u00e9s completos.<\/p><p>Nuestros socios externos de transporte tambi\u00e9n contribuyen a esta distribuci\u00f3n sostenible. \u00bfEl resultado? Hasta 9% de transporte m\u00e1s eficiente.<\/p><p>\u00a0<\/p>\t\t\t\t\t\t\t\t<\/div>\n\t\t\t\t<\/div>\n\t\t\t\t<\/div>\n\t\t\t\t\t<\/div>\n\t\t\t\t<\/div>\n\t\t\t\t<\/div>","protected":false},"excerpt":{"rendered":"<p>Expert in duurzame export Bij Calsa is duurzaamheid meer dan een modewoord. Het is een diepgewortelde visie. Al sinds de oprichting van Calsa \u2013 in 1939 \u2013 maakt een duurzame aanpak inherent deel uit van de bedrijfsfilosofie. Op het veld, op de werkvloer \u00e9n op de weg. Lokaal netwerk Zowel voor vollegrondsgroenten als voor serreteelt [&hellip;]<\/p>\n","protected":false},"author":1,"featured_media":0,"parent":0,"menu_order":0,"comment_status":"closed","ping_status":"closed","template":"","meta":{"_seopress_robots_primary_cat":"","_seopress_titles_title":"","_seopress_titles_desc":"","_seopress_robots_index":"","iawp_total_views":349,"footnotes":""},"class_list":["post-27","page","type-page","status-publish","hentry"],"_links":{"self":[{"href":"https:\/\/calsa.be\/es\/wp-json\/wp\/v2\/pages\/27","targetHints":{"allow":["GET"]}}],"collection":[{"href":"https:\/\/calsa.be\/es\/wp-json\/wp\/v2\/pages"}],"about":[{"href":"https:\/\/calsa.be\/es\/wp-json\/wp\/v2\/types\/page"}],"author":[{"embeddable":true,"href":"https:\/\/calsa.be\/es\/wp-json\/wp\/v2\/users\/1"}],"replies":[{"embeddable":true,"href":"https:\/\/calsa.be\/es\/wp-json\/wp\/v2\/comments?post=27"}],"version-history":[{"count":22,"href":"https:\/\/calsa.be\/es\/wp-json\/wp\/v2\/pages\/27\/revisions"}],"predecessor-version":[{"id":569,"href":"https:\/\/calsa.be\/es\/wp-json\/wp\/v2\/pages\/27\/revisions\/569"}],"wp:attachment":[{"href":"https:\/\/calsa.be\/es\/wp-json\/wp\/v2\/media?parent=27"}],"curies":[{"name":"wp","href":"https:\/\/api.w.org\/{rel}","templated":true}]}}