{"id":678,"date":"2026-03-20T15:40:49","date_gmt":"2026-03-20T14:40:49","guid":{"rendered":"https:\/\/calsa.be\/?page_id=678"},"modified":"2026-03-26T10:37:59","modified_gmt":"2026-03-26T09:37:59","slug":"puestos-de-trabajo","status":"publish","type":"page","link":"https:\/\/calsa.be\/es\/jobs\/","title":{"rendered":"Empleo"},"content":{"rendered":"<div data-elementor-type=\"wp-page\" data-elementor-id=\"678\" class=\"elementor elementor-678\" data-elementor-post-type=\"page\">\n\t\t\t\t<div class=\"elementor-element elementor-element-0686d59 e-flex e-con-boxed e-con e-parent\" data-id=\"0686d59\" data-element_type=\"container\" data-e-type=\"container\" data-settings=\"{&quot;background_background&quot;:&quot;classic&quot;}\">\n\t\t\t\t\t<div class=\"e-con-inner\">\n\t\t\t\t<div class=\"elementor-element elementor-element-4c43079 elementor-widget elementor-widget-heading\" data-id=\"4c43079\" data-element_type=\"widget\" data-e-type=\"widget\" data-widget_type=\"heading.default\">\n\t\t\t\t<div class=\"elementor-widget-container\">\n\t\t\t\t\t<h1 class=\"elementor-heading-title elementor-size-default\">Empleo<\/h1>\t\t\t\t<\/div>\n\t\t\t\t<\/div>\n\t\t\t\t<div class=\"elementor-element elementor-element-8f8e50a elementor-widget elementor-widget-text-editor\" data-id=\"8f8e50a\" data-element_type=\"widget\" data-e-type=\"widget\" data-widget_type=\"text-editor.default\">\n\t\t\t\t<div class=\"elementor-widget-container\">\n\t\t\t\t\t\t\t\t\t<p>\u00bfBusca un lugar en el que sus esfuerzos cuenten y usted forme realmente parte de la historia? Consulte nuestras vacantes y descubra d\u00f3nde encaja usted en nuestro equipo.<\/p>\t\t\t\t\t\t\t\t<\/div>\n\t\t\t\t<\/div>\n\t\t\t\t\t<\/div>\n\t\t\t\t<\/div>\n\t\t<div class=\"elementor-element elementor-element-aa14255 e-flex e-con-boxed e-con e-parent\" data-id=\"aa14255\" data-element_type=\"container\" data-e-type=\"container\" data-settings=\"{&quot;background_background&quot;:&quot;classic&quot;}\">\n\t\t\t\t\t<div class=\"e-con-inner\">\n\t\t<div class=\"elementor-element elementor-element-925d75a e-con-full e-flex e-con e-child\" data-id=\"925d75a\" data-element_type=\"container\" data-e-type=\"container\">\n\t\t\t\t<div class=\"elementor-element elementor-element-cb6dd64 elementor-widget elementor-widget-heading\" data-id=\"cb6dd64\" data-element_type=\"widget\" data-e-type=\"widget\" data-widget_type=\"heading.default\">\n\t\t\t\t<div class=\"elementor-widget-container\">\n\t\t\t\t\t<h2 class=\"elementor-heading-title elementor-size-default\">Asistente administrativo financiero<\/h2>\t\t\t\t<\/div>\n\t\t\t\t<\/div>\n\t\t\t\t<div class=\"elementor-element elementor-element-3b07ce0 elementor-widget elementor-widget-text-editor\" data-id=\"3b07ce0\" data-element_type=\"widget\" data-e-type=\"widget\" data-widget_type=\"text-editor.default\">\n\t\t\t\t<div class=\"elementor-widget-container\">\n\t\t\t\t\t\t\t\t\t<p>\u00bfLe gusta poner orden en los n\u00fameros y trabajar con ojo avizor para los detalles? \u00bfTe gusta formar parte de un equipo familiar y unido en el que tu trabajo realmente cuenta? Entonces puede que seas el compa\u00f1ero que estamos buscando en Calsa.<\/p><p>Como asistente administrativo financiero, trabajar\u00e1s en estrecha colaboraci\u00f3n con nuestro director financiero. Garantizar\u00e1 la tramitaci\u00f3n correcta y puntual de las tareas administrativas financieras, desde pagos y gastos hasta cuentas por cobrar y seguros. Tu precisi\u00f3n contribuye directamente a la salud financiera de Calsa y de la estructura m\u00e1s amplia del holding.<\/p>\t\t\t\t\t\t\t\t<\/div>\n\t\t\t\t<\/div>\n\t\t\t\t<div class=\"elementor-element elementor-element-94025c3 elementor-widget elementor-widget-heading\" data-id=\"94025c3\" data-element_type=\"widget\" data-e-type=\"widget\" data-widget_type=\"heading.default\">\n\t\t\t\t<div class=\"elementor-widget-container\">\n\t\t\t\t\t<h2 class=\"elementor-heading-title elementor-size-default\">Concretamente, \u00bfqu\u00e9 est\u00e1s haciendo?<\/h2>\t\t\t\t<\/div>\n\t\t\t\t<\/div>\n\t\t\t\t<div class=\"elementor-element elementor-element-a82b123 elementor-widget elementor-widget-text-editor\" data-id=\"a82b123\" data-element_type=\"widget\" data-e-type=\"widget\" data-widget_type=\"text-editor.default\">\n\t\t\t\t<div class=\"elementor-widget-container\">\n\t\t\t\t\t\t\t\t\t<ul><li><strong>Gesti\u00f3n de pagos: <\/strong>usted puntea los pagos y prepara los pagos salientes para su aprobaci\u00f3n, de modo que juntos controlamos el flujo de caja.<\/li><li><strong>Cuentas por cobrar: <\/strong>Realiza el seguimiento de las facturas pendientes de los clientes y se\u00f1ala los pagos atrasados al director financiero a su debido tiempo.<\/li><li><strong>Gesti\u00f3n de seguros: <\/strong>Gestiona p\u00f3lizas, notifica siniestros y act\u00faa de enlace con las compa\u00f1\u00edas de seguros.<\/li><li><strong>Gesti\u00f3n de gastos: <\/strong>Prepara, comprueba y procesa informes de gastos de acuerdo con los procedimientos internos.<\/li><li><strong>BTW: <\/strong>Garantizar\u00e1 la conciliaci\u00f3n de las transacciones entre las distintas empresas del grupo y ayudar\u00e1 a preparar las declaraciones del IVA.<\/li><li><strong>Declaraciones Intrastat:<\/strong> tramitar y hacer el seguimiento de las declaraciones intrastat para los flujos transfronterizos de mercanc\u00edas dentro de la UE.<\/li><li><strong>Respaldo administrativo: <\/strong>en ausencia de colegas, saltas<\/li><li><strong>Archivo: <\/strong>clasifica y archiva los documentos financieros de forma correcta y secuencial.<\/li><\/ul>\t\t\t\t\t\t\t\t<\/div>\n\t\t\t\t<\/div>\n\t\t\t\t<div class=\"elementor-element elementor-element-c9827b5 elementor-widget elementor-widget-heading\" data-id=\"c9827b5\" data-element_type=\"widget\" data-e-type=\"widget\" data-widget_type=\"heading.default\">\n\t\t\t\t<div class=\"elementor-widget-container\">\n\t\t\t\t\t<h2 class=\"elementor-heading-title elementor-size-default\">\u00bfQui\u00e9n es usted?<\/h2>\t\t\t\t<\/div>\n\t\t\t\t<\/div>\n\t\t\t\t<div class=\"elementor-element elementor-element-cafcd03 elementor-widget elementor-widget-text-editor\" data-id=\"cafcd03\" data-element_type=\"widget\" data-e-type=\"widget\" data-widget_type=\"text-editor.default\">\n\t\t\t\t<div class=\"elementor-widget-container\">\n\t\t\t\t\t\t\t\t\t<ul><li>Tiene un m\u00ednimo de 2 a\u00f1os de experiencia en un puesto de administraci\u00f3n financiera.<\/li><li>Posee un amplio conocimiento b\u00e1sico de la legislaci\u00f3n contable belga y de la normativa sobre el IVA.<\/li><li>Trabaja con soltura con MS Office (Excel, Word, Outlook); se valorar\u00e1 la experiencia con un paquete ERP o de contabilidad.<\/li><li>Habla y escribe neerland\u00e9s con fluidez. Se valorar\u00e1n el franc\u00e9s, el ingl\u00e9s u otros idiomas comerciales.<\/li><li>Es preciso, fiable y discreto, incluso bajo presi\u00f3n de tiempo.<\/li><li>Te comunicas con claridad y disfrutas trabajando en un equipo peque\u00f1o y comprometido.<\/li><li>Tienes permiso de conducir B.<\/li><\/ul>\t\t\t\t\t\t\t\t<\/div>\n\t\t\t\t<\/div>\n\t\t\t\t<div class=\"elementor-element elementor-element-d978a87 elementor-widget elementor-widget-heading\" data-id=\"d978a87\" data-element_type=\"widget\" data-e-type=\"widget\" data-widget_type=\"heading.default\">\n\t\t\t\t<div class=\"elementor-widget-container\">\n\t\t\t\t\t<h2 class=\"elementor-heading-title elementor-size-default\">\u00bfQu\u00e9 le ofrecemos?<\/h2>\t\t\t\t<\/div>\n\t\t\t\t<\/div>\n\t\t\t\t<div class=\"elementor-element elementor-element-9b49259 elementor-widget elementor-widget-text-editor\" data-id=\"9b49259\" data-element_type=\"widget\" data-e-type=\"widget\" data-widget_type=\"text-editor.default\">\n\t\t\t\t<div class=\"elementor-widget-container\">\n\t\t\t\t\t\t\t\t\t<ul><li>Un puesto permanente en una empresa familiar estable y en crecimiento.<\/li><li>Un equipo c\u00e1lido donde tus esfuerzos se ven y se aprecian.<\/li><li>L\u00edneas de comunicaci\u00f3n cortas y espacio para la iniciativa propia.<\/li><li>Un paquete salarial competitivo acorde con su experiencia.<\/li><\/ul><p>\u00a0<\/p><p><strong>\u00bfEst\u00e1 convencido? Env\u00ede su CV y carta de presentaci\u00f3n a <a href=\"mailto:jobs@calsa.be\">jobs@calsa.be<\/a> y te avisaremos pronto. Estamos deseando conocerle.<\/strong><\/p>\t\t\t\t\t\t\t\t<\/div>\n\t\t\t\t<\/div>\n\t\t\t\t<div class=\"elementor-element elementor-element-93ddb66 elementor-widget elementor-widget-heading\" data-id=\"93ddb66\" data-element_type=\"widget\" data-e-type=\"widget\" data-widget_type=\"heading.default\">\n\t\t\t\t<div class=\"elementor-widget-container\">\n\t\t\t\t\t<h2 class=\"elementor-heading-title elementor-size-default\">Trabajar en Calsa<\/h2>\t\t\t\t<\/div>\n\t\t\t\t<\/div>\n\t\t\t\t<div class=\"elementor-element elementor-element-66be4e0 elementor-widget elementor-widget-text-editor\" data-id=\"66be4e0\" data-element_type=\"widget\" data-e-type=\"widget\" data-widget_type=\"text-editor.default\">\n\t\t\t\t<div class=\"elementor-widget-container\">\n\t\t\t\t\t\t\t\t\t<p>En Calsa, valoramos c\u00f3mo trabajamos juntos. Buscamos a alguien que sea fuerte en:<\/p><p><strong>Precisi\u00f3n<\/strong>Realizar las tareas meticulosamente y con atenci\u00f3n al detalle.<\/p><p><strong>Fiabilidad<\/strong>Cumplir las citas y trabajar de acuerdo con los procedimientos.<\/p><p><strong>Colabore<\/strong>contribuir activamente al equipo y a los resultados conjuntos.<\/p><p><strong>Comunicar<\/strong>Establecer contactos de forma clara y espont\u00e1nea, transmitir mensajes con claridad.<\/p><p><strong>Orientaci\u00f3n al cliente<\/strong>: estar abierto a las necesidades y actuar de forma proactiva.<\/p>\t\t\t\t\t\t\t\t<\/div>\n\t\t\t\t<\/div>\n\t\t\t\t<\/div>\n\t\t<div class=\"elementor-element elementor-element-cbfe5cb e-con-full e-flex e-con e-child\" data-id=\"cbfe5cb\" data-element_type=\"container\" data-e-type=\"container\" data-settings=\"{&quot;background_background&quot;:&quot;classic&quot;}\">\n\t\t\t\t<div class=\"elementor-element elementor-element-328e76b elementor-widget elementor-widget-image\" data-id=\"328e76b\" data-element_type=\"widget\" data-e-type=\"widget\" data-widget_type=\"image.default\">\n\t\t\t\t<div class=\"elementor-widget-container\">\n\t\t\t\t\t\t\t\t\t\t\t\t\t\t\t<img alt=\"\" fetchpriority=\"high\" decoding=\"async\" width=\"800\" height=\"534\" src=\"https:\/\/calsa.be\/wp-content\/uploads\/2024\/09\/Calsa-klanten1-1024x683.jpg\" class=\"attachment-large size-large wp-image-151\" srcset=\"https:\/\/calsa.be\/wp-content\/uploads\/2024\/09\/Calsa-klanten1-1024x683.jpg 1024w, https:\/\/calsa.be\/wp-content\/uploads\/2024\/09\/Calsa-klanten1-500x334.jpg 500w, https:\/\/calsa.be\/wp-content\/uploads\/2024\/09\/Calsa-klanten1-768x512.jpg 768w, https:\/\/calsa.be\/wp-content\/uploads\/2024\/09\/Calsa-klanten1-1536x1025.jpg 1536w, https:\/\/calsa.be\/wp-content\/uploads\/2024\/09\/Calsa-klanten1.jpg 1770w\" sizes=\"(max-width: 800px) 100vw, 800px\" \/>\t\t\t\t\t\t\t\t\t\t\t\t\t\t\t<\/div>\n\t\t\t\t<\/div>\n\t\t\t\t<\/div>\n\t\t\t\t\t<\/div>\n\t\t\t\t<\/div>\n\t\t\t\t<\/div>","protected":false},"excerpt":{"rendered":"<p>Jobs Op zoek naar een plek waar jouw inzet telt en je \u00e9cht deel uitmaakt van het verhaal? Bekijk onze openstaande vacatures en ontdek waar jij past binnen ons team. Financieel administratief bediende Ben jij iemand die graag orde schept in cijfers en met een scherp oog voor detail werkt? Vind je het fijn om [&hellip;]<\/p>\n","protected":false},"author":5,"featured_media":0,"parent":0,"menu_order":0,"comment_status":"closed","ping_status":"closed","template":"","meta":{"_seopress_robots_primary_cat":"","_seopress_titles_title":"","_seopress_titles_desc":"","_seopress_robots_index":"","iawp_total_views":167,"footnotes":""},"class_list":["post-678","page","type-page","status-publish","hentry"],"_links":{"self":[{"href":"https:\/\/calsa.be\/es\/wp-json\/wp\/v2\/pages\/678","targetHints":{"allow":["GET"]}}],"collection":[{"href":"https:\/\/calsa.be\/es\/wp-json\/wp\/v2\/pages"}],"about":[{"href":"https:\/\/calsa.be\/es\/wp-json\/wp\/v2\/types\/page"}],"author":[{"embeddable":true,"href":"https:\/\/calsa.be\/es\/wp-json\/wp\/v2\/users\/5"}],"replies":[{"embeddable":true,"href":"https:\/\/calsa.be\/es\/wp-json\/wp\/v2\/comments?post=678"}],"version-history":[{"count":3,"href":"https:\/\/calsa.be\/es\/wp-json\/wp\/v2\/pages\/678\/revisions"}],"predecessor-version":[{"id":698,"href":"https:\/\/calsa.be\/es\/wp-json\/wp\/v2\/pages\/678\/revisions\/698"}],"wp:attachment":[{"href":"https:\/\/calsa.be\/es\/wp-json\/wp\/v2\/media?parent=678"}],"curies":[{"name":"wp","href":"https:\/\/api.w.org\/{rel}","templated":true}]}}