{"id":109,"date":"2024-09-24T13:50:10","date_gmt":"2024-09-24T11:50:10","guid":{"rendered":"https:\/\/calsa.instawp.link\/?page_id=109"},"modified":"2024-09-25T15:10:22","modified_gmt":"2024-09-25T13:10:22","slug":"conditions-de-vente","status":"publish","type":"page","link":"https:\/\/calsa.be\/fr\/verkoopsvoorwaarden\/","title":{"rendered":"Conditions de vente"},"content":{"rendered":"<div data-elementor-type=\"wp-page\" data-elementor-id=\"109\" class=\"elementor elementor-109\" data-elementor-post-type=\"page\">\n\t\t\t\t<div class=\"elementor-element elementor-element-e014158 e-flex e-con-boxed e-con e-parent\" data-id=\"e014158\" data-element_type=\"container\" data-e-type=\"container\" data-settings=\"{&quot;background_background&quot;:&quot;classic&quot;}\">\n\t\t\t\t\t<div class=\"e-con-inner\">\n\t\t\t\t<div class=\"elementor-element elementor-element-97ad3b6 elementor-widget elementor-widget-heading\" data-id=\"97ad3b6\" data-element_type=\"widget\" data-e-type=\"widget\" data-widget_type=\"heading.default\">\n\t\t\t\t<div class=\"elementor-widget-container\">\n\t\t\t\t\t<h1 class=\"elementor-heading-title elementor-size-default\">Conditions de vente<\/h1>\t\t\t\t<\/div>\n\t\t\t\t<\/div>\n\t\t\t\t\t<\/div>\n\t\t\t\t<\/div>\n\t\t<div class=\"elementor-element elementor-element-ed16933 e-flex e-con-boxed e-con e-parent\" data-id=\"ed16933\" data-element_type=\"container\" data-e-type=\"container\">\n\t\t\t\t\t<div class=\"e-con-inner\">\n\t\t\t\t<div class=\"elementor-element elementor-element-7a8cb99 elementor-widget elementor-widget-text-editor\" data-id=\"7a8cb99\" data-element_type=\"widget\" data-e-type=\"widget\" data-widget_type=\"text-editor.default\">\n\t\t\t\t<div class=\"elementor-widget-container\">\n\t\t\t\t\t\t\t\t\t<p><strong>Conditions g\u00e9n\u00e9rales de vente.<\/strong><\/p><ol><li>Pour connecter notre entreprise, chaque commande doit \u00eatre confirm\u00e9e dans nos bureaux.<\/li><li>Nous prenons les mesures n\u00e9cessaires pour respecter les d\u00e9lais de livraison et n'assumons pas de p\u00e9nalit\u00e9s de retard.<\/li><li>Le retard de livraison ne peut en aucun cas donner lieu \u00e0 l'annulation de la commande.<\/li><li>Les marchandises voyagent aux risques et p\u00e9rils du destinataire.<\/li><li>Toute r\u00e9clamation, pour \u00eatre valable, doit \u00eatre soumise \u00e0 notre soci\u00e9t\u00e9 par \u00e9crit et au plus tard dans les 5 jours suivant la r\u00e9ception des marchandises.<\/li><li>Toutes les factures sont payables \u00e0 BE 8850 - ARDOOIE<\/li><li>Sauf disposition contraire, nos agents ou repr\u00e9sentants ne peuvent pas percevoir le montant de la facture.<\/li><li>Le risque de change est support\u00e9 par l'acheteur.<\/li><li>Sauf stipulation \u00e9crite contraire, nos factures sont payables \u00e0 30 jours \u00e0 compter de la date de facturation.<\/li><li>Toute somme non pay\u00e9e \u00e0 son \u00e9ch\u00e9ance produira de plein droit et sans mise en demeure des int\u00e9r\u00eats calcul\u00e9s sur la base du taux d'int\u00e9r\u00eat l\u00e9gal belge major\u00e9 de 2%, avec un taux d'int\u00e9r\u00eat minimum de 12%.<\/li><li>En cas de non-paiement \u00e0 l'\u00e9ch\u00e9ance, nous nous r\u00e9servons le droit de majorer le montant de la facture de 10%, avec un minimum de 50 \u20ac \u00e0 titre de clause p\u00e9nale forfaitaire et irr\u00e9ductible.<\/li><li>Le non-paiement \u00e0 l'\u00e9ch\u00e9ance d'une seule facture rend de plein droit imm\u00e9diatement exigible le solde d\u00fb de toutes les autres factures, m\u00eame celles qui ne sont pas \u00e9chues.<\/li><li>En cas d'inex\u00e9cution par l'acheteur de ses obligations, la vente pourra \u00eatre r\u00e9solue de plein droit et sans mise en demeure, sans pr\u00e9judice de nos droits \u00e0 tous dommages et int\u00e9r\u00eats. L'expression de notre volont\u00e9 par lettre recommand\u00e9e suffit \u00e0 cet effet.<\/li><li>Si notre confiance dans la solvabilit\u00e9 de l'acheteur est \u00e9branl\u00e9e par des actes d'ex\u00e9cution judiciaire \u00e0 l'encontre de l'acheteur et\/ou d'autres \u00e9v\u00e9nements d\u00e9montrables, qui remettent en question et\/ou rendent impossible notre confiance dans la bonne ex\u00e9cution des engagements pris par l'acheteur, nous nous r\u00e9servons le droit, m\u00eame si les marchandises ont d\u00e9j\u00e0 \u00e9t\u00e9 exp\u00e9di\u00e9es en tout ou en partie, de suspendre tout ou partie de la commande et d'exiger des garanties appropri\u00e9es de la part de l'acheteur. Si l'acheteur refuse d'obtemp\u00e9rer, nous nous r\u00e9servons le droit d'annuler tout ou partie de la commande. Tout ceci sans pr\u00e9judice de nos droits \u00e0 tous dommages et int\u00e9r\u00eats.<\/li><li><strong>PROPRI\u00c9T\u00c9 - Les marchandises restent notre propri\u00e9t\u00e9 jusqu'au paiement int\u00e9gral du prix. Tous les risques sont \u00e0 la charge de l'acheteur. Les acomptes vers\u00e9s nous restent acquis \u00e0 titre de d\u00e9dommagement pour les pertes \u00e9ventuelles \u00e0 la revente.<\/strong><\/li><li>Si l'acheteur transforme lui-m\u00eame les marchandises nous appartenant et les revend, il doit d\u00e8s \u00e0 pr\u00e9sent nous transf\u00e9rer \u00e0 titre de gage toutes les cr\u00e9ances r\u00e9sultant de cette revente.<\/li><li>Le tirage et\/ou l'acceptation de lettres de change ou d'autres documents n\u00e9gociables ne constituent pas une d\u00e9rogation aux conditions de vente.<\/li><li>En cas de litige, les tribunaux de Bruges ou les tribunaux du domicile de l'acheteur, \u00e0 notre choix, sont seuls comp\u00e9tents.<\/li><\/ol>\t\t\t\t\t\t\t\t<\/div>\n\t\t\t\t<\/div>\n\t\t\t\t\t<\/div>\n\t\t\t\t<\/div>\n\t\t\t\t<\/div>","protected":false},"excerpt":{"rendered":"<p>Verkoops-voorwaarden Algemene Verkoopsvoorwaarden. Om onze firma te verbinden, moet iedere bestelling in onze burelen bevestigd worden. Wij nemen de nodige maatregelen om de leveringstermijnen te eerbiedigen en nemen geen vertragingspenaliteiten aan De vertraging in de levering kan in geen geval aanleiding geven tot annulatie van de bestelling. De goederen reizen op gevaar en voor risico [&hellip;]<\/p>\n","protected":false},"author":4,"featured_media":0,"parent":0,"menu_order":0,"comment_status":"closed","ping_status":"closed","template":"","meta":{"_seopress_robots_primary_cat":"","_seopress_titles_title":"","_seopress_titles_desc":"","_seopress_robots_index":"","iawp_total_views":139,"footnotes":""},"class_list":["post-109","page","type-page","status-publish","hentry"],"_links":{"self":[{"href":"https:\/\/calsa.be\/fr\/wp-json\/wp\/v2\/pages\/109","targetHints":{"allow":["GET"]}}],"collection":[{"href":"https:\/\/calsa.be\/fr\/wp-json\/wp\/v2\/pages"}],"about":[{"href":"https:\/\/calsa.be\/fr\/wp-json\/wp\/v2\/types\/page"}],"author":[{"embeddable":true,"href":"https:\/\/calsa.be\/fr\/wp-json\/wp\/v2\/users\/4"}],"replies":[{"embeddable":true,"href":"https:\/\/calsa.be\/fr\/wp-json\/wp\/v2\/comments?post=109"}],"version-history":[{"count":16,"href":"https:\/\/calsa.be\/fr\/wp-json\/wp\/v2\/pages\/109\/revisions"}],"predecessor-version":[{"id":585,"href":"https:\/\/calsa.be\/fr\/wp-json\/wp\/v2\/pages\/109\/revisions\/585"}],"wp:attachment":[{"href":"https:\/\/calsa.be\/fr\/wp-json\/wp\/v2\/media?parent=109"}],"curies":[{"name":"wp","href":"https:\/\/api.w.org\/{rel}","templated":true}]}}