{"id":111,"date":"2024-09-24T13:50:26","date_gmt":"2024-09-24T11:50:26","guid":{"rendered":"https:\/\/calsa.instawp.link\/?page_id=111"},"modified":"2024-09-25T09:18:04","modified_gmt":"2024-09-25T07:18:04","slug":"politique-de-confidentialite","status":"publish","type":"page","link":"https:\/\/calsa.be\/fr\/privacybeleid\/","title":{"rendered":"Politique de confidentialit\u00e9"},"content":{"rendered":"<div data-elementor-type=\"wp-page\" data-elementor-id=\"111\" class=\"elementor elementor-111\" data-elementor-post-type=\"page\">\n\t\t\t\t<div class=\"elementor-element elementor-element-0a081f1 e-flex e-con-boxed e-con e-parent\" data-id=\"0a081f1\" data-element_type=\"container\" data-e-type=\"container\" data-settings=\"{&quot;background_background&quot;:&quot;classic&quot;}\">\n\t\t\t\t\t<div class=\"e-con-inner\">\n\t\t\t\t<div class=\"elementor-element elementor-element-c8b8fc5 elementor-widget elementor-widget-heading\" data-id=\"c8b8fc5\" data-element_type=\"widget\" data-e-type=\"widget\" data-widget_type=\"heading.default\">\n\t\t\t\t<div class=\"elementor-widget-container\">\n\t\t\t\t\t<h1 class=\"elementor-heading-title elementor-size-default\">Politique de confidentialit\u00e9<\/h1>\t\t\t\t<\/div>\n\t\t\t\t<\/div>\n\t\t\t\t\t<\/div>\n\t\t\t\t<\/div>\n\t\t<div class=\"elementor-element elementor-element-ef891be e-flex e-con-boxed e-con e-parent\" data-id=\"ef891be\" data-element_type=\"container\" data-e-type=\"container\">\n\t\t\t\t\t<div class=\"e-con-inner\">\n\t\t\t\t<div class=\"elementor-element elementor-element-6480eab elementor-widget elementor-widget-text-editor\" data-id=\"6480eab\" data-element_type=\"widget\" data-e-type=\"widget\" data-widget_type=\"text-editor.default\">\n\t\t\t\t<div class=\"elementor-widget-container\">\n\t\t\t\t\t\t\t\t\t<p><strong>Cookies<\/strong><br \/>Calsa utilise des cookies pour am\u00e9liorer l'exp\u00e9rience client et faciliter l'utilisation de ce site. En continuant \u00e0 naviguer sur le site de Calsa, vous acceptez l'utilisation de ces cookies.<\/p><p><strong>D\u00e9claration de confidentialit\u00e9<\/strong><br \/>La pr\u00e9sente d\u00e9claration de confidentialit\u00e9 s'applique aux informations, y compris les donn\u00e9es \u00e0 caract\u00e8re personnel (ci-apr\u00e8s d\u00e9nomm\u00e9es \"informations\"), recueillies \u00e0 votre sujet par Calsa, dont le si\u00e8ge social est situ\u00e9 Roeselaarsestraat 9B - BE 8850 Ardooie. Calsa respecte le Code de droit \u00e9conomique et la loi sur la protection de la vie priv\u00e9e du 8 d\u00e9cembre 1992, avec ses modifications successives.<br \/>Calsa peut collecter des informations vous concernant de diff\u00e9rentes mani\u00e8res, notamment par le biais de donn\u00e9es obtenues directement aupr\u00e8s de vous, de donn\u00e9es stock\u00e9es lorsque vous visitez notre site web, lorsque vous utilisez nos services, lorsque vous consultez nos publicit\u00e9s en ligne ou de donn\u00e9es que nous obtenons \u00e0 votre sujet aupr\u00e8s d'autres sources, lorsque cela est autoris\u00e9 par la loi.<br \/>Les informations peuvent comprendre, entre autres : le nom, l'adresse \u00e9lectronique, l'adresse postale, l'\u00e2ge, les pr\u00e9f\u00e9rences en mati\u00e8re d'utilisation des produits et\/ou de comportement, les donn\u00e9es d\u00e9mographiques, ...<br \/>Si vous fournissez des informations \u00e0 Calsa de quelque mani\u00e8re que ce soit, vous autorisez toujours express\u00e9ment Calsa \u00e0 utiliser ces informations aux fins suivantes :<br \/>- r\u00e9pondre \u00e0 votre demande et\/ou vous fournir la documentation n\u00e9cessaire ;<br \/>- inclure et traiter vos donn\u00e9es dans notre base de donn\u00e9es g\u00e9n\u00e9rale sur les clients ;<br \/>- le traitement des transactions que vous effectuez sur notre site web et la mise en place d'\u00e9tudes de march\u00e9 ou d'enqu\u00eates de satisfaction de la client\u00e8le ;<br \/>- mener des actions de promotion et de prospection par le biais du marketing direct par courrier (\u00e9lectronique) (cela signifie que Calsa est autoris\u00e9e \u00e0 vous fournir de la documentation sur les nouveaux produits, services et promotions de Calsa et de ses clients).<br \/>Calsa ne partage ces informations avec ses fournisseurs directs et indirects que dans la mesure n\u00e9cessaire \u00e0 l'ex\u00e9cution de votre commande. Vous autorisez express\u00e9ment Calsa \u00e0 transmettre les informations \u00e0 ses vendeurs ou fournisseurs aux fins susmentionn\u00e9es.<br \/>Vous avez le droit de demander une copie des informations que Calsa d\u00e9tient \u00e0 votre sujet, de corriger ou de faire corriger toute erreur dans les informations ou de les faire supprimer. Le consentement de Calsa \u00e0 l'utilisation des informations aux fins sp\u00e9cifi\u00e9es peut \u00eatre retir\u00e9 \u00e0 tout moment. En outre, vous pouvez vous opposer, sur demande et gratuitement, au traitement pr\u00e9vu des informations si le traitement est effectu\u00e9 \u00e0 des fins de marketing direct.<br \/>Calsa se r\u00e9serve le droit de modifier unilat\u00e9ralement et \u00e0 tout moment sa politique de confidentialit\u00e9. Calsa ne conservera pas vos donn\u00e9es personnelles plus longtemps que n\u00e9cessaire.<br \/>Ce site utilise Google Analytics. Google Analytics est un service d'analyse de site internet fourni par Google Inc (\"Google\"). Google utilise des cookies (voir ci-dessous). Les informations relatives \u00e0 votre utilisation du site web, qui peuvent \u00eatre g\u00e9n\u00e9r\u00e9es gr\u00e2ce aux cookies, sont transf\u00e9r\u00e9es et stock\u00e9es par Google sur des serveurs situ\u00e9s aux Etats-Unis. Google a pris les mesures techniques et organisationnelles n\u00e9cessaires pour prot\u00e9ger vos donn\u00e9es personnelles de mani\u00e8re ad\u00e9quate. Google a donc obtenu le certificat Privacy Shield. Le bouclier de protection de la vie priv\u00e9e est le r\u00e9sultat d'un trait\u00e9 conclu entre l'Union europ\u00e9enne et les \u00c9tats-Unis afin de garantir que vos donn\u00e9es personnelles sont prot\u00e9g\u00e9es de mani\u00e8re ad\u00e9quate, comme l'exige la loi au sein de l'Union europ\u00e9enne. Google utilise ces informations pour suivre votre utilisation du site, pour compiler des rapports sur l'activit\u00e9 du site \u00e0 destination de son \u00e9diteur et pour fournir d'autres services relatifs \u00e0 l'activit\u00e9 du site et \u00e0 l'utilisation d'Internet.<br \/>Google est susceptible de communiquer ces informations \u00e0 des tiers en cas d'obligation l\u00e9gale ou dans la mesure o\u00f9 ces tiers traitent ces donn\u00e9es pour le compte de Google. Google ne combinera pas votre adresse IP avec d'autres donn\u00e9es en sa possession. En utilisant ce site web, vous consentez \u00e0 l'installation de cookies et au traitement des donn\u00e9es par Google de la mani\u00e8re et aux fins d\u00e9crites ci-dessus. info (at) calsa.be. Vous pouvez \u00e9galement utiliser cette adresse e-mail pour exercer vos droits d'acc\u00e8s, de rectification, d'effacement, de limitation, d'opposition et de portabilit\u00e9. Vous avez toujours le droit d'introduire une plainte aupr\u00e8s de la Commission de la protection de la vie priv\u00e9e comp\u00e9tente.<\/p><p><strong>Cookies<\/strong><br \/>Un cookie est un petit fichier plac\u00e9 sur votre ordinateur lorsque vous visitez un site web, qui peut \u00eatre compris par le site web qui l'\u00e9met. Calsa utilise des cookies pour observer la mani\u00e8re dont son site web est utilis\u00e9 et pour fournir aux visiteurs qui reviennent un acc\u00e8s plus personnalis\u00e9, plus rapide et plus efficace.<br \/>Ce site web utilise \u00e9galement des cookies qui d\u00e9terminent les produits susceptibles de vous int\u00e9resser en fonction des pages que vous visitez sur ce site web. Sur la base de ces cookies et en utilisant le r\u00e9seau publicitaire de Google (Google AdWords, Google Analytics), nous pouvons vous montrer des annonces sur d'autres sites web pour des produits et services susceptibles de vous int\u00e9resser. Cette technique est appel\u00e9e \"remarketing\". Ces cookies ne contiennent aucune donn\u00e9e personnelle. Si vous ne souhaitez pas recevoir de publicit\u00e9 bas\u00e9e sur votre comportement de navigation et des cookies de remarketing, tels que ceux de Google, vous pouvez modifier les param\u00e8tres dans le gestionnaire de pr\u00e9f\u00e9rences de Google Ads. Google recommande \u00e9galement d'installer le module compl\u00e9mentaire de navigateur pour la d\u00e9sactivation de Google Analytics.<\/p><p><strong>Clause de non-responsabilit\u00e9<\/strong><br \/>Bien que Calsa s'efforce de garantir l'exhaustivit\u00e9, l'exactitude et la fiabilit\u00e9 du contenu de son site web, des erreurs occasionnelles et typographiques ne peuvent \u00eatre exclues. En aucun cas, Calsa ne peut \u00eatre tenue responsable des dommages directs ou indirects qui pourraient r\u00e9sulter de l'utilisation des informations contenues dans son site web. Aucun droit, r\u00e9clamation, engagement ou garantie ne peut \u00eatre d\u00e9riv\u00e9 des informations affich\u00e9es.<br \/>Le nom et le logo de Calsa, ainsi que tous les autres textes, photographies, logos, images et marques pr\u00e9sents sur ce site sont soumis \u00e0 des droits de propri\u00e9t\u00e9 intellectuelle. Ils sont la propri\u00e9t\u00e9 exclusive de Calsa et ne peuvent en aucun cas \u00eatre reproduits en tout ou en partie, de quelque mani\u00e8re que ce soit, sans l'accord de Calsa.<\/p><p><strong>Liens<\/strong><br \/>Notre site web peut contenir des liens vers d'autres sites web. Calsa n'est pas responsable du contenu de ces sites web, ni des avis de confidentialit\u00e9 de ces autres parties ou sites web.<\/p><p>E-<strong>courriel<\/strong><br \/>Pour toutes vos questions concernant notre site web, nos produits et nos services, veuillez nous contacter \u00e0 l'adresse \u00e9lectronique suivante : info (at) calsa.be.<\/p>\t\t\t\t\t\t\t\t<\/div>\n\t\t\t\t<\/div>\n\t\t\t\t\t<\/div>\n\t\t\t\t<\/div>\n\t\t\t\t<\/div>","protected":false},"excerpt":{"rendered":"<p>Privacybeleid CookiesCalsa gebruikt cookies voor een betere klantenervaring en een gemakkelijker gebruik van deze site. Door verder te surfen op de Calsa site gaat u akkoord met het gebruik van deze cookies. PrivacyverklaringDeze privacyverklaring is van toepassing op informatie, waaronder persoonlijke gegevens (hierna verkort \u201cInformatie\u201d), verzameld over u door Calsa, met maatschappelijke zetel te Roeselaarsestraat [&hellip;]<\/p>\n","protected":false},"author":4,"featured_media":0,"parent":0,"menu_order":0,"comment_status":"closed","ping_status":"closed","template":"","meta":{"_seopress_robots_primary_cat":"","_seopress_titles_title":"","_seopress_titles_desc":"","_seopress_robots_index":"","iawp_total_views":83,"footnotes":""},"class_list":["post-111","page","type-page","status-publish","hentry"],"_links":{"self":[{"href":"https:\/\/calsa.be\/fr\/wp-json\/wp\/v2\/pages\/111","targetHints":{"allow":["GET"]}}],"collection":[{"href":"https:\/\/calsa.be\/fr\/wp-json\/wp\/v2\/pages"}],"about":[{"href":"https:\/\/calsa.be\/fr\/wp-json\/wp\/v2\/types\/page"}],"author":[{"embeddable":true,"href":"https:\/\/calsa.be\/fr\/wp-json\/wp\/v2\/users\/4"}],"replies":[{"embeddable":true,"href":"https:\/\/calsa.be\/fr\/wp-json\/wp\/v2\/comments?post=111"}],"version-history":[{"count":4,"href":"https:\/\/calsa.be\/fr\/wp-json\/wp\/v2\/pages\/111\/revisions"}],"predecessor-version":[{"id":388,"href":"https:\/\/calsa.be\/fr\/wp-json\/wp\/v2\/pages\/111\/revisions\/388"}],"wp:attachment":[{"href":"https:\/\/calsa.be\/fr\/wp-json\/wp\/v2\/media?parent=111"}],"curies":[{"name":"wp","href":"https:\/\/api.w.org\/{rel}","templated":true}]}}