{"id":15,"date":"2024-09-24T09:15:28","date_gmt":"2024-09-24T07:15:28","guid":{"rendered":"https:\/\/calsa.instawp.link\/?page_id=15"},"modified":"2024-09-25T14:38:47","modified_gmt":"2024-09-25T12:38:47","slug":"producteurs","status":"publish","type":"page","link":"https:\/\/calsa.be\/fr\/telers\/","title":{"rendered":"Producteurs"},"content":{"rendered":"<div data-elementor-type=\"wp-page\" data-elementor-id=\"15\" class=\"elementor elementor-15\" data-elementor-post-type=\"page\">\n\t\t\t\t<div class=\"elementor-element elementor-element-10e148e e-flex e-con-boxed e-con e-parent\" data-id=\"10e148e\" data-element_type=\"container\" data-e-type=\"container\" data-settings=\"{&quot;background_background&quot;:&quot;classic&quot;}\">\n\t\t\t\t\t<div class=\"e-con-inner\">\n\t\t\t\t<div class=\"elementor-element elementor-element-0d448f4 elementor-widget elementor-widget-heading\" data-id=\"0d448f4\" data-element_type=\"widget\" data-e-type=\"widget\" data-widget_type=\"heading.default\">\n\t\t\t\t<div class=\"elementor-widget-container\">\n\t\t\t\t\t<h1 class=\"elementor-heading-title elementor-size-default\">L'accent sur la durabilit\u00e9<\/h1>\t\t\t\t<\/div>\n\t\t\t\t<\/div>\n\t\t\t\t<div class=\"elementor-element elementor-element-953c0d1 elementor-widget elementor-widget-text-editor\" data-id=\"953c0d1\" data-element_type=\"widget\" data-e-type=\"widget\" data-widget_type=\"text-editor.default\">\n\t\t\t\t<div class=\"elementor-widget-container\">\n\t\t\t\t\t\t\t\t\t<p>Calsa regarde devant elle. Cela signifie que nous portons notre attention sur l\u2019\u00e9cologie et sur l\u2019ancrage local, mais nous nous concentrons \u00e9galement sur des partenariats solides. La majorit\u00e9 de nos producteurs sont des fournisseurs depuis des ann\u00e9es. Et nos clients sont \u00e9galement rest\u00e9s constants.\u00a0 La transparence et la confiance sont le fil conducteur de notre r\u00e9seau, \u00e0 tous les niveaux et dans tous les contacts.<\/p>\t\t\t\t\t\t\t\t<\/div>\n\t\t\t\t<\/div>\n\t\t\t\t\t<\/div>\n\t\t\t\t<\/div>\n\t\t<div class=\"elementor-element elementor-element-96725c9 e-flex e-con-boxed e-con e-parent\" data-id=\"96725c9\" data-element_type=\"container\" data-e-type=\"container\">\n\t\t\t\t\t<div class=\"e-con-inner\">\n\t\t<div class=\"elementor-element elementor-element-ea67d26 e-con-full e-flex e-con e-child\" data-id=\"ea67d26\" data-element_type=\"container\" data-e-type=\"container\" data-settings=\"{&quot;background_background&quot;:&quot;classic&quot;}\">\n\t\t\t\t<div class=\"elementor-element elementor-element-976ee7d elementor-widget elementor-widget-image\" data-id=\"976ee7d\" data-element_type=\"widget\" data-e-type=\"widget\" data-widget_type=\"image.default\">\n\t\t\t\t<div class=\"elementor-widget-container\">\n\t\t\t\t\t\t\t\t\t\t\t\t\t\t\t<img alt=\"\" fetchpriority=\"high\" decoding=\"async\" width=\"800\" height=\"534\" src=\"https:\/\/calsa.be\/wp-content\/uploads\/2024\/09\/www.footoo.be-8927_LR-1024x683.jpg\" class=\"attachment-large size-large wp-image-394\" srcset=\"https:\/\/calsa.be\/wp-content\/uploads\/2024\/09\/www.footoo.be-8927_LR-1024x683.jpg 1024w, https:\/\/calsa.be\/wp-content\/uploads\/2024\/09\/www.footoo.be-8927_LR-500x334.jpg 500w, https:\/\/calsa.be\/wp-content\/uploads\/2024\/09\/www.footoo.be-8927_LR-768x512.jpg 768w, https:\/\/calsa.be\/wp-content\/uploads\/2024\/09\/www.footoo.be-8927_LR-1536x1025.jpg 1536w, https:\/\/calsa.be\/wp-content\/uploads\/2024\/09\/www.footoo.be-8927_LR.jpg 1770w\" sizes=\"(max-width: 800px) 100vw, 800px\" \/>\t\t\t\t\t\t\t\t\t\t\t\t\t\t\t<\/div>\n\t\t\t\t<\/div>\n\t\t\t\t<\/div>\n\t\t<div class=\"elementor-element elementor-element-d2ad655 e-con-full e-flex e-con e-child\" data-id=\"d2ad655\" data-element_type=\"container\" data-e-type=\"container\">\n\t\t\t\t<div class=\"elementor-element elementor-element-0a01e29 elementor-widget elementor-widget-heading\" data-id=\"0a01e29\" data-element_type=\"widget\" data-e-type=\"widget\" data-widget_type=\"heading.default\">\n\t\t\t\t<div class=\"elementor-widget-container\">\n\t\t\t\t\t<h2 class=\"elementor-heading-title elementor-size-default\">Ensemble pour un grand produit\n<\/h2>\t\t\t\t<\/div>\n\t\t\t\t<\/div>\n\t\t\t\t<div class=\"elementor-element elementor-element-fd215e4 elementor-widget elementor-widget-text-editor\" data-id=\"fd215e4\" data-element_type=\"widget\" data-e-type=\"widget\" data-widget_type=\"text-editor.default\">\n\t\t\t\t<div class=\"elementor-widget-container\">\n\t\t\t\t\t\t\t\t\t<p>Chez Calsa, un producteur est plus qu\u2019un fournisseur. Il est un v\u00e9ritable partenaire et est coresponsable de la qualit\u00e9 du produit final. En cas de probl\u00e8mes, le cultivateur peut compter sur Calsa pour des conseils de culture.<\/p><p>L'\u00e9quipe fournit des conseils et recherche activement des solutions, comme l'apport d'eau en p\u00e9riode de s\u00e9cheresse, par exemple. Nous nous renfor\u00e7ons ainsi mutuellement.<\/p>\t\t\t\t\t\t\t\t<\/div>\n\t\t\t\t<\/div>\n\t\t\t\t<\/div>\n\t\t\t\t\t<\/div>\n\t\t\t\t<\/div>\n\t\t<div class=\"elementor-element elementor-element-62dacd9 e-flex e-con-boxed e-con e-parent\" data-id=\"62dacd9\" data-element_type=\"container\" data-e-type=\"container\" data-settings=\"{&quot;background_background&quot;:&quot;classic&quot;}\">\n\t\t\t\t\t<div class=\"e-con-inner\">\n\t\t<div class=\"elementor-element elementor-element-05c53c6 e-con-full e-flex e-con e-child\" data-id=\"05c53c6\" data-element_type=\"container\" data-e-type=\"container\">\n\t\t\t\t<div class=\"elementor-element elementor-element-999117f elementor-widget elementor-widget-heading\" data-id=\"999117f\" data-element_type=\"widget\" data-e-type=\"widget\" data-widget_type=\"heading.default\">\n\t\t\t\t<div class=\"elementor-widget-container\">\n\t\t\t\t\t<h2 class=\"elementor-heading-title elementor-size-default\">Un visage familier aux cadrans\n<\/h2>\t\t\t\t<\/div>\n\t\t\t\t<\/div>\n\t\t\t\t<div class=\"elementor-element elementor-element-e6a958f elementor-widget elementor-widget-text-editor\" data-id=\"e6a958f\" data-element_type=\"widget\" data-e-type=\"widget\" data-widget_type=\"text-editor.default\">\n\t\t\t\t<div class=\"elementor-widget-container\">\n\t\t\t\t\t\t\t\t\t<p>Calsa est proche de la source, tant pour les cultures sous serre que pour les l\u00e9gumes de pleine terre. L\u2019offre des producteurs r\u00e9guliers est compl\u00e9t\u00e9e quotidiennement par des achats aupr\u00e8s des cadrans belges.<\/p><p>Les employ\u00e9s y ont leurs contacts r\u00e9guliers et les visiteurs y sont les bienvenus. En effet, en tant que pionnier, Calsa aide \u00e0 commercialiser correctement les produits et \u00e0 offrir un bon avenir aux producteurs.<\/p>\t\t\t\t\t\t\t\t<\/div>\n\t\t\t\t<\/div>\n\t\t\t\t<\/div>\n\t\t<div class=\"elementor-element elementor-element-7af8d80 e-con-full e-flex e-con e-child\" data-id=\"7af8d80\" data-element_type=\"container\" data-e-type=\"container\" data-settings=\"{&quot;background_background&quot;:&quot;classic&quot;}\">\n\t\t\t\t<div class=\"elementor-element elementor-element-9c70b20 elementor-widget elementor-widget-image\" data-id=\"9c70b20\" data-element_type=\"widget\" data-e-type=\"widget\" data-widget_type=\"image.default\">\n\t\t\t\t<div class=\"elementor-widget-container\">\n\t\t\t\t\t\t\t\t\t\t\t\t\t\t\t<img alt=\"\" decoding=\"async\" width=\"800\" height=\"534\" src=\"https:\/\/calsa.be\/wp-content\/uploads\/2024\/09\/www.footoo.be-8277_LR-kopie-1024x683.jpg\" class=\"attachment-large size-large wp-image-395\" srcset=\"https:\/\/calsa.be\/wp-content\/uploads\/2024\/09\/www.footoo.be-8277_LR-kopie-1024x683.jpg 1024w, https:\/\/calsa.be\/wp-content\/uploads\/2024\/09\/www.footoo.be-8277_LR-kopie-500x334.jpg 500w, https:\/\/calsa.be\/wp-content\/uploads\/2024\/09\/www.footoo.be-8277_LR-kopie-768x513.jpg 768w, https:\/\/calsa.be\/wp-content\/uploads\/2024\/09\/www.footoo.be-8277_LR-kopie.jpg 1494w\" sizes=\"(max-width: 800px) 100vw, 800px\" \/>\t\t\t\t\t\t\t\t\t\t\t\t\t\t\t<\/div>\n\t\t\t\t<\/div>\n\t\t\t\t<\/div>\n\t\t\t\t\t<\/div>\n\t\t\t\t<\/div>\n\t\t\t\t<\/div>","protected":false},"excerpt":{"rendered":"<p>Focus op duurzaamheid Calsa kijkt vooruit. Dat betekent aandacht voor ecologie en lokale verankering, maar ook de focus op sterke samenwerkingen. Het merendeel van onze telers zijn sinds jaar en dag leverancier. En ook onze klanten zijn honkvast. Transparantie en vertrouwen lopen als rode draad door ons netwerk, op elk niveau en bij elk contact. [&hellip;]<\/p>\n","protected":false},"author":1,"featured_media":0,"parent":0,"menu_order":0,"comment_status":"closed","ping_status":"closed","template":"","meta":{"_seopress_robots_primary_cat":"","_seopress_titles_title":"","_seopress_titles_desc":"","_seopress_robots_index":"","iawp_total_views":1419,"footnotes":""},"class_list":["post-15","page","type-page","status-publish","hentry"],"_links":{"self":[{"href":"https:\/\/calsa.be\/fr\/wp-json\/wp\/v2\/pages\/15","targetHints":{"allow":["GET"]}}],"collection":[{"href":"https:\/\/calsa.be\/fr\/wp-json\/wp\/v2\/pages"}],"about":[{"href":"https:\/\/calsa.be\/fr\/wp-json\/wp\/v2\/types\/page"}],"author":[{"embeddable":true,"href":"https:\/\/calsa.be\/fr\/wp-json\/wp\/v2\/users\/1"}],"replies":[{"embeddable":true,"href":"https:\/\/calsa.be\/fr\/wp-json\/wp\/v2\/comments?post=15"}],"version-history":[{"count":10,"href":"https:\/\/calsa.be\/fr\/wp-json\/wp\/v2\/pages\/15\/revisions"}],"predecessor-version":[{"id":529,"href":"https:\/\/calsa.be\/fr\/wp-json\/wp\/v2\/pages\/15\/revisions\/529"}],"wp:attachment":[{"href":"https:\/\/calsa.be\/fr\/wp-json\/wp\/v2\/media?parent=15"}],"curies":[{"name":"wp","href":"https:\/\/api.w.org\/{rel}","templated":true}]}}