{"id":17,"date":"2024-09-24T09:15:38","date_gmt":"2024-09-24T07:15:38","guid":{"rendered":"https:\/\/calsa.instawp.link\/?page_id=17"},"modified":"2024-10-29T17:19:05","modified_gmt":"2024-10-29T16:19:05","slug":"clients","status":"publish","type":"page","link":"https:\/\/calsa.be\/fr\/klanten\/","title":{"rendered":"Clients"},"content":{"rendered":"<div data-elementor-type=\"wp-page\" data-elementor-id=\"17\" class=\"elementor elementor-17\" data-elementor-post-type=\"page\">\n\t\t\t\t<div class=\"elementor-element elementor-element-8316548 e-flex e-con-boxed e-con e-parent\" data-id=\"8316548\" data-element_type=\"container\" data-e-type=\"container\" data-settings=\"{&quot;background_background&quot;:&quot;classic&quot;}\">\n\t\t\t\t\t<div class=\"e-con-inner\">\n\t\t\t\t<div class=\"elementor-element elementor-element-3f37244 elementor-widget elementor-widget-heading\" data-id=\"3f37244\" data-element_type=\"widget\" data-e-type=\"widget\" data-widget_type=\"heading.default\">\n\t\t\t\t<div class=\"elementor-widget-container\">\n\t\t\t\t\t<h1 class=\"elementor-heading-title elementor-size-default\">Frais quotidiens, dans le monde entier\n<\/h1>\t\t\t\t<\/div>\n\t\t\t\t<\/div>\n\t\t\t\t<div class=\"elementor-element elementor-element-720ac79 elementor-widget elementor-widget-text-editor\" data-id=\"720ac79\" data-element_type=\"widget\" data-e-type=\"widget\" data-widget_type=\"text-editor.default\">\n\t\t\t\t<div class=\"elementor-widget-container\">\n\t\t\t\t\t\t\t\t\t<p>Que ce soit dans les pays voisins ou \u00e0 l'autre bout du monde, Calsa livre des produits frais. Gr\u00e2ce \u00e0 des livraisons quotidiennes de fruits et l\u00e9gumes en provenance directe des champs. Pas de stockage de marchandises, mais une logistique rapide et une cha\u00eene de distribution courte et efficace. Notre slogan n'est pas seulement \"Fresh at heart\".<\/p>\t\t\t\t\t\t\t\t<\/div>\n\t\t\t\t<\/div>\n\t\t\t\t\t<\/div>\n\t\t\t\t<\/div>\n\t\t<div class=\"elementor-element elementor-element-7f3412d e-flex e-con-boxed e-con e-parent\" data-id=\"7f3412d\" data-element_type=\"container\" data-e-type=\"container\">\n\t\t\t\t\t<div class=\"e-con-inner\">\n\t\t<div class=\"elementor-element elementor-element-9e85590 e-con-full e-flex e-con e-child\" data-id=\"9e85590\" data-element_type=\"container\" data-e-type=\"container\" data-settings=\"{&quot;background_background&quot;:&quot;classic&quot;}\">\n\t\t\t\t<div class=\"elementor-element elementor-element-2261c18 elementor-widget elementor-widget-image\" data-id=\"2261c18\" data-element_type=\"widget\" data-e-type=\"widget\" data-widget_type=\"image.default\">\n\t\t\t\t<div class=\"elementor-widget-container\">\n\t\t\t\t\t\t\t\t\t\t\t\t\t\t\t<img alt=\"\" fetchpriority=\"high\" decoding=\"async\" width=\"800\" height=\"534\" src=\"https:\/\/calsa.be\/wp-content\/uploads\/2024\/09\/Calsa-klanten1-1024x683.jpg\" class=\"attachment-large size-large wp-image-151\" srcset=\"https:\/\/calsa.be\/wp-content\/uploads\/2024\/09\/Calsa-klanten1-1024x683.jpg 1024w, https:\/\/calsa.be\/wp-content\/uploads\/2024\/09\/Calsa-klanten1-500x334.jpg 500w, https:\/\/calsa.be\/wp-content\/uploads\/2024\/09\/Calsa-klanten1-768x512.jpg 768w, https:\/\/calsa.be\/wp-content\/uploads\/2024\/09\/Calsa-klanten1-1536x1025.jpg 1536w, https:\/\/calsa.be\/wp-content\/uploads\/2024\/09\/Calsa-klanten1.jpg 1770w\" sizes=\"(max-width: 800px) 100vw, 800px\" \/>\t\t\t\t\t\t\t\t\t\t\t\t\t\t\t<\/div>\n\t\t\t\t<\/div>\n\t\t\t\t<\/div>\n\t\t<div class=\"elementor-element elementor-element-4f1ec9e e-con-full e-flex e-con e-child\" data-id=\"4f1ec9e\" data-element_type=\"container\" data-e-type=\"container\">\n\t\t\t\t<div class=\"elementor-element elementor-element-cfc7614 elementor-widget elementor-widget-heading\" data-id=\"cfc7614\" data-element_type=\"widget\" data-e-type=\"widget\" data-widget_type=\"heading.default\">\n\t\t\t\t<div class=\"elementor-widget-container\">\n\t\t\t\t\t<h2 class=\"elementor-heading-title elementor-size-default\">Programmes sur mesure<\/h2>\t\t\t\t<\/div>\n\t\t\t\t<\/div>\n\t\t\t\t<div class=\"elementor-element elementor-element-15772b2 elementor-widget elementor-widget-text-editor\" data-id=\"15772b2\" data-element_type=\"widget\" data-e-type=\"widget\" data-widget_type=\"text-editor.default\">\n\t\t\t\t<div class=\"elementor-widget-container\">\n\t\t\t\t\t\t\t\t\t<p>Depuis, l'entreprise familiale s'est consid\u00e9rablement d\u00e9velopp\u00e9e, mais l'approche personnelle des d\u00e9buts est rest\u00e9e. Calsa parle la langue de ses clients, au sens propre du terme. Fran\u00e7ais, anglais ou m\u00eame russe : les collaborateurs ma\u00eetrisent de nombreuses langues.<\/p><p>De plus, Calsa adapte parfaitement sa gamme aux besoins de ses clients. Pour les grossistes, les supermarch\u00e9s et la transformation industrielle.<\/p>\t\t\t\t\t\t\t\t<\/div>\n\t\t\t\t<\/div>\n\t\t\t\t<\/div>\n\t\t\t\t\t<\/div>\n\t\t\t\t<\/div>\n\t\t<div class=\"elementor-element elementor-element-9fd4f47 e-flex e-con-boxed e-con e-parent\" data-id=\"9fd4f47\" data-element_type=\"container\" data-e-type=\"container\" data-settings=\"{&quot;background_background&quot;:&quot;classic&quot;}\">\n\t\t\t\t\t<div class=\"e-con-inner\">\n\t\t<div class=\"elementor-element elementor-element-8e781f4 e-con-full e-flex e-con e-child\" data-id=\"8e781f4\" data-element_type=\"container\" data-e-type=\"container\">\n\t\t\t\t<div class=\"elementor-element elementor-element-e156e1e elementor-widget elementor-widget-heading\" data-id=\"e156e1e\" data-element_type=\"widget\" data-e-type=\"widget\" data-widget_type=\"heading.default\">\n\t\t\t\t<div class=\"elementor-widget-container\">\n\t\t\t\t\t<h2 class=\"elementor-heading-title elementor-size-default\">Au c\u0153ur des principales r\u00e9gions productrices<\/h2>\t\t\t\t<\/div>\n\t\t\t\t<\/div>\n\t\t\t\t<div class=\"elementor-element elementor-element-42187a5 elementor-widget elementor-widget-text-editor\" data-id=\"42187a5\" data-element_type=\"widget\" data-e-type=\"widget\" data-widget_type=\"text-editor.default\">\n\t\t\t\t<div class=\"elementor-widget-container\">\n\t\t\t\t\t\t\t\t\t<p>Le centre de battage de Calsa se trouve \u00e0 Ardooie. En plein milieu des champs de l\u00e9gumes de plein champ de Flandre occidentale.<\/p><p>L'entreprise s\u0153ur FMB, situ\u00e9e \u00e0 Sint-Katelijne-Waver, se trouve quant \u00e0 elle \u00e0 proximit\u00e9 de la plus grande r\u00e9gion de culture sous serre. Nous sommes \u00e9galement pr\u00e9sents \u00e0 Haspengouw, une r\u00e9gion importante pour les fruits.<\/p>\t\t\t\t\t\t\t\t<\/div>\n\t\t\t\t<\/div>\n\t\t\t\t<\/div>\n\t\t<div class=\"elementor-element elementor-element-3769b72 e-con-full e-flex e-con e-child\" data-id=\"3769b72\" data-element_type=\"container\" data-e-type=\"container\" data-settings=\"{&quot;background_background&quot;:&quot;classic&quot;}\">\n\t\t\t\t<div class=\"elementor-element elementor-element-3fdd7e9 elementor-widget elementor-widget-image\" data-id=\"3fdd7e9\" data-element_type=\"widget\" data-e-type=\"widget\" data-widget_type=\"image.default\">\n\t\t\t\t<div class=\"elementor-widget-container\">\n\t\t\t\t\t\t\t\t\t\t\t\t\t\t\t<img alt=\"\" decoding=\"async\" width=\"800\" height=\"534\" src=\"https:\/\/calsa.be\/wp-content\/uploads\/2024\/09\/Gebroeder-michiels-2-1024x683.jpg\" class=\"attachment-large size-large wp-image-53\" srcset=\"https:\/\/calsa.be\/wp-content\/uploads\/2024\/09\/Gebroeder-michiels-2-1024x683.jpg 1024w, https:\/\/calsa.be\/wp-content\/uploads\/2024\/09\/Gebroeder-michiels-2-500x334.jpg 500w, https:\/\/calsa.be\/wp-content\/uploads\/2024\/09\/Gebroeder-michiels-2-768x512.jpg 768w, https:\/\/calsa.be\/wp-content\/uploads\/2024\/09\/Gebroeder-michiels-2.jpg 1151w\" sizes=\"(max-width: 800px) 100vw, 800px\" \/>\t\t\t\t\t\t\t\t\t\t\t\t\t\t\t<\/div>\n\t\t\t\t<\/div>\n\t\t\t\t<\/div>\n\t\t\t\t\t<\/div>\n\t\t\t\t<\/div>\n\t\t<div class=\"elementor-element elementor-element-5dd68ab e-flex e-con-boxed e-con e-parent\" data-id=\"5dd68ab\" data-element_type=\"container\" data-e-type=\"container\">\n\t\t\t\t\t<div class=\"e-con-inner\">\n\t\t<div class=\"elementor-element elementor-element-3a8d7eb e-con-full e-flex e-con e-child\" data-id=\"3a8d7eb\" data-element_type=\"container\" data-e-type=\"container\" data-settings=\"{&quot;background_background&quot;:&quot;classic&quot;}\">\n\t\t\t\t<div class=\"elementor-element elementor-element-f9bcf33 elementor-widget elementor-widget-image\" data-id=\"f9bcf33\" data-element_type=\"widget\" data-e-type=\"widget\" data-widget_type=\"image.default\">\n\t\t\t\t<div class=\"elementor-widget-container\">\n\t\t\t\t\t\t\t\t\t\t\t\t\t\t\t<img alt=\"\" decoding=\"async\" width=\"800\" height=\"533\" src=\"https:\/\/calsa.be\/wp-content\/uploads\/2024\/09\/knolseldertelen.jpg\" class=\"attachment-large size-large wp-image-145\" srcset=\"https:\/\/calsa.be\/wp-content\/uploads\/2024\/09\/knolseldertelen.jpg 900w, https:\/\/calsa.be\/wp-content\/uploads\/2024\/09\/knolseldertelen-500x333.jpg 500w, https:\/\/calsa.be\/wp-content\/uploads\/2024\/09\/knolseldertelen-768x512.jpg 768w\" sizes=\"(max-width: 800px) 100vw, 800px\" \/>\t\t\t\t\t\t\t\t\t\t\t\t\t\t\t<\/div>\n\t\t\t\t<\/div>\n\t\t\t\t<\/div>\n\t\t<div class=\"elementor-element elementor-element-5fe3a53 e-con-full e-flex e-con e-child\" data-id=\"5fe3a53\" data-element_type=\"container\" data-e-type=\"container\">\n\t\t\t\t<div class=\"elementor-element elementor-element-2bb4031 elementor-widget elementor-widget-heading\" data-id=\"2bb4031\" data-element_type=\"widget\" data-e-type=\"widget\" data-widget_type=\"heading.default\">\n\t\t\t\t<div class=\"elementor-widget-container\">\n\t\t\t\t\t<h2 class=\"elementor-heading-title elementor-size-default\">Vision \u00e0 long terme\n<\/h2>\t\t\t\t<\/div>\n\t\t\t\t<\/div>\n\t\t\t\t<div class=\"elementor-element elementor-element-b5ed538 elementor-widget elementor-widget-text-editor\" data-id=\"b5ed538\" data-element_type=\"widget\" data-e-type=\"widget\" data-widget_type=\"text-editor.default\">\n\t\t\t\t<div class=\"elementor-widget-container\">\n\t\t\t\t\t\t\t\t\t<p>Le centre de battage de Calsa se trouve \u00e0 Ardooie. En plein milieu des champs de l\u00e9gumes de plein champ de Flandre occidentale.<\/p><p>L'entreprise s\u0153ur FMB, situ\u00e9e \u00e0 Sint-Katelijne-Waver, se trouve quant \u00e0 elle \u00e0 proximit\u00e9 de la plus grande r\u00e9gion de culture sous serre. Nous sommes \u00e9galement pr\u00e9sents \u00e0 Haspengouw, une r\u00e9gion importante pour les fruits.<\/p>\t\t\t\t\t\t\t\t<\/div>\n\t\t\t\t<\/div>\n\t\t\t\t<\/div>\n\t\t\t\t\t<\/div>\n\t\t\t\t<\/div>\n\t\t\t\t<\/div>","protected":false},"excerpt":{"rendered":"<p>Dagvers, de wereld rond Of het nu naar een van de buurlanden of aan de andere kant van de wereld is: Calsa levert vers. Dankzij dagelijkse aanvoer van groenten en fruit, recht van het veld. Geen stockage van goederen, wel een snelle logistiek en een korte, effici\u00ebnte distributieketen. Onze slogan is niet zomaar \u201cFresh at [&hellip;]<\/p>\n","protected":false},"author":1,"featured_media":0,"parent":0,"menu_order":0,"comment_status":"closed","ping_status":"closed","template":"","meta":{"_seopress_robots_primary_cat":"","_seopress_titles_title":"","_seopress_titles_desc":"","_seopress_robots_index":"","iawp_total_views":1255,"footnotes":""},"class_list":["post-17","page","type-page","status-publish","hentry"],"_links":{"self":[{"href":"https:\/\/calsa.be\/fr\/wp-json\/wp\/v2\/pages\/17","targetHints":{"allow":["GET"]}}],"collection":[{"href":"https:\/\/calsa.be\/fr\/wp-json\/wp\/v2\/pages"}],"about":[{"href":"https:\/\/calsa.be\/fr\/wp-json\/wp\/v2\/types\/page"}],"author":[{"embeddable":true,"href":"https:\/\/calsa.be\/fr\/wp-json\/wp\/v2\/users\/1"}],"replies":[{"embeddable":true,"href":"https:\/\/calsa.be\/fr\/wp-json\/wp\/v2\/comments?post=17"}],"version-history":[{"count":3,"href":"https:\/\/calsa.be\/fr\/wp-json\/wp\/v2\/pages\/17\/revisions"}],"predecessor-version":[{"id":661,"href":"https:\/\/calsa.be\/fr\/wp-json\/wp\/v2\/pages\/17\/revisions\/661"}],"wp:attachment":[{"href":"https:\/\/calsa.be\/fr\/wp-json\/wp\/v2\/media?parent=17"}],"curies":[{"name":"wp","href":"https:\/\/api.w.org\/{rel}","templated":true}]}}