{"id":23,"date":"2024-09-24T09:16:12","date_gmt":"2024-09-24T07:16:12","guid":{"rendered":"https:\/\/calsa.instawp.link\/?page_id=23"},"modified":"2024-10-29T14:27:53","modified_gmt":"2024-10-29T13:27:53","slug":"notre-entreprise","status":"publish","type":"page","link":"https:\/\/calsa.be\/fr\/ons-bedrijf\/","title":{"rendered":"Notre entreprise"},"content":{"rendered":"<div data-elementor-type=\"wp-page\" data-elementor-id=\"23\" class=\"elementor elementor-23\" data-elementor-post-type=\"page\">\n\t\t\t\t<div class=\"elementor-element elementor-element-9c8de56 e-flex e-con-boxed e-con e-parent\" data-id=\"9c8de56\" data-element_type=\"container\" data-e-type=\"container\" data-settings=\"{&quot;background_background&quot;:&quot;classic&quot;}\">\n\t\t\t\t\t<div class=\"e-con-inner\">\n\t\t\t\t<div class=\"elementor-element elementor-element-aad56c0 elementor-widget elementor-widget-heading\" data-id=\"aad56c0\" data-element_type=\"widget\" data-e-type=\"widget\" data-widget_type=\"heading.default\">\n\t\t\t\t<div class=\"elementor-widget-container\">\n\t\t\t\t\t<h1 class=\"elementor-heading-title elementor-size-default\">DU CHAMP \u00c0 VOTRE ASSIETTE<\/h1>\t\t\t\t<\/div>\n\t\t\t\t<\/div>\n\t\t\t\t<div class=\"elementor-element elementor-element-47fc861 elementor-widget elementor-widget-text-editor\" data-id=\"47fc861\" data-element_type=\"widget\" data-e-type=\"widget\" data-widget_type=\"text-editor.default\">\n\t\t\t\t<div class=\"elementor-widget-container\">\n\t\t\t\t\t\t\t\t\t<p>Une entreprise familiale de c\u0153ur et d\u2019esprit qui s\u2019occupe enti\u00e8rement de ses clients. C\u2019est Calsa. En tant qu\u2019exportateur renomm\u00e9 de fruits et l\u00e9gumes, l\u2019\u00e9quipe transporte quotidiennement des produits frais en Europe. Nous avons des d\u00e9parts chaque jour vers la France, le Royaume-Uni, l'Italie, le Portugal et beaucoup d'autres pays. Nous nous occupons \u00e9galmement de la gestion de l\u2019administration et l\u2019emballage sur mesure pour la destination ou le traitement ult\u00e9rieur.<\/p>\t\t\t\t\t\t\t\t<\/div>\n\t\t\t\t<\/div>\n\t\t\t\t\t<\/div>\n\t\t\t\t<\/div>\n\t\t<div class=\"elementor-element elementor-element-035c38a e-flex e-con-boxed e-con e-parent\" data-id=\"035c38a\" data-element_type=\"container\" data-e-type=\"container\">\n\t\t\t\t\t<div class=\"e-con-inner\">\n\t\t<div class=\"elementor-element elementor-element-9701cff e-con-full e-flex e-con e-child\" data-id=\"9701cff\" data-element_type=\"container\" data-e-type=\"container\">\n\t\t\t\t<div class=\"elementor-element elementor-element-6958bc1 elementor-widget elementor-widget-heading\" data-id=\"6958bc1\" data-element_type=\"widget\" data-e-type=\"widget\" data-widget_type=\"heading.default\">\n\t\t\t\t<div class=\"elementor-widget-container\">\n\t\t\t\t\t<h2 class=\"elementor-heading-title elementor-size-default\">Calsa en chiffres<\/h2>\t\t\t\t<\/div>\n\t\t\t\t<\/div>\n\t\t\t\t<div class=\"elementor-element elementor-element-1dc915c elementor-widget elementor-widget-text-editor\" data-id=\"1dc915c\" data-element_type=\"widget\" data-e-type=\"widget\" data-widget_type=\"text-editor.default\">\n\t\t\t\t<div class=\"elementor-widget-container\">\n\t\t\t\t\t\t\t\t\t<p>Nous sommes 100% derri\u00e8re nos produits. Un chiffre qui compte. Avec des programmes sur mesure pour nos clients, nous leur livrons exactement ce qu'ils veulent, quand ils le veulent et comme ils le veulent. Tous les jours frais et avec la garantie d'une haute qualit\u00e9. C'est l'heure des statistiques.<\/p>\t\t\t\t\t\t\t\t<\/div>\n\t\t\t\t<\/div>\n\t\t\t\t<\/div>\n\t\t<div class=\"elementor-element elementor-element-9a2bc00 e-con-full e-grid e-con e-child\" data-id=\"9a2bc00\" data-element_type=\"container\" data-e-type=\"container\" data-settings=\"{&quot;background_background&quot;:&quot;classic&quot;}\">\n\t\t\t\t<div class=\"elementor-element elementor-element-b3658f2 elementor-widget__width-initial elementor-position-top elementor-widget elementor-widget-image-box\" data-id=\"b3658f2\" data-element_type=\"widget\" data-e-type=\"widget\" data-widget_type=\"image-box.default\">\n\t\t\t\t<div class=\"elementor-widget-container\">\n\t\t\t\t\t<div class=\"elementor-image-box-wrapper\"><figure class=\"elementor-image-box-img\"><img alt=\"\" decoding=\"async\" width=\"160\" height=\"160\" src=\"https:\/\/calsa.be\/wp-content\/uploads\/2024\/09\/Calsa-bedrijf3.png\" class=\"attachment-full size-full wp-image-173\" srcset=\"https:\/\/calsa.be\/wp-content\/uploads\/2024\/09\/Calsa-bedrijf3.png 160w, https:\/\/calsa.be\/wp-content\/uploads\/2024\/09\/Calsa-bedrijf3-150x150.png 150w\" sizes=\"(max-width: 160px) 100vw, 160px\" \/><\/figure><div class=\"elementor-image-box-content\"><h4 class=\"elementor-image-box-title\">Exportation vers &gt;30 pays<\/h4><\/div><\/div>\t\t\t\t<\/div>\n\t\t\t\t<\/div>\n\t\t\t\t<div class=\"elementor-element elementor-element-98258cc elementor-position-top elementor-widget elementor-widget-image-box\" data-id=\"98258cc\" data-element_type=\"widget\" data-e-type=\"widget\" data-widget_type=\"image-box.default\">\n\t\t\t\t<div class=\"elementor-widget-container\">\n\t\t\t\t\t<div class=\"elementor-image-box-wrapper\"><figure class=\"elementor-image-box-img\"><img alt=\"\" decoding=\"async\" width=\"160\" height=\"160\" src=\"https:\/\/calsa.be\/wp-content\/uploads\/2024\/09\/Calsa-bedrijf4.png\" class=\"attachment-full size-full wp-image-174\" srcset=\"https:\/\/calsa.be\/wp-content\/uploads\/2024\/09\/Calsa-bedrijf4.png 160w, https:\/\/calsa.be\/wp-content\/uploads\/2024\/09\/Calsa-bedrijf4-150x150.png 150w\" sizes=\"(max-width: 160px) 100vw, 160px\" \/><\/figure><div class=\"elementor-image-box-content\"><h4 class=\"elementor-image-box-title\">75% produits belges<\/h4><\/div><\/div>\t\t\t\t<\/div>\n\t\t\t\t<\/div>\n\t\t\t\t<div class=\"elementor-element elementor-element-3d302f8 elementor-position-top elementor-widget elementor-widget-image-box\" data-id=\"3d302f8\" data-element_type=\"widget\" data-e-type=\"widget\" data-widget_type=\"image-box.default\">\n\t\t\t\t<div class=\"elementor-widget-container\">\n\t\t\t\t\t<div class=\"elementor-image-box-wrapper\"><figure class=\"elementor-image-box-img\"><img alt=\"\" decoding=\"async\" width=\"160\" height=\"160\" src=\"https:\/\/calsa.be\/wp-content\/uploads\/2024\/09\/Calsa-bedrijf5.png\" class=\"attachment-full size-full wp-image-175\" srcset=\"https:\/\/calsa.be\/wp-content\/uploads\/2024\/09\/Calsa-bedrijf5.png 160w, https:\/\/calsa.be\/wp-content\/uploads\/2024\/09\/Calsa-bedrijf5-150x150.png 150w\" sizes=\"(max-width: 160px) 100vw, 160px\" \/><\/figure><div class=\"elementor-image-box-content\"><h4 class=\"elementor-image-box-title\">48 000 tonnes par an<\/h4><\/div><\/div>\t\t\t\t<\/div>\n\t\t\t\t<\/div>\n\t\t\t\t<div class=\"elementor-element elementor-element-36825b5 elementor-position-top elementor-widget elementor-widget-image-box\" data-id=\"36825b5\" data-element_type=\"widget\" data-e-type=\"widget\" data-widget_type=\"image-box.default\">\n\t\t\t\t<div class=\"elementor-widget-container\">\n\t\t\t\t\t<div class=\"elementor-image-box-wrapper\"><figure class=\"elementor-image-box-img\"><img alt=\"\" loading=\"lazy\" decoding=\"async\" width=\"160\" height=\"160\" src=\"https:\/\/calsa.be\/wp-content\/uploads\/2024\/09\/Calsa-bedrijf6.png\" class=\"attachment-full size-full wp-image-176\" srcset=\"https:\/\/calsa.be\/wp-content\/uploads\/2024\/09\/Calsa-bedrijf6.png 160w, https:\/\/calsa.be\/wp-content\/uploads\/2024\/09\/Calsa-bedrijf6-150x150.png 150w\" sizes=\"(max-width: 160px) 100vw, 160px\" \/><\/figure><div class=\"elementor-image-box-content\"><h4 class=\"elementor-image-box-title\">9% chargement plus efficace<\/h4><\/div><\/div>\t\t\t\t<\/div>\n\t\t\t\t<\/div>\n\t\t\t\t<\/div>\n\t\t\t\t\t<\/div>\n\t\t\t\t<\/div>\n\t\t<div class=\"elementor-element elementor-element-f308f7b e-flex e-con-boxed e-con e-parent\" data-id=\"f308f7b\" data-element_type=\"container\" data-e-type=\"container\" data-settings=\"{&quot;background_background&quot;:&quot;classic&quot;}\">\n\t\t\t\t\t<div class=\"e-con-inner\">\n\t\t<div class=\"elementor-element elementor-element-8ba5000 e-con-full e-flex e-con e-child\" data-id=\"8ba5000\" data-element_type=\"container\" data-e-type=\"container\" data-settings=\"{&quot;background_background&quot;:&quot;classic&quot;}\">\n\t\t\t\t<div class=\"elementor-element elementor-element-7e879a0 elementor-widget__width-inherit elementor-widget elementor-widget-image\" data-id=\"7e879a0\" data-element_type=\"widget\" data-e-type=\"widget\" data-widget_type=\"image.default\">\n\t\t\t\t<div class=\"elementor-widget-container\">\n\t\t\t\t\t\t\t\t\t\t\t\t\t\t\t<img alt=\"\" loading=\"lazy\" decoding=\"async\" width=\"500\" height=\"700\" src=\"https:\/\/calsa.be\/wp-content\/uploads\/2024\/09\/Calsa-bedrijf1.jpg\" class=\"attachment-large size-large wp-image-171\" srcset=\"https:\/\/calsa.be\/wp-content\/uploads\/2024\/09\/Calsa-bedrijf1.jpg 500w, https:\/\/calsa.be\/wp-content\/uploads\/2024\/09\/Calsa-bedrijf1-357x500.jpg 357w\" sizes=\"(max-width: 500px) 100vw, 500px\" \/>\t\t\t\t\t\t\t\t\t\t\t\t\t\t\t<\/div>\n\t\t\t\t<\/div>\n\t\t\t\t<div class=\"elementor-element elementor-element-de1c045 elementor-widget__width-initial elementor-widget elementor-widget-heading\" data-id=\"de1c045\" data-element_type=\"widget\" data-e-type=\"widget\" data-widget_type=\"heading.default\">\n\t\t\t\t<div class=\"elementor-widget-container\">\n\t\t\t\t\t<h3 class=\"elementor-heading-title elementor-size-default\">21 employ\u00e9s, 1 \u00e9quipe<\/h3>\t\t\t\t<\/div>\n\t\t\t\t<\/div>\n\t\t\t\t<div class=\"elementor-element elementor-element-75d273a elementor-widget elementor-widget-text-editor\" data-id=\"75d273a\" data-element_type=\"widget\" data-e-type=\"widget\" data-widget_type=\"text-editor.default\">\n\t\t\t\t<div class=\"elementor-widget-container\">\n\t\t\t\t\t\t\t\t\t<p>Ce n'est pas la quantit\u00e9 mais la qualit\u00e9 qui pr\u00e9vaut. Cela s'applique \u00e9galement \u00e0 l'\u00e9quipe de Calsa. Nos 21 collaborateurs sont des hommes et des femmes de tous \u00e2ges. Ce qu'ils ont en commun ?<\/p><p>Ils sont des experts dans leur domaine. Du responsable de la qualit\u00e9 \u00e0 l'expert en logistique. Nous parlons la langue de nos clients, au sens propre comme au sens figur\u00e9.<\/p>\t\t\t\t\t\t\t\t<\/div>\n\t\t\t\t<\/div>\n\t\t\t\t<\/div>\n\t\t<div class=\"elementor-element elementor-element-e925b48 e-con-full e-flex e-con e-child\" data-id=\"e925b48\" data-element_type=\"container\" data-e-type=\"container\" data-settings=\"{&quot;background_background&quot;:&quot;classic&quot;}\">\n\t\t\t\t<div class=\"elementor-element elementor-element-3e3c8f4 elementor-widget__width-inherit elementor-widget elementor-widget-image\" data-id=\"3e3c8f4\" data-element_type=\"widget\" data-e-type=\"widget\" data-widget_type=\"image.default\">\n\t\t\t\t<div class=\"elementor-widget-container\">\n\t\t\t\t\t\t\t\t\t\t\t\t\t\t\t<img alt=\"\" loading=\"lazy\" decoding=\"async\" width=\"500\" height=\"700\" src=\"https:\/\/calsa.be\/wp-content\/uploads\/2024\/09\/Calsa-bedrijf2.jpg\" class=\"attachment-large size-large wp-image-172\" srcset=\"https:\/\/calsa.be\/wp-content\/uploads\/2024\/09\/Calsa-bedrijf2.jpg 500w, https:\/\/calsa.be\/wp-content\/uploads\/2024\/09\/Calsa-bedrijf2-357x500.jpg 357w\" sizes=\"(max-width: 500px) 100vw, 500px\" \/>\t\t\t\t\t\t\t\t\t\t\t\t\t\t\t<\/div>\n\t\t\t\t<\/div>\n\t\t\t\t<div class=\"elementor-element elementor-element-3a3681d elementor-widget__width-initial elementor-widget elementor-widget-heading\" data-id=\"3a3681d\" data-element_type=\"widget\" data-e-type=\"widget\" data-widget_type=\"heading.default\">\n\t\t\t\t<div class=\"elementor-widget-container\">\n\t\t\t\t\t<h3 class=\"elementor-heading-title elementor-size-default\">3 g\u00e9n\u00e9rations avec une vision<\/h3>\t\t\t\t<\/div>\n\t\t\t\t<\/div>\n\t\t\t\t<div class=\"elementor-element elementor-element-02f56e0 elementor-widget elementor-widget-text-editor\" data-id=\"02f56e0\" data-element_type=\"widget\" data-e-type=\"widget\" data-widget_type=\"text-editor.default\">\n\t\t\t\t<div class=\"elementor-widget-container\">\n\t\t\t\t\t\t\t\t\t<p>Calsa est une entreprise familiale de c\u0153ur et d\u2019esprit. Avec Pol, Jeroen et Charlotte, c\u2019est d\u00e9j\u00e0 la troisi\u00e8me g\u00e9n\u00e9ration qui est aux commandes. Le caract\u00e8re familial et l\u2019approche personnelle caract\u00e9risent l\u2019atmosph\u00e8re entre les employ\u00e9s et les relations avec nos clients.<\/p><p>Le caract\u00e8re familial et l'approche personnelle caract\u00e9risent l'atmosph\u00e8re entre les employ\u00e9s et dans les relations avec nos clients.<\/p>\t\t\t\t\t\t\t\t<\/div>\n\t\t\t\t<\/div>\n\t\t\t\t<div class=\"elementor-element elementor-element-7a7cf0b elementor-align-right elementor-widget elementor-widget-button\" data-id=\"7a7cf0b\" data-element_type=\"widget\" data-e-type=\"widget\" data-widget_type=\"button.default\">\n\t\t\t\t<div class=\"elementor-widget-container\">\n\t\t\t\t\t\t\t\t\t<div class=\"elementor-button-wrapper\">\n\t\t\t\t\t<a class=\"elementor-button elementor-button-link elementor-size-sm elementor-animation-grow\" href=\"\/fr\/la-durabilite\/\">\n\t\t\t\t\t\t<span class=\"elementor-button-content-wrapper\">\n\t\t\t\t\t\t<span class=\"elementor-button-icon\">\n\t\t\t\t<svg aria-hidden=\"true\" class=\"e-font-icon-svg e-fas-long-arrow-alt-right\" viewbox=\"0 0 448 512\" xmlns=\"http:\/\/www.w3.org\/2000\/svg\"><path d=\"M313.941 216H12c-6.627 0-12 5.373-12 12v56c0 6.627 5.373 12 12 12h301.941v46.059c0 21.382 25.851 32.09 40.971 16.971l86.059-86.059c9.373-9.373 9.373-24.569 0-33.941l-86.059-86.059c-15.119-15.119-40.971-4.411-40.971 16.971V216z\"><\/path><\/svg>\t\t\t<\/span>\n\t\t\t\t\t\t\t\t\t<span class=\"elementor-button-text\">En savoir plus sur notre approche durable <\/span>\n\t\t\t\t\t<\/span>\n\t\t\t\t\t<\/a>\n\t\t\t\t<\/div>\n\t\t\t\t\t\t\t\t<\/div>\n\t\t\t\t<\/div>\n\t\t\t\t<\/div>\n\t\t\t\t\t<\/div>\n\t\t\t\t<\/div>\n\t\t<div class=\"elementor-element elementor-element-1bb02c9 e-flex e-con-boxed e-con e-parent\" data-id=\"1bb02c9\" data-element_type=\"container\" data-e-type=\"container\" data-settings=\"{&quot;background_background&quot;:&quot;classic&quot;}\">\n\t\t\t\t\t<div class=\"e-con-inner\">\n\t\t<div class=\"elementor-element elementor-element-a20abc8 e-con-full e-flex e-con e-child\" data-id=\"a20abc8\" data-element_type=\"container\" data-e-type=\"container\" data-settings=\"{&quot;background_background&quot;:&quot;classic&quot;}\">\n\t\t\t\t<div class=\"elementor-element elementor-element-f83f168 elementor-widget elementor-widget-image\" data-id=\"f83f168\" data-element_type=\"widget\" data-e-type=\"widget\" data-widget_type=\"image.default\">\n\t\t\t\t<div class=\"elementor-widget-container\">\n\t\t\t\t\t\t\t\t\t\t\t\t\t\t\t<img alt=\"\" loading=\"lazy\" decoding=\"async\" width=\"800\" height=\"534\" src=\"https:\/\/calsa.be\/wp-content\/uploads\/2024\/09\/Calsa-bedrijf7-1024x683.jpg\" class=\"attachment-large size-large wp-image-177\" srcset=\"https:\/\/calsa.be\/wp-content\/uploads\/2024\/09\/Calsa-bedrijf7-1024x683.jpg 1024w, https:\/\/calsa.be\/wp-content\/uploads\/2024\/09\/Calsa-bedrijf7-500x334.jpg 500w, https:\/\/calsa.be\/wp-content\/uploads\/2024\/09\/Calsa-bedrijf7-768x512.jpg 768w, https:\/\/calsa.be\/wp-content\/uploads\/2024\/09\/Calsa-bedrijf7-1536x1025.jpg 1536w, https:\/\/calsa.be\/wp-content\/uploads\/2024\/09\/Calsa-bedrijf7.jpg 1770w\" sizes=\"(max-width: 800px) 100vw, 800px\" \/>\t\t\t\t\t\t\t\t\t\t\t\t\t\t\t<\/div>\n\t\t\t\t<\/div>\n\t\t\t\t<\/div>\n\t\t<div class=\"elementor-element elementor-element-6483cc7 e-con-full e-flex e-con e-child\" data-id=\"6483cc7\" data-element_type=\"container\" data-e-type=\"container\">\n\t\t\t\t<div class=\"elementor-element elementor-element-bb2d124 elementor-widget elementor-widget-heading\" data-id=\"bb2d124\" data-element_type=\"widget\" data-e-type=\"widget\" data-widget_type=\"heading.default\">\n\t\t\t\t<div class=\"elementor-widget-container\">\n\t\t\t\t\t<h2 class=\"elementor-heading-title elementor-size-default\">L'accent sur la durabilit\u00e9<\/h2>\t\t\t\t<\/div>\n\t\t\t\t<\/div>\n\t\t\t\t<div class=\"elementor-element elementor-element-b603acd elementor-widget elementor-widget-text-editor\" data-id=\"b603acd\" data-element_type=\"widget\" data-e-type=\"widget\" data-widget_type=\"text-editor.default\">\n\t\t\t\t<div class=\"elementor-widget-container\">\n\t\t\t\t\t\t\t\t\t<p>Calsa regarde devant elle. Cela signifie qu\u2019il faut pr\u00eater attention \u00e0 l\u2019\u00e9cologie et \u00e0 l\u2019ancrage local, mais aussi se concentrer sur des partenariats solides. Nous avons par exemple deux ruches qui contribuent \u00e0 la survie des abeilles dans notre r\u00e9gion.\n\nLa majorit\u00e9 de nos producteurs sont des fournisseurs depuis des ann\u00e9es. Et nos clients sont \u00e9galement rest\u00e9s constants.\u00a0 La transparence et la confiance sont le fil conducteur de notre r\u00e9seau, \u00e0 tous les niveaux et dans tous les contacts.<\/p><p>La plupart de nos producteurs sont des fournisseurs de longue date. Et nos clients sont \u00e9galement fid\u00e8les. La transparence et la confiance sont le fil conducteur de notre r\u00e9seau, \u00e0 tous les niveaux et dans tous les contacts.<\/p>\t\t\t\t\t\t\t\t<\/div>\n\t\t\t\t<\/div>\n\t\t\t\t<\/div>\n\t\t\t\t\t<\/div>\n\t\t\t\t<\/div>\n\t\t\t\t<\/div>","protected":false},"excerpt":{"rendered":"<p>Van het veld op je bord Een familiebedrijf in hart en nieren dat zijn klanten volledig ontzorgt. Dat is Calsa. Als gerenommeerd exporteur van groenten en fruit brengt het team dagelijks verse producten de wereld rond. Inclusief afhandeling van de administratie en verpakking op maat van de bestemming of verdere verwerking. Calsa in cijfers We [&hellip;]<\/p>\n","protected":false},"author":1,"featured_media":0,"parent":0,"menu_order":0,"comment_status":"closed","ping_status":"closed","template":"","meta":{"_seopress_robots_primary_cat":"","_seopress_titles_title":"","_seopress_titles_desc":"","_seopress_robots_index":"","iawp_total_views":2864,"footnotes":""},"class_list":["post-23","page","type-page","status-publish","hentry"],"_links":{"self":[{"href":"https:\/\/calsa.be\/fr\/wp-json\/wp\/v2\/pages\/23","targetHints":{"allow":["GET"]}}],"collection":[{"href":"https:\/\/calsa.be\/fr\/wp-json\/wp\/v2\/pages"}],"about":[{"href":"https:\/\/calsa.be\/fr\/wp-json\/wp\/v2\/types\/page"}],"author":[{"embeddable":true,"href":"https:\/\/calsa.be\/fr\/wp-json\/wp\/v2\/users\/1"}],"replies":[{"embeddable":true,"href":"https:\/\/calsa.be\/fr\/wp-json\/wp\/v2\/comments?post=23"}],"version-history":[{"count":103,"href":"https:\/\/calsa.be\/fr\/wp-json\/wp\/v2\/pages\/23\/revisions"}],"predecessor-version":[{"id":640,"href":"https:\/\/calsa.be\/fr\/wp-json\/wp\/v2\/pages\/23\/revisions\/640"}],"wp:attachment":[{"href":"https:\/\/calsa.be\/fr\/wp-json\/wp\/v2\/media?parent=23"}],"curies":[{"name":"wp","href":"https:\/\/api.w.org\/{rel}","templated":true}]}}