{"id":27,"date":"2024-09-24T09:16:40","date_gmt":"2024-09-24T07:16:40","guid":{"rendered":"https:\/\/calsa.instawp.link\/?page_id=27"},"modified":"2024-09-25T14:59:09","modified_gmt":"2024-09-25T12:59:09","slug":"la-durabilite","status":"publish","type":"page","link":"https:\/\/calsa.be\/fr\/duurzaamheid\/","title":{"rendered":"Durabilit\u00e9"},"content":{"rendered":"<div data-elementor-type=\"wp-page\" data-elementor-id=\"27\" class=\"elementor elementor-27\" data-elementor-post-type=\"page\">\n\t\t\t\t<div class=\"elementor-element elementor-element-bbda7cf e-flex e-con-boxed e-con e-parent\" data-id=\"bbda7cf\" data-element_type=\"container\" data-e-type=\"container\" data-settings=\"{&quot;background_background&quot;:&quot;classic&quot;}\">\n\t\t\t\t\t<div class=\"e-con-inner\">\n\t\t\t\t<div class=\"elementor-element elementor-element-6d62896 elementor-widget elementor-widget-heading\" data-id=\"6d62896\" data-element_type=\"widget\" data-e-type=\"widget\" data-widget_type=\"heading.default\">\n\t\t\t\t<div class=\"elementor-widget-container\">\n\t\t\t\t\t<h1 class=\"elementor-heading-title elementor-size-default\">Expert en exportations durables<\/h1>\t\t\t\t<\/div>\n\t\t\t\t<\/div>\n\t\t\t\t<div class=\"elementor-element elementor-element-ee00147 elementor-widget elementor-widget-text-editor\" data-id=\"ee00147\" data-element_type=\"widget\" data-e-type=\"widget\" data-widget_type=\"text-editor.default\">\n\t\t\t\t<div class=\"elementor-widget-container\">\n\t\t\t\t\t\t\t\t\t<p>Chez Calsa, la durabilit\u00e9 est plus qu'un mot \u00e0 la mode. C'est une vision profond\u00e9ment ancr\u00e9e. Depuis la cr\u00e9ation de Calsa en 1939, l'approche durable fait partie int\u00e9grante de la philosophie de l'entreprise. Sur le terrain, dans l'atelier et sur la route.<\/p>\t\t\t\t\t\t\t\t<\/div>\n\t\t\t\t<\/div>\n\t\t\t\t\t<\/div>\n\t\t\t\t<\/div>\n\t\t<div class=\"elementor-element elementor-element-b06f638 e-flex e-con-boxed e-con e-parent\" data-id=\"b06f638\" data-element_type=\"container\" data-e-type=\"container\">\n\t\t\t\t\t<div class=\"e-con-inner\">\n\t\t<div class=\"elementor-element elementor-element-8b5f014 e-con-full e-flex e-con e-child\" data-id=\"8b5f014\" data-element_type=\"container\" data-e-type=\"container\" data-settings=\"{&quot;background_background&quot;:&quot;classic&quot;}\">\n\t\t\t\t<div class=\"elementor-element elementor-element-9f6a794 elementor-widget elementor-widget-image\" data-id=\"9f6a794\" data-element_type=\"widget\" data-e-type=\"widget\" data-widget_type=\"image.default\">\n\t\t\t\t<div class=\"elementor-widget-container\">\n\t\t\t\t\t\t\t\t\t\t\t\t\t\t\t<img alt=\"\" fetchpriority=\"high\" decoding=\"async\" width=\"800\" height=\"534\" src=\"https:\/\/calsa.be\/wp-content\/uploads\/2024\/09\/www.footoo.be-8859_LR-1024x683.jpg\" class=\"attachment-large size-large wp-image-363\" srcset=\"https:\/\/calsa.be\/wp-content\/uploads\/2024\/09\/www.footoo.be-8859_LR-1024x683.jpg 1024w, https:\/\/calsa.be\/wp-content\/uploads\/2024\/09\/www.footoo.be-8859_LR-500x334.jpg 500w, https:\/\/calsa.be\/wp-content\/uploads\/2024\/09\/www.footoo.be-8859_LR-768x512.jpg 768w, https:\/\/calsa.be\/wp-content\/uploads\/2024\/09\/www.footoo.be-8859_LR-1536x1025.jpg 1536w, https:\/\/calsa.be\/wp-content\/uploads\/2024\/09\/www.footoo.be-8859_LR.jpg 1770w\" sizes=\"(max-width: 800px) 100vw, 800px\" \/>\t\t\t\t\t\t\t\t\t\t\t\t\t\t\t<\/div>\n\t\t\t\t<\/div>\n\t\t\t\t<\/div>\n\t\t<div class=\"elementor-element elementor-element-8015532 e-con-full e-flex e-con e-child\" data-id=\"8015532\" data-element_type=\"container\" data-e-type=\"container\">\n\t\t\t\t<div class=\"elementor-element elementor-element-a839576 elementor-widget elementor-widget-heading\" data-id=\"a839576\" data-element_type=\"widget\" data-e-type=\"widget\" data-widget_type=\"heading.default\">\n\t\t\t\t<div class=\"elementor-widget-container\">\n\t\t\t\t\t<h2 class=\"elementor-heading-title elementor-size-default\">R\u00e9seau local\n<\/h2>\t\t\t\t<\/div>\n\t\t\t\t<\/div>\n\t\t\t\t<div class=\"elementor-element elementor-element-f871f7a elementor-widget elementor-widget-text-editor\" data-id=\"f871f7a\" data-element_type=\"widget\" data-e-type=\"widget\" data-widget_type=\"text-editor.default\">\n\t\t\t\t<div class=\"elementor-widget-container\">\n\t\t\t\t\t\t\t\t\t<p>Tant pour les l\u00e9gumes de plein champ que pour les cultures sous serre, Calsa occupe une position strat\u00e9gique. La plus grande partie de l'approvisionnement provient de producteurs locaux. Cela signifie que le transport est limit\u00e9 et que l'empreinte \u00e9cologique est faible sur ce premier maillon de la route.<\/p><p>Cela vaut \u00e9galement pour les achats effectu\u00e9s lors de ventes aux ench\u00e8res en Belgique. Dernier \u00e9l\u00e9ment de cet ancrage local, Calsa soutient \u00e9galement des associations et des \u0153uvres de bienfaisance locales.<\/p>\t\t\t\t\t\t\t\t<\/div>\n\t\t\t\t<\/div>\n\t\t\t\t<\/div>\n\t\t\t\t\t<\/div>\n\t\t\t\t<\/div>\n\t\t<div class=\"elementor-element elementor-element-2c3f257 e-flex e-con-boxed e-con e-parent\" data-id=\"2c3f257\" data-element_type=\"container\" data-e-type=\"container\" data-settings=\"{&quot;background_background&quot;:&quot;classic&quot;}\">\n\t\t\t\t\t<div class=\"e-con-inner\">\n\t\t<div class=\"elementor-element elementor-element-dbd36b3 e-con-full e-flex e-con e-child\" data-id=\"dbd36b3\" data-element_type=\"container\" data-e-type=\"container\">\n\t\t\t\t<div class=\"elementor-element elementor-element-267e8fa elementor-widget elementor-widget-heading\" data-id=\"267e8fa\" data-element_type=\"widget\" data-e-type=\"widget\" data-widget_type=\"heading.default\">\n\t\t\t\t<div class=\"elementor-widget-container\">\n\t\t\t\t\t<h2 class=\"elementor-heading-title elementor-size-default\">Vers une cha\u00eene alimentaire circulaire\n<\/h2>\t\t\t\t<\/div>\n\t\t\t\t<\/div>\n\t\t\t\t<div class=\"elementor-element elementor-element-50469b5 elementor-widget elementor-widget-text-editor\" data-id=\"50469b5\" data-element_type=\"widget\" data-e-type=\"widget\" data-widget_type=\"text-editor.default\">\n\t\t\t\t<div class=\"elementor-widget-container\">\n\t\t\t\t\t\t\t\t\t<p>Une entreprise durable n\u00e9cessite un engagement et une vision pour l'avenir. C'est pourquoi, fin 2017, Calsa a rejoint en tant qu'entreprise pilote un projet d'apprentissage et d'am\u00e9lioration de FVPHouse, l'organisation fa\u00eeti\u00e8re du secteur belge du commerce de gros et de la transformation de pommes de terre, de fruits et de l\u00e9gumes.<\/p><p><strong>Dans le cadre de la trajectoire, des actions concr\u00e8tes seront test\u00e9es autour de<\/strong><\/p><ul><li>la pr\u00e9vention du gaspillage et des pertes alimentaires gr\u00e2ce \u00e0 une bonne ad\u00e9quation entre le produit et l'acheteur<\/li><li>travailler avec moins d'in\u00e9galit\u00e9s sociales, y compris au-del\u00e0 des entreprises et des fronti\u00e8res nationales<\/li><li>Des modes de production et de consommation plus durables.<\/li><\/ul>\t\t\t\t\t\t\t\t<\/div>\n\t\t\t\t<\/div>\n\t\t\t\t<\/div>\n\t\t<div class=\"elementor-element elementor-element-bb7d3b9 e-con-full e-flex e-con e-child\" data-id=\"bb7d3b9\" data-element_type=\"container\" data-e-type=\"container\" data-settings=\"{&quot;background_background&quot;:&quot;classic&quot;}\">\n\t\t\t\t<div class=\"elementor-element elementor-element-1fc33be elementor-widget elementor-widget-image\" data-id=\"1fc33be\" data-element_type=\"widget\" data-e-type=\"widget\" data-widget_type=\"image.default\">\n\t\t\t\t<div class=\"elementor-widget-container\">\n\t\t\t\t\t\t\t\t\t\t\t\t\t\t\t<img alt=\"\" decoding=\"async\" width=\"800\" height=\"534\" src=\"https:\/\/calsa.be\/wp-content\/uploads\/2024\/09\/www.footoo.be-8796_LR-1024x683.jpg\" class=\"attachment-large size-large wp-image-362\" srcset=\"https:\/\/calsa.be\/wp-content\/uploads\/2024\/09\/www.footoo.be-8796_LR-1024x683.jpg 1024w, https:\/\/calsa.be\/wp-content\/uploads\/2024\/09\/www.footoo.be-8796_LR-500x334.jpg 500w, https:\/\/calsa.be\/wp-content\/uploads\/2024\/09\/www.footoo.be-8796_LR-768x512.jpg 768w, https:\/\/calsa.be\/wp-content\/uploads\/2024\/09\/www.footoo.be-8796_LR-1536x1025.jpg 1536w, https:\/\/calsa.be\/wp-content\/uploads\/2024\/09\/www.footoo.be-8796_LR.jpg 1770w\" sizes=\"(max-width: 800px) 100vw, 800px\" \/>\t\t\t\t\t\t\t\t\t\t\t\t\t\t\t<\/div>\n\t\t\t\t<\/div>\n\t\t\t\t<\/div>\n\t\t\t\t\t<\/div>\n\t\t\t\t<\/div>\n\t\t<div class=\"elementor-element elementor-element-4cab30a e-flex e-con-boxed e-con e-parent\" data-id=\"4cab30a\" data-element_type=\"container\" data-e-type=\"container\">\n\t\t\t\t\t<div class=\"e-con-inner\">\n\t\t<div class=\"elementor-element elementor-element-9120a1b e-con-full e-flex e-con e-child\" data-id=\"9120a1b\" data-element_type=\"container\" data-e-type=\"container\" data-settings=\"{&quot;background_background&quot;:&quot;classic&quot;}\">\n\t\t\t\t<div class=\"elementor-element elementor-element-4fbc672 elementor-widget elementor-widget-image\" data-id=\"4fbc672\" data-element_type=\"widget\" data-e-type=\"widget\" data-widget_type=\"image.default\">\n\t\t\t\t<div class=\"elementor-widget-container\">\n\t\t\t\t\t\t\t\t\t\t\t\t\t\t\t<img alt=\"\" decoding=\"async\" width=\"800\" height=\"534\" src=\"https:\/\/calsa.be\/wp-content\/uploads\/2024\/09\/www.footoo.be-0035_LR-1024x683.jpg\" class=\"attachment-large size-large wp-image-358\" srcset=\"https:\/\/calsa.be\/wp-content\/uploads\/2024\/09\/www.footoo.be-0035_LR-1024x683.jpg 1024w, https:\/\/calsa.be\/wp-content\/uploads\/2024\/09\/www.footoo.be-0035_LR-500x334.jpg 500w, https:\/\/calsa.be\/wp-content\/uploads\/2024\/09\/www.footoo.be-0035_LR-768x512.jpg 768w, https:\/\/calsa.be\/wp-content\/uploads\/2024\/09\/www.footoo.be-0035_LR-1536x1025.jpg 1536w, https:\/\/calsa.be\/wp-content\/uploads\/2024\/09\/www.footoo.be-0035_LR.jpg 1770w\" sizes=\"(max-width: 800px) 100vw, 800px\" \/>\t\t\t\t\t\t\t\t\t\t\t\t\t\t\t<\/div>\n\t\t\t\t<\/div>\n\t\t\t\t<\/div>\n\t\t<div class=\"elementor-element elementor-element-70cdff5 e-con-full e-flex e-con e-child\" data-id=\"70cdff5\" data-element_type=\"container\" data-e-type=\"container\">\n\t\t\t\t<div class=\"elementor-element elementor-element-837dc17 elementor-widget elementor-widget-heading\" data-id=\"837dc17\" data-element_type=\"widget\" data-e-type=\"widget\" data-widget_type=\"heading.default\">\n\t\t\t\t<div class=\"elementor-widget-container\">\n\t\t\t\t\t<h2 class=\"elementor-heading-title elementor-size-default\">Pr\u00e8s de 600 panneaux solaires\n<\/h2>\t\t\t\t<\/div>\n\t\t\t\t<\/div>\n\t\t\t\t<div class=\"elementor-element elementor-element-9ca118d elementor-widget elementor-widget-text-editor\" data-id=\"9ca118d\" data-element_type=\"widget\" data-e-type=\"widget\" data-widget_type=\"text-editor.default\">\n\t\t\t\t<div class=\"elementor-widget-container\">\n\t\t\t\t\t\t\t\t\t<p>Il va de soi que les installations de Calsa sont aussi efficaces que possible sur le plan \u00e9nerg\u00e9tique. Par exemple, la chaleur r\u00e9siduelle des r\u00e9frig\u00e9rateurs est utilis\u00e9e pour chauffer certaines parties de l'entreprise.<\/p><p>Mais l'exportateur va encore plus loin. Pas moins de 576 panneaux solaires sont install\u00e9s sur le toit de l'entreprise. De quoi produire 100 000 kWh d'\u00e9nergie par an. Cela repr\u00e9sente plus d'un quart de sa propre consommation.<\/p>\t\t\t\t\t\t\t\t<\/div>\n\t\t\t\t<\/div>\n\t\t\t\t<\/div>\n\t\t\t\t\t<\/div>\n\t\t\t\t<\/div>\n\t\t<div class=\"elementor-element elementor-element-d6ead5a e-flex e-con-boxed e-con e-parent\" data-id=\"d6ead5a\" data-element_type=\"container\" data-e-type=\"container\" data-settings=\"{&quot;background_background&quot;:&quot;classic&quot;}\">\n\t\t\t\t\t<div class=\"e-con-inner\">\n\t\t<div class=\"elementor-element elementor-element-8237cd9 e-con-full e-flex e-con e-child\" data-id=\"8237cd9\" data-element_type=\"container\" data-e-type=\"container\">\n\t\t\t\t<div class=\"elementor-element elementor-element-ea9ea77 elementor-widget elementor-widget-heading\" data-id=\"ea9ea77\" data-element_type=\"widget\" data-e-type=\"widget\" data-widget_type=\"heading.default\">\n\t\t\t\t<div class=\"elementor-widget-container\">\n\t\t\t\t\t<h2 class=\"elementor-heading-title elementor-size-default\">Mat\u00e9riaux recyclables et renouvelables\n<\/h2>\t\t\t\t<\/div>\n\t\t\t\t<\/div>\n\t\t\t\t<div class=\"elementor-element elementor-element-82b835d elementor-widget elementor-widget-text-editor\" data-id=\"82b835d\" data-element_type=\"widget\" data-e-type=\"widget\" data-widget_type=\"text-editor.default\">\n\t\t\t\t<div class=\"elementor-widget-container\">\n\t\t\t\t\t\t\t\t\t<p>Les mat\u00e9riaux d'emballage sont indispensables \u00e0 l'exportation de fruits et l\u00e9gumes. Heureusement, cela ne signifie pas automatiquement des montagnes de d\u00e9chets. Au contraire. Calsa minimise les d\u00e9chets et opte pour des transformateurs sp\u00e9cialis\u00e9s. Au lieu du simple plastique, l'entreprise opte pour des emballages r\u00e9utilisables, tels que l'IFCO ou le PSE.<\/p><p>Le peuplier est utilis\u00e9 pour les caisses en bois, une essence de bois qui pousse rapidement et transforme une bonne quantit\u00e9 de CO2 en oxyg\u00e8ne.<\/p>\t\t\t\t\t\t\t\t<\/div>\n\t\t\t\t<\/div>\n\t\t\t\t<\/div>\n\t\t<div class=\"elementor-element elementor-element-3a0138a e-con-full e-flex e-con e-child\" data-id=\"3a0138a\" data-element_type=\"container\" data-e-type=\"container\" data-settings=\"{&quot;background_background&quot;:&quot;classic&quot;}\">\n\t\t\t\t<div class=\"elementor-element elementor-element-5af30bc elementor-widget elementor-widget-image\" data-id=\"5af30bc\" data-element_type=\"widget\" data-e-type=\"widget\" data-widget_type=\"image.default\">\n\t\t\t\t<div class=\"elementor-widget-container\">\n\t\t\t\t\t\t\t\t\t\t\t\t\t\t\t<img alt=\"\" loading=\"lazy\" decoding=\"async\" width=\"800\" height=\"534\" src=\"https:\/\/calsa.be\/wp-content\/uploads\/2024\/09\/www.footoo.be-8426_LR-1024x683.jpg\" class=\"attachment-large size-large wp-image-357\" srcset=\"https:\/\/calsa.be\/wp-content\/uploads\/2024\/09\/www.footoo.be-8426_LR-1024x683.jpg 1024w, https:\/\/calsa.be\/wp-content\/uploads\/2024\/09\/www.footoo.be-8426_LR-500x334.jpg 500w, https:\/\/calsa.be\/wp-content\/uploads\/2024\/09\/www.footoo.be-8426_LR-768x512.jpg 768w, https:\/\/calsa.be\/wp-content\/uploads\/2024\/09\/www.footoo.be-8426_LR-1536x1025.jpg 1536w, https:\/\/calsa.be\/wp-content\/uploads\/2024\/09\/www.footoo.be-8426_LR.jpg 1770w\" sizes=\"(max-width: 800px) 100vw, 800px\" \/>\t\t\t\t\t\t\t\t\t\t\t\t\t\t\t<\/div>\n\t\t\t\t<\/div>\n\t\t\t\t<\/div>\n\t\t\t\t\t<\/div>\n\t\t\t\t<\/div>\n\t\t<div class=\"elementor-element elementor-element-0ef99f1 e-flex e-con-boxed e-con e-parent\" data-id=\"0ef99f1\" data-element_type=\"container\" data-e-type=\"container\">\n\t\t\t\t\t<div class=\"e-con-inner\">\n\t\t<div class=\"elementor-element elementor-element-576f6c4 e-con-full e-flex e-con e-child\" data-id=\"576f6c4\" data-element_type=\"container\" data-e-type=\"container\" data-settings=\"{&quot;background_background&quot;:&quot;classic&quot;}\">\n\t\t\t\t<div class=\"elementor-element elementor-element-ec34190 elementor-widget elementor-widget-image\" data-id=\"ec34190\" data-element_type=\"widget\" data-e-type=\"widget\" data-widget_type=\"image.default\">\n\t\t\t\t<div class=\"elementor-widget-container\">\n\t\t\t\t\t\t\t\t\t\t\t\t\t\t\t<img alt=\"\" loading=\"lazy\" decoding=\"async\" width=\"800\" height=\"534\" src=\"https:\/\/calsa.be\/wp-content\/uploads\/2024\/09\/www.footoo.be-8591_LR-Copy-1024x683.jpg\" class=\"attachment-large size-large wp-image-356\" srcset=\"https:\/\/calsa.be\/wp-content\/uploads\/2024\/09\/www.footoo.be-8591_LR-Copy-1024x683.jpg 1024w, https:\/\/calsa.be\/wp-content\/uploads\/2024\/09\/www.footoo.be-8591_LR-Copy-500x333.jpg 500w, https:\/\/calsa.be\/wp-content\/uploads\/2024\/09\/www.footoo.be-8591_LR-Copy-768x512.jpg 768w, https:\/\/calsa.be\/wp-content\/uploads\/2024\/09\/www.footoo.be-8591_LR-Copy-1536x1024.jpg 1536w, https:\/\/calsa.be\/wp-content\/uploads\/2024\/09\/www.footoo.be-8591_LR-Copy.jpg 1657w\" sizes=\"(max-width: 800px) 100vw, 800px\" \/>\t\t\t\t\t\t\t\t\t\t\t\t\t\t\t<\/div>\n\t\t\t\t<\/div>\n\t\t\t\t<\/div>\n\t\t<div class=\"elementor-element elementor-element-156a8f5 e-con-full e-flex e-con e-child\" data-id=\"156a8f5\" data-element_type=\"container\" data-e-type=\"container\">\n\t\t\t\t<div class=\"elementor-element elementor-element-089a27e elementor-widget elementor-widget-heading\" data-id=\"089a27e\" data-element_type=\"widget\" data-e-type=\"widget\" data-widget_type=\"heading.default\">\n\t\t\t\t<div class=\"elementor-widget-container\">\n\t\t\t\t\t<h2 class=\"elementor-heading-title elementor-size-default\">9% chargement plus efficace\n<\/h2>\t\t\t\t<\/div>\n\t\t\t\t<\/div>\n\t\t\t\t<div class=\"elementor-element elementor-element-b93c994 elementor-widget elementor-widget-text-editor\" data-id=\"b93c994\" data-element_type=\"widget\" data-e-type=\"widget\" data-widget_type=\"text-editor.default\">\n\t\t\t\t<div class=\"elementor-widget-container\">\n\t\t\t\t\t\t\t\t\t<p>Un chargement optimal et une planification efficace des itin\u00e9raires sont \u00e0 la base de notre transport durable. Nos 14 propres camions - au moins Euro V - ne transportent pas d'air. En concertation avec nos clients, nous chargeons au maximum des palettes compl\u00e8tes.<\/p><p>Nos partenaires externes en mati\u00e8re de transport contribuent \u00e9galement \u00e0 cette distribution durable. Le r\u00e9sultat ? Jusqu'\u00e0 9% de transport plus efficace.<\/p><p>\u00a0<\/p>\t\t\t\t\t\t\t\t<\/div>\n\t\t\t\t<\/div>\n\t\t\t\t<\/div>\n\t\t\t\t\t<\/div>\n\t\t\t\t<\/div>\n\t\t\t\t<\/div>","protected":false},"excerpt":{"rendered":"<p>Expert in duurzame export Bij Calsa is duurzaamheid meer dan een modewoord. Het is een diepgewortelde visie. Al sinds de oprichting van Calsa \u2013 in 1939 \u2013 maakt een duurzame aanpak inherent deel uit van de bedrijfsfilosofie. Op het veld, op de werkvloer \u00e9n op de weg. Lokaal netwerk Zowel voor vollegrondsgroenten als voor serreteelt [&hellip;]<\/p>\n","protected":false},"author":1,"featured_media":0,"parent":0,"menu_order":0,"comment_status":"closed","ping_status":"closed","template":"","meta":{"_seopress_robots_primary_cat":"","_seopress_titles_title":"","_seopress_titles_desc":"","_seopress_robots_index":"","iawp_total_views":362,"footnotes":""},"class_list":["post-27","page","type-page","status-publish","hentry"],"_links":{"self":[{"href":"https:\/\/calsa.be\/fr\/wp-json\/wp\/v2\/pages\/27","targetHints":{"allow":["GET"]}}],"collection":[{"href":"https:\/\/calsa.be\/fr\/wp-json\/wp\/v2\/pages"}],"about":[{"href":"https:\/\/calsa.be\/fr\/wp-json\/wp\/v2\/types\/page"}],"author":[{"embeddable":true,"href":"https:\/\/calsa.be\/fr\/wp-json\/wp\/v2\/users\/1"}],"replies":[{"embeddable":true,"href":"https:\/\/calsa.be\/fr\/wp-json\/wp\/v2\/comments?post=27"}],"version-history":[{"count":22,"href":"https:\/\/calsa.be\/fr\/wp-json\/wp\/v2\/pages\/27\/revisions"}],"predecessor-version":[{"id":569,"href":"https:\/\/calsa.be\/fr\/wp-json\/wp\/v2\/pages\/27\/revisions\/569"}],"wp:attachment":[{"href":"https:\/\/calsa.be\/fr\/wp-json\/wp\/v2\/media?parent=27"}],"curies":[{"name":"wp","href":"https:\/\/api.w.org\/{rel}","templated":true}]}}