{"id":678,"date":"2026-03-20T15:40:49","date_gmt":"2026-03-20T14:40:49","guid":{"rendered":"https:\/\/calsa.be\/?page_id=678"},"modified":"2026-03-26T10:37:59","modified_gmt":"2026-03-26T09:37:59","slug":"emplois","status":"publish","type":"page","link":"https:\/\/calsa.be\/fr\/jobs\/","title":{"rendered":"Emplois"},"content":{"rendered":"<div data-elementor-type=\"wp-page\" data-elementor-id=\"678\" class=\"elementor elementor-678\" data-elementor-post-type=\"page\">\n\t\t\t\t<div class=\"elementor-element elementor-element-0686d59 e-flex e-con-boxed e-con e-parent\" data-id=\"0686d59\" data-element_type=\"container\" data-e-type=\"container\" data-settings=\"{&quot;background_background&quot;:&quot;classic&quot;}\">\n\t\t\t\t\t<div class=\"e-con-inner\">\n\t\t\t\t<div class=\"elementor-element elementor-element-4c43079 elementor-widget elementor-widget-heading\" data-id=\"4c43079\" data-element_type=\"widget\" data-e-type=\"widget\" data-widget_type=\"heading.default\">\n\t\t\t\t<div class=\"elementor-widget-container\">\n\t\t\t\t\t<h1 class=\"elementor-heading-title elementor-size-default\">Emplois<\/h1>\t\t\t\t<\/div>\n\t\t\t\t<\/div>\n\t\t\t\t<div class=\"elementor-element elementor-element-8f8e50a elementor-widget elementor-widget-text-editor\" data-id=\"8f8e50a\" data-element_type=\"widget\" data-e-type=\"widget\" data-widget_type=\"text-editor.default\">\n\t\t\t\t<div class=\"elementor-widget-container\">\n\t\t\t\t\t\t\t\t\t<p>Vous cherchez un endroit o\u00f9 vos efforts comptent et o\u00f9 vous faites vraiment partie de l'histoire ? Consultez nos postes vacants et d\u00e9couvrez quelle est votre place au sein de notre \u00e9quipe.<\/p>\t\t\t\t\t\t\t\t<\/div>\n\t\t\t\t<\/div>\n\t\t\t\t\t<\/div>\n\t\t\t\t<\/div>\n\t\t<div class=\"elementor-element elementor-element-aa14255 e-flex e-con-boxed e-con e-parent\" data-id=\"aa14255\" data-element_type=\"container\" data-e-type=\"container\" data-settings=\"{&quot;background_background&quot;:&quot;classic&quot;}\">\n\t\t\t\t\t<div class=\"e-con-inner\">\n\t\t<div class=\"elementor-element elementor-element-925d75a e-con-full e-flex e-con e-child\" data-id=\"925d75a\" data-element_type=\"container\" data-e-type=\"container\">\n\t\t\t\t<div class=\"elementor-element elementor-element-cb6dd64 elementor-widget elementor-widget-heading\" data-id=\"cb6dd64\" data-element_type=\"widget\" data-e-type=\"widget\" data-widget_type=\"heading.default\">\n\t\t\t\t<div class=\"elementor-widget-container\">\n\t\t\t\t\t<h2 class=\"elementor-heading-title elementor-size-default\">Assistant administratif financier<\/h2>\t\t\t\t<\/div>\n\t\t\t\t<\/div>\n\t\t\t\t<div class=\"elementor-element elementor-element-3b07ce0 elementor-widget elementor-widget-text-editor\" data-id=\"3b07ce0\" data-element_type=\"widget\" data-e-type=\"widget\" data-widget_type=\"text-editor.default\">\n\t\t\t\t<div class=\"elementor-widget-container\">\n\t\t\t\t\t\t\t\t\t<p>Vous aimez mettre de l'ordre dans les chiffres et travailler avec un sens aigu du d\u00e9tail ? Vous aimez faire partie d'une \u00e9quipe familiale et soud\u00e9e o\u00f9 votre travail compte vraiment ? Alors vous \u00eates peut-\u00eatre le coll\u00e8gue que nous recherchons chez Calsa.<\/p><p>En tant qu'assistant(e) administratif(ve) financier(\u00e8re), vous travaillerez en \u00e9troite collaboration avec notre responsable financier(\u00e8re). Vous assurerez le traitement correct et opportun des t\u00e2ches administratives financi\u00e8res, depuis les paiements et les d\u00e9penses jusqu'aux comptes d\u00e9biteurs et aux assurances. Votre pr\u00e9cision contribue directement \u00e0 la sant\u00e9 financi\u00e8re de Calsa et de la structure de holding au sens large.<\/p>\t\t\t\t\t\t\t\t<\/div>\n\t\t\t\t<\/div>\n\t\t\t\t<div class=\"elementor-element elementor-element-94025c3 elementor-widget elementor-widget-heading\" data-id=\"94025c3\" data-element_type=\"widget\" data-e-type=\"widget\" data-widget_type=\"heading.default\">\n\t\t\t\t<div class=\"elementor-widget-container\">\n\t\t\t\t\t<h2 class=\"elementor-heading-title elementor-size-default\">Plus pr\u00e9cis\u00e9ment, que faites-vous ?<\/h2>\t\t\t\t<\/div>\n\t\t\t\t<\/div>\n\t\t\t\t<div class=\"elementor-element elementor-element-a82b123 elementor-widget elementor-widget-text-editor\" data-id=\"a82b123\" data-element_type=\"widget\" data-e-type=\"widget\" data-widget_type=\"text-editor.default\">\n\t\t\t\t<div class=\"elementor-widget-container\">\n\t\t\t\t\t\t\t\t\t<ul><li><strong>Gestion des paiements : <\/strong>vous pointez les paiements et pr\u00e9parez les paiements sortants pour approbation, de sorte que nous surveillons ensemble le flux de tr\u00e9sorerie.<\/li><li><strong>Comptes d\u00e9biteurs : <\/strong>Vous suivez les factures des clients et signalez les retards de paiement au directeur financier en temps voulu.<\/li><li><strong>Gestion des assurances : <\/strong>Vous g\u00e9rez les polices, d\u00e9clarez les sinistres et assurez la liaison avec les compagnies d'assurance.<\/li><li><strong>Gestion des d\u00e9penses : <\/strong>Vous pr\u00e9parez, contr\u00f4lez et traitez les notes de frais conform\u00e9ment aux proc\u00e9dures internes.<\/li><li><strong>BTW : <\/strong>Vous assurez la r\u00e9conciliation des transactions entre les diff\u00e9rentes soci\u00e9t\u00e9s du groupe et participez \u00e0 la pr\u00e9paration des d\u00e9clarations de TVA.<\/li><li><strong>D\u00e9clarations Intrastat :<\/strong> traiter et suivre les d\u00e9clarations intrastat pour les flux transfrontaliers de marchandises au sein de l'UE.<\/li><li><strong>Soutien administratif : <\/strong>en l'absence de coll\u00e8gues, vous sautez dans<\/li><li><strong>Archivage : <\/strong>vous classez et archivez les documents financiers de mani\u00e8re correcte et s\u00e9quentielle.<\/li><\/ul>\t\t\t\t\t\t\t\t<\/div>\n\t\t\t\t<\/div>\n\t\t\t\t<div class=\"elementor-element elementor-element-c9827b5 elementor-widget elementor-widget-heading\" data-id=\"c9827b5\" data-element_type=\"widget\" data-e-type=\"widget\" data-widget_type=\"heading.default\">\n\t\t\t\t<div class=\"elementor-widget-container\">\n\t\t\t\t\t<h2 class=\"elementor-heading-title elementor-size-default\">Qui \u00eates-vous ?<\/h2>\t\t\t\t<\/div>\n\t\t\t\t<\/div>\n\t\t\t\t<div class=\"elementor-element elementor-element-cafcd03 elementor-widget elementor-widget-text-editor\" data-id=\"cafcd03\" data-element_type=\"widget\" data-e-type=\"widget\" data-widget_type=\"text-editor.default\">\n\t\t\t\t<div class=\"elementor-widget-container\">\n\t\t\t\t\t\t\t\t\t<ul><li>Vous avez au moins deux ans d'exp\u00e9rience dans un poste d'administration financi\u00e8re.<\/li><li>Vous disposez d'une large connaissance de base de la l\u00e9gislation comptable belge et de la r\u00e9glementation en mati\u00e8re de TVA.<\/li><li>Vous utilisez couramment MS Office (Excel, Word, Outlook) ; une exp\u00e9rience avec un progiciel de gestion int\u00e9gr\u00e9 (ERP) ou un logiciel de comptabilit\u00e9 est un atout.<\/li><li>Vous parlez et \u00e9crivez couramment le n\u00e9erlandais. Le fran\u00e7ais, l'anglais ou d'autres langues commerciales sont un atout.<\/li><li>Vous \u00eates pr\u00e9cis, fiable et discret, m\u00eame sous la pression du temps.<\/li><li>Vous communiquez clairement et aimez travailler au sein d'une petite \u00e9quipe engag\u00e9e.<\/li><li>Vous avez un permis de conduire B.<\/li><\/ul>\t\t\t\t\t\t\t\t<\/div>\n\t\t\t\t<\/div>\n\t\t\t\t<div class=\"elementor-element elementor-element-d978a87 elementor-widget elementor-widget-heading\" data-id=\"d978a87\" data-element_type=\"widget\" data-e-type=\"widget\" data-widget_type=\"heading.default\">\n\t\t\t\t<div class=\"elementor-widget-container\">\n\t\t\t\t\t<h2 class=\"elementor-heading-title elementor-size-default\">Qu'est-ce que nous vous offrons ?<\/h2>\t\t\t\t<\/div>\n\t\t\t\t<\/div>\n\t\t\t\t<div class=\"elementor-element elementor-element-9b49259 elementor-widget elementor-widget-text-editor\" data-id=\"9b49259\" data-element_type=\"widget\" data-e-type=\"widget\" data-widget_type=\"text-editor.default\">\n\t\t\t\t<div class=\"elementor-widget-container\">\n\t\t\t\t\t\t\t\t\t<ul><li>Poste permanent au sein d'une entreprise familiale stable et en pleine expansion.<\/li><li>Une \u00e9quipe chaleureuse o\u00f9 vos efforts sont per\u00e7us et appr\u00e9ci\u00e9s.<\/li><li>Lignes de communication courtes et place \u00e0 l'initiative personnelle.<\/li><li>Un package salarial comp\u00e9titif en fonction de votre exp\u00e9rience.<\/li><\/ul><p>\u00a0<\/p><p><strong>Convaincu(e) ? Envoyez votre CV et votre lettre de motivation \u00e0 <a href=\"mailto:jobs@calsa.be\">jobs@calsa.be<\/a> et nous vous en informerons bient\u00f4t. Nous nous r\u00e9jouissons de faire votre connaissance !<\/strong><\/p>\t\t\t\t\t\t\t\t<\/div>\n\t\t\t\t<\/div>\n\t\t\t\t<div class=\"elementor-element elementor-element-93ddb66 elementor-widget elementor-widget-heading\" data-id=\"93ddb66\" data-element_type=\"widget\" data-e-type=\"widget\" data-widget_type=\"heading.default\">\n\t\t\t\t<div class=\"elementor-widget-container\">\n\t\t\t\t\t<h2 class=\"elementor-heading-title elementor-size-default\">Travailler \u00e0 Calsa<\/h2>\t\t\t\t<\/div>\n\t\t\t\t<\/div>\n\t\t\t\t<div class=\"elementor-element elementor-element-66be4e0 elementor-widget elementor-widget-text-editor\" data-id=\"66be4e0\" data-element_type=\"widget\" data-e-type=\"widget\" data-widget_type=\"text-editor.default\">\n\t\t\t\t<div class=\"elementor-widget-container\">\n\t\t\t\t\t\t\t\t\t<p>Chez Calsa, nous accordons une grande importance \u00e0 la fa\u00e7on dont nous travaillons ensemble. Nous recherchons quelqu'un qui est fort en.. :<\/p><p><strong>Pr\u00e9cision<\/strong>: effectuer des t\u00e2ches m\u00e9ticuleuses avec le souci du d\u00e9tail.<\/p><p><strong>Fiabilit\u00e9<\/strong>: respecter les rendez-vous et travailler selon les proc\u00e9dures.<\/p><p><strong>Collaborer<\/strong>: contribuer activement \u00e0 l'\u00e9quipe et aux r\u00e9sultats communs.<\/p><p><strong>Communiquer<\/strong>: \u00e9tablir des contacts de mani\u00e8re claire et spontan\u00e9e, d\u00e9livrer des messages de mani\u00e8re claire.<\/p><p><strong>L'orientation client<\/strong>Le r\u00f4le de l'Union europ\u00e9enne : \u00eatre \u00e0 l'\u00e9coute des besoins et agir de mani\u00e8re proactive.<\/p>\t\t\t\t\t\t\t\t<\/div>\n\t\t\t\t<\/div>\n\t\t\t\t<\/div>\n\t\t<div class=\"elementor-element elementor-element-cbfe5cb e-con-full e-flex e-con e-child\" data-id=\"cbfe5cb\" data-element_type=\"container\" data-e-type=\"container\" data-settings=\"{&quot;background_background&quot;:&quot;classic&quot;}\">\n\t\t\t\t<div class=\"elementor-element elementor-element-328e76b elementor-widget elementor-widget-image\" data-id=\"328e76b\" data-element_type=\"widget\" data-e-type=\"widget\" data-widget_type=\"image.default\">\n\t\t\t\t<div class=\"elementor-widget-container\">\n\t\t\t\t\t\t\t\t\t\t\t\t\t\t\t<img alt=\"\" fetchpriority=\"high\" decoding=\"async\" width=\"800\" height=\"534\" src=\"https:\/\/calsa.be\/wp-content\/uploads\/2024\/09\/Calsa-klanten1-1024x683.jpg\" class=\"attachment-large size-large wp-image-151\" srcset=\"https:\/\/calsa.be\/wp-content\/uploads\/2024\/09\/Calsa-klanten1-1024x683.jpg 1024w, https:\/\/calsa.be\/wp-content\/uploads\/2024\/09\/Calsa-klanten1-500x334.jpg 500w, https:\/\/calsa.be\/wp-content\/uploads\/2024\/09\/Calsa-klanten1-768x512.jpg 768w, https:\/\/calsa.be\/wp-content\/uploads\/2024\/09\/Calsa-klanten1-1536x1025.jpg 1536w, https:\/\/calsa.be\/wp-content\/uploads\/2024\/09\/Calsa-klanten1.jpg 1770w\" sizes=\"(max-width: 800px) 100vw, 800px\" \/>\t\t\t\t\t\t\t\t\t\t\t\t\t\t\t<\/div>\n\t\t\t\t<\/div>\n\t\t\t\t<\/div>\n\t\t\t\t\t<\/div>\n\t\t\t\t<\/div>\n\t\t\t\t<\/div>","protected":false},"excerpt":{"rendered":"<p>Jobs Op zoek naar een plek waar jouw inzet telt en je \u00e9cht deel uitmaakt van het verhaal? Bekijk onze openstaande vacatures en ontdek waar jij past binnen ons team. Financieel administratief bediende Ben jij iemand die graag orde schept in cijfers en met een scherp oog voor detail werkt? Vind je het fijn om [&hellip;]<\/p>\n","protected":false},"author":5,"featured_media":0,"parent":0,"menu_order":0,"comment_status":"closed","ping_status":"closed","template":"","meta":{"_seopress_robots_primary_cat":"","_seopress_titles_title":"","_seopress_titles_desc":"","_seopress_robots_index":"","iawp_total_views":167,"footnotes":""},"class_list":["post-678","page","type-page","status-publish","hentry"],"_links":{"self":[{"href":"https:\/\/calsa.be\/fr\/wp-json\/wp\/v2\/pages\/678","targetHints":{"allow":["GET"]}}],"collection":[{"href":"https:\/\/calsa.be\/fr\/wp-json\/wp\/v2\/pages"}],"about":[{"href":"https:\/\/calsa.be\/fr\/wp-json\/wp\/v2\/types\/page"}],"author":[{"embeddable":true,"href":"https:\/\/calsa.be\/fr\/wp-json\/wp\/v2\/users\/5"}],"replies":[{"embeddable":true,"href":"https:\/\/calsa.be\/fr\/wp-json\/wp\/v2\/comments?post=678"}],"version-history":[{"count":3,"href":"https:\/\/calsa.be\/fr\/wp-json\/wp\/v2\/pages\/678\/revisions"}],"predecessor-version":[{"id":698,"href":"https:\/\/calsa.be\/fr\/wp-json\/wp\/v2\/pages\/678\/revisions\/698"}],"wp:attachment":[{"href":"https:\/\/calsa.be\/fr\/wp-json\/wp\/v2\/media?parent=678"}],"curies":[{"name":"wp","href":"https:\/\/api.w.org\/{rel}","templated":true}]}}